
{"id":955,"date":"2024-08-07T11:06:28","date_gmt":"2024-08-07T03:06:28","guid":{"rendered":"https:\/\/www.xunshi-alloy.com\/?page_id=955"},"modified":"2025-10-17T09:32:41","modified_gmt":"2025-10-17T01:32:41","slug":"blogs","status":"publish","type":"page","link":"https:\/\/www.xunshi-alloy.com\/de\/blogs\/","title":{"rendered":"Blog"},"content":{"rendered":"<div data-elementor-type=\"wp-page\" data-elementor-id=\"955\" class=\"elementor elementor-955\" data-elementor-post-type=\"page\">\n\t\t\t\t<div class=\"elementor-element elementor-element-3d5d50b e-flex e-con-boxed e-con e-parent\" data-id=\"3d5d50b\" data-element_type=\"container\" data-settings=\"{&quot;background_background&quot;:&quot;classic&quot;,&quot;background_motion_fx_motion_fx_scrolling&quot;:&quot;yes&quot;,&quot;background_motion_fx_translateY_effect&quot;:&quot;yes&quot;,&quot;background_motion_fx_translateY_direction&quot;:&quot;negative&quot;,&quot;background_motion_fx_translateY_speed&quot;:{&quot;unit&quot;:&quot;px&quot;,&quot;size&quot;:6,&quot;sizes&quot;:[]},&quot;background_motion_fx_translateY_affectedRange&quot;:{&quot;unit&quot;:&quot;%&quot;,&quot;size&quot;:&quot;&quot;,&quot;sizes&quot;:{&quot;start&quot;:0,&quot;end&quot;:100}},&quot;background_motion_fx_devices&quot;:[&quot;desktop&quot;,&quot;tablet&quot;,&quot;mobile&quot;]}\">\n\t\t\t\t\t<div class=\"e-con-inner\">\n\t\t<div class=\"elementor-element elementor-element-4989e02 e-con-full e-flex e-con e-child\" data-id=\"4989e02\" data-element_type=\"container\">\n\t\t<div class=\"elementor-element elementor-element-1679e41 e-con-full e-flex e-con e-child\" data-id=\"1679e41\" data-element_type=\"container\">\n\t\t<div class=\"elementor-element elementor-element-73b0bbe e-con-full e-flex e-con e-child\" data-id=\"73b0bbe\" data-element_type=\"container\">\n\t\t<div class=\"elementor-element elementor-element-e6b6110 e-con-full e-flex e-con e-child\" data-id=\"e6b6110\" data-element_type=\"container\">\n\t\t\t\t<div class=\"elementor-element elementor-element-23886f6 elementor-invisible elementor-widget elementor-widget-text-editor\" data-id=\"23886f6\" data-element_type=\"widget\" data-settings=\"{&quot;_animation&quot;:&quot;fadeIn&quot;,&quot;_animation_delay&quot;:480}\" data-widget_type=\"text-editor.default\">\n\t\t\t\t<div class=\"elementor-widget-container\">\n\t\t\t<style>\/*! elementor - v3.21.0 - 18-04-2024 *\/\n.elementor-widget-text-editor.elementor-drop-cap-view-stacked .elementor-drop-cap{background-color:#69727d;color:#fff}.elementor-widget-text-editor.elementor-drop-cap-view-framed .elementor-drop-cap{color:#69727d;border:3px solid;background-color:transparent}.elementor-widget-text-editor:not(.elementor-drop-cap-view-default) .elementor-drop-cap{margin-top:8px}.elementor-widget-text-editor:not(.elementor-drop-cap-view-default) .elementor-drop-cap-letter{width:1em;height:1em}.elementor-widget-text-editor .elementor-drop-cap{float:left;text-align:center;line-height:1;font-size:50px}.elementor-widget-text-editor .elementor-drop-cap-letter{display:inline-block}<\/style>\t\t\t\t<p>Professioneller Lieferant von Hochleistungslegierungen!<\/p>\t\t\t\t\t\t<\/div>\n\t\t\t\t<\/div>\n\t\t\t\t<\/div>\n\t\t\t\t<\/div>\n\t\t\t\t<\/div>\n\t\t\t\t<\/div>\n\t\t\t\t\t<\/div>\n\t\t\t\t<\/div>\n\t\t<div class=\"elementor-element elementor-element-8911bfe e-flex e-con-boxed e-con e-parent\" data-id=\"8911bfe\" data-element_type=\"container\">\n\t\t\t\t\t<div class=\"e-con-inner\">\n\t\t\t\t<div class=\"elementor-element elementor-element-2af430d elementor-grid-3 elementor-grid-tablet-2 elementor-grid-mobile-1 elementor-posts--thumbnail-top elementor-posts--show-avatar elementor-card-shadow-yes elementor-posts__hover-gradient elementor-widget elementor-widget-posts\" data-id=\"2af430d\" data-element_type=\"widget\" data-settings=\"{&quot;cards_columns&quot;:&quot;3&quot;,&quot;cards_columns_tablet&quot;:&quot;2&quot;,&quot;cards_columns_mobile&quot;:&quot;1&quot;,&quot;cards_row_gap&quot;:{&quot;unit&quot;:&quot;px&quot;,&quot;size&quot;:35,&quot;sizes&quot;:[]},&quot;cards_row_gap_tablet&quot;:{&quot;unit&quot;:&quot;px&quot;,&quot;size&quot;:&quot;&quot;,&quot;sizes&quot;:[]},&quot;cards_row_gap_mobile&quot;:{&quot;unit&quot;:&quot;px&quot;,&quot;size&quot;:&quot;&quot;,&quot;sizes&quot;:[]}}\" data-widget_type=\"posts.cards\">\n\t\t\t\t<div class=\"elementor-widget-container\">\n\t\t\t<link rel=\"stylesheet\" href=\"https:\/\/www.xunshi-alloy.com\/wp-content\/plugins\/elementor-pro\/assets\/css\/widget-posts.min.css\">\t\t<div class=\"elementor-posts-container elementor-posts elementor-posts--skin-cards elementor-grid\">\n\t\t\t\t<article class=\"elementor-post elementor-grid-item post-2299 post type-post status-publish format-standard has-post-thumbnail hentry category-cases\">\n\t\t\t<div class=\"elementor-post__card\">\n\t\t\t\t<a class=\"elementor-post__thumbnail__link\" href=\"https:\/\/www.xunshi-alloy.com\/de\/cases\/elgiloy-strip-used-in-spring-energized-seal\/\" tabindex=\"-1\" ><div class=\"elementor-post__thumbnail\"><img fetchpriority=\"high\" decoding=\"async\" width=\"500\" height=\"500\" src=\"https:\/\/www.xunshi-alloy.com\/wp-content\/uploads\/sites\/553\/2025\/10\/ad24204136-elgiloy_strip_used_in_spring_energized_seal.jpg\" class=\"attachment-full size-full wp-image-2302\" alt=\"\" srcset=\"https:\/\/www.xunshi-alloy.com\/wp-content\/uploads\/sites\/553\/2025\/10\/ad24204136-elgiloy_strip_used_in_spring_energized_seal.jpg 500w, https:\/\/www.xunshi-alloy.com\/wp-content\/uploads\/sites\/553\/2025\/10\/ad24204136-elgiloy_strip_used_in_spring_energized_seal-12x12.jpg 12w, https:\/\/www.xunshi-alloy.com\/wp-content\/uploads\/sites\/553\/2025\/10\/ad24204136-elgiloy_strip_used_in_spring_energized_seal-300x300.jpg 300w, https:\/\/www.xunshi-alloy.com\/wp-content\/uploads\/sites\/553\/2025\/10\/ad24204136-elgiloy_strip_used_in_spring_energized_seal-100x100.jpg 100w\" sizes=\"(max-width: 500px) 100vw, 500px\" \/><\/div><\/a>\n\t\t\t\t<div class=\"elementor-post__badge\">F\u00e4lle<\/div>\n\t\t\t\t<div class=\"elementor-post__avatar\">\n\t\t\t<img onerror=\"this.onerror=null;this.src='https:\/\/www.xunshi-alloy.com\/wp-content\/plugins\/wpavatar\/assets\/images\/default-avatar.png';\" alt='Gongjijun' src='https:\/\/cravatar.com\/avatar\/84fcd03d907a5065d1aa5c959852977a?s=128&#038;d=mm&#038;r=g&#038;cache-key=84fcd03d907a5065d1aa5c959852977a' srcset='https:\/\/cravatar.com\/avatar\/84fcd03d907a5065d1aa5c959852977a?s=256&#038;d=mm&#038;r=g&#038;cache-key=84fcd03d907a5065d1aa5c959852977a 2x' class='avatar avatar-128 photo' height='128' width='128'  data-timeout=\"5\"\/>\t\t<\/div>\n\t\t\t\t<div class=\"elementor-post__text\">\n\t\t\t\t<h3 class=\"elementor-post__title\">\n\t\t\t<a href=\"https:\/\/www.xunshi-alloy.com\/de\/cases\/elgiloy-strip-used-in-spring-energized-seal\/\" >\n\t\t\t\tElgiloy Streifen f\u00fcr Spring Plus Energy Dichtung\t\t\t<\/a>\n\t\t<\/h3>\n\t\t\t\t<div class=\"elementor-post__excerpt\">\n\t\t\t<p>Federbelastete Dichtungen werden h\u00e4ufig in der Luft- und Raumfahrt Kernenergie Chemikalien und Kunststoffen Halbleiter und Vakuumr\u00e4ume<\/p>\n\t\t<\/div>\n\t\t\n\t\t<a class=\"elementor-post__read-more\" href=\"https:\/\/www.xunshi-alloy.com\/de\/cases\/elgiloy-strip-used-in-spring-energized-seal\/\" aria-label=\"Erfahren Sie mehr \u00fcber Elgiloy Streifen f\u00fcr federbet\u00e4tigte Dichtungen\" tabindex=\"-1\" >\n\t\t\tLesen Sie mehr \u00bb\t\t<\/a>\n\n\t\t\t\t<\/div>\n\t\t\t\t\t<\/div>\n\t\t<\/article>\n\t\t\t\t<article class=\"elementor-post elementor-grid-item post-1448 post type-post status-publish format-standard has-post-thumbnail hentry category-cases\">\n\t\t\t<div class=\"elementor-post__card\">\n\t\t\t\t<a class=\"elementor-post__thumbnail__link\" href=\"https:\/\/www.xunshi-alloy.com\/de\/cases\/316lvm-capillary-for-body-implants-cardiovascular-stent\/\" tabindex=\"-1\" ><div class=\"elementor-post__thumbnail\"><img decoding=\"async\" width=\"500\" height=\"375\" src=\"https:\/\/www.xunshi-alloy.com\/wp-content\/uploads\/sites\/553\/2025\/10\/ad124336552-316lvm_capillary_for_body_implants_cardiovascular_stent.jpg\" class=\"attachment-full size-full wp-image-1451\" alt=\"\" srcset=\"https:\/\/www.xunshi-alloy.com\/wp-content\/uploads\/sites\/553\/2025\/10\/ad124336552-316lvm_capillary_for_body_implants_cardiovascular_stent.jpg 500w, https:\/\/www.xunshi-alloy.com\/wp-content\/uploads\/sites\/553\/2025\/10\/ad124336552-316lvm_capillary_for_body_implants_cardiovascular_stent-16x12.jpg 16w\" sizes=\"(max-width: 500px) 100vw, 500px\" \/><\/div><\/a>\n\t\t\t\t<div class=\"elementor-post__badge\">F\u00e4lle<\/div>\n\t\t\t\t<div class=\"elementor-post__avatar\">\n\t\t\t<img onerror=\"this.onerror=null;this.src='https:\/\/www.xunshi-alloy.com\/wp-content\/plugins\/wpavatar\/assets\/images\/default-avatar.png';\" alt='Gongjijun' src='https:\/\/cravatar.com\/avatar\/84fcd03d907a5065d1aa5c959852977a?s=128&#038;d=mm&#038;r=g&#038;cache-key=84fcd03d907a5065d1aa5c959852977a' srcset='https:\/\/cravatar.com\/avatar\/84fcd03d907a5065d1aa5c959852977a?s=256&#038;d=mm&#038;r=g&#038;cache-key=84fcd03d907a5065d1aa5c959852977a 2x' class='avatar avatar-128 photo' height='128' width='128'  data-timeout=\"5\"\/>\t\t<\/div>\n\t\t\t\t<div class=\"elementor-post__text\">\n\t\t\t\t<h3 class=\"elementor-post__title\">\n\t\t\t<a href=\"https:\/\/www.xunshi-alloy.com\/de\/cases\/316lvm-capillary-for-body-implants-cardiovascular-stent\/\" >\n\t\t\t\t316LVM Kapillarr\u00f6hre f\u00fcr kardiovaskul\u00e4re Stent f\u00fcr K\u00f6rperimplantate\t\t\t<\/a>\n\t\t<\/h3>\n\t\t\t\t<div class=\"elementor-post__excerpt\">\n\t\t\t<p>316LVM = UNS S31673 Spezifikation: ASTM F138 &amp; F139 Eigenschaften von 316LVM Hohe Festigkeit Hohe Dauerfestigkeit Ausgezeichnete Mikrosauberkeit Ausgezeichnete strukturelle Gleichm\u00e4\u00dfigkeit Hohe Oberfl\u00e4chenbeschaffenheit Einf\u00fchrung in 316LVM<\/p>\n\t\t<\/div>\n\t\t\n\t\t<a class=\"elementor-post__read-more\" href=\"https:\/\/www.xunshi-alloy.com\/de\/cases\/316lvm-capillary-for-body-implants-cardiovascular-stent\/\" aria-label=\"Lesen Sie mehr \u00fcber 316LVM Kapillarr\u00f6hrchen f\u00fcr K\u00f6rperimplantate Herz-Kreislauf-Stent\" tabindex=\"-1\" >\n\t\t\tLesen Sie mehr \u00bb\t\t<\/a>\n\n\t\t\t\t<\/div>\n\t\t\t\t\t<\/div>\n\t\t<\/article>\n\t\t\t\t<article class=\"elementor-post elementor-grid-item post-1419 post type-post status-publish format-standard has-post-thumbnail hentry category-news\">\n\t\t\t<div class=\"elementor-post__card\">\n\t\t\t\t<a class=\"elementor-post__thumbnail__link\" href=\"https:\/\/www.xunshi-alloy.com\/de\/news\/magnetic-shape-memory-alloy-introduction\/\" tabindex=\"-1\" ><div class=\"elementor-post__thumbnail\"><img decoding=\"async\" width=\"500\" height=\"359\" src=\"https:\/\/www.xunshi-alloy.com\/wp-content\/uploads\/sites\/553\/2025\/10\/nd23520166-magnetic_shape_memory_alloy_introduction.jpg\" class=\"attachment-full size-full wp-image-1422\" alt=\"\" srcset=\"https:\/\/www.xunshi-alloy.com\/wp-content\/uploads\/sites\/553\/2025\/10\/nd23520166-magnetic_shape_memory_alloy_introduction.jpg 500w, https:\/\/www.xunshi-alloy.com\/wp-content\/uploads\/sites\/553\/2025\/10\/nd23520166-magnetic_shape_memory_alloy_introduction-18x12.jpg 18w\" sizes=\"(max-width: 500px) 100vw, 500px\" \/><\/div><\/a>\n\t\t\t\t<div class=\"elementor-post__badge\">Neuigkeiten<\/div>\n\t\t\t\t<div class=\"elementor-post__avatar\">\n\t\t\t<img onerror=\"this.onerror=null;this.src='https:\/\/www.xunshi-alloy.com\/wp-content\/plugins\/wpavatar\/assets\/images\/default-avatar.png';\" alt='Gongjijun' src='https:\/\/cravatar.com\/avatar\/84fcd03d907a5065d1aa5c959852977a?s=128&#038;d=mm&#038;r=g&#038;cache-key=84fcd03d907a5065d1aa5c959852977a' srcset='https:\/\/cravatar.com\/avatar\/84fcd03d907a5065d1aa5c959852977a?s=256&#038;d=mm&#038;r=g&#038;cache-key=84fcd03d907a5065d1aa5c959852977a 2x' class='avatar avatar-128 photo' height='128' width='128'  data-timeout=\"5\"\/>\t\t<\/div>\n\t\t\t\t<div class=\"elementor-post__text\">\n\t\t\t\t<h3 class=\"elementor-post__title\">\n\t\t\t<a href=\"https:\/\/www.xunshi-alloy.com\/de\/news\/magnetic-shape-memory-alloy-introduction\/\" >\n\t\t\t\tEinf\u00fchrung in magnetische Formged\u00e4chtnislegierungen\t\t\t<\/a>\n\t\t<\/h3>\n\t\t\t\t<div class=\"elementor-post__excerpt\">\n\t\t\t<p>Magnetische Formged\u00e4chtnislegierungen sind ferromagnetische Materialien, die Kr\u00e4fte und Bewegungen unter mittleren Magnetfeldern erzeugen. Einkristalline Legierungen, \u00fcblicherweise aus Nickel, Mangan<\/p>\n\t\t<\/div>\n\t\t\n\t\t<a class=\"elementor-post__read-more\" href=\"https:\/\/www.xunshi-alloy.com\/de\/news\/magnetic-shape-memory-alloy-introduction\/\" aria-label=\"Lesen Sie mehr \u00fcber Einf\u00fchrung in magnetische Formged\u00e4chtnislegierungen\" tabindex=\"-1\" >\n\t\t\tLesen Sie mehr \u00bb\t\t<\/a>\n\n\t\t\t\t<\/div>\n\t\t\t\t\t<\/div>\n\t\t<\/article>\n\t\t\t\t<article class=\"elementor-post elementor-grid-item post-1414 post type-post status-publish format-standard has-post-thumbnail hentry category-news\">\n\t\t\t<div class=\"elementor-post__card\">\n\t\t\t\t<a class=\"elementor-post__thumbnail__link\" href=\"https:\/\/www.xunshi-alloy.com\/de\/news\/ultimet-alloy-now-available-at-xunshi\/\" tabindex=\"-1\" ><div class=\"elementor-post__thumbnail\"><img loading=\"lazy\" decoding=\"async\" width=\"500\" height=\"357\" src=\"https:\/\/www.xunshi-alloy.com\/wp-content\/uploads\/sites\/553\/2025\/10\/nd22133041-ultimet_alloy_now_available_at_xunshi.jpg\" class=\"attachment-full size-full wp-image-1417\" alt=\"\" srcset=\"https:\/\/www.xunshi-alloy.com\/wp-content\/uploads\/sites\/553\/2025\/10\/nd22133041-ultimet_alloy_now_available_at_xunshi.jpg 500w, https:\/\/www.xunshi-alloy.com\/wp-content\/uploads\/sites\/553\/2025\/10\/nd22133041-ultimet_alloy_now_available_at_xunshi-18x12.jpg 18w\" sizes=\"(max-width: 500px) 100vw, 500px\" \/><\/div><\/a>\n\t\t\t\t<div class=\"elementor-post__badge\">Neuigkeiten<\/div>\n\t\t\t\t<div class=\"elementor-post__avatar\">\n\t\t\t<img onerror=\"this.onerror=null;this.src='https:\/\/www.xunshi-alloy.com\/wp-content\/plugins\/wpavatar\/assets\/images\/default-avatar.png';\" alt='Gongjijun' src='https:\/\/cravatar.com\/avatar\/84fcd03d907a5065d1aa5c959852977a?s=128&#038;d=mm&#038;r=g&#038;cache-key=84fcd03d907a5065d1aa5c959852977a' srcset='https:\/\/cravatar.com\/avatar\/84fcd03d907a5065d1aa5c959852977a?s=256&#038;d=mm&#038;r=g&#038;cache-key=84fcd03d907a5065d1aa5c959852977a 2x' class='avatar avatar-128 photo' height='128' width='128'  data-timeout=\"5\"\/>\t\t<\/div>\n\t\t\t\t<div class=\"elementor-post__text\">\n\t\t\t\t<h3 class=\"elementor-post__title\">\n\t\t\t<a href=\"https:\/\/www.xunshi-alloy.com\/de\/news\/ultimet-alloy-now-available-at-xunshi\/\" >\n\t\t\t\tUltimativ \u00ae Legierung jetzt bei Xunshi erh\u00e4ltlich\t\t\t<\/a>\n\t\t<\/h3>\n\t\t\t\t<div class=\"elementor-post__excerpt\">\n\t\t\t<p>Die Hauptmerkmale sind Stellite \u00e4hnliche Verschlei\u00dffestigkeit und Hastelloy \u00e4hnliche Korrosionsbest\u00e4ndigkeit in einem einzigen, hochschwei\u00dfbaren Werkstoff, das ist ULTIMET! Ultimativ \u00ae Legierung (UNS R31233)<\/p>\n\t\t<\/div>\n\t\t\n\t\t<a class=\"elementor-post__read-more\" href=\"https:\/\/www.xunshi-alloy.com\/de\/news\/ultimet-alloy-now-available-at-xunshi\/\" aria-label=\"Erfahren Sie mehr \u00fcber ULTIMET \u00ae Legierung jetzt bei Xunshi erh\u00e4ltlich\" tabindex=\"-1\" >\n\t\t\tLesen Sie mehr \u00bb\t\t<\/a>\n\n\t\t\t\t<\/div>\n\t\t\t\t\t<\/div>\n\t\t<\/article>\n\t\t\t\t<article class=\"elementor-post elementor-grid-item post-1409 post type-post status-publish format-standard has-post-thumbnail hentry category-news\">\n\t\t\t<div class=\"elementor-post__card\">\n\t\t\t\t<a class=\"elementor-post__thumbnail__link\" href=\"https:\/\/www.xunshi-alloy.com\/de\/news\/s46500-vimvar-premium-melted-stainless-steel-bright-bar-for-medical-applications-available-from-stock\/\" tabindex=\"-1\" ><div class=\"elementor-post__thumbnail\"><img loading=\"lazy\" decoding=\"async\" width=\"500\" height=\"375\" src=\"https:\/\/www.xunshi-alloy.com\/wp-content\/uploads\/sites\/553\/2025\/10\/nd203363694-s46500_vim_var_premium_melted_stainless_steel_bright_bar_for_medical_applications_available_from_stock.jpg\" class=\"attachment-full size-full wp-image-1412\" alt=\"\" srcset=\"https:\/\/www.xunshi-alloy.com\/wp-content\/uploads\/sites\/553\/2025\/10\/nd203363694-s46500_vim_var_premium_melted_stainless_steel_bright_bar_for_medical_applications_available_from_stock.jpg 500w, https:\/\/www.xunshi-alloy.com\/wp-content\/uploads\/sites\/553\/2025\/10\/nd203363694-s46500_vim_var_premium_melted_stainless_steel_bright_bar_for_medical_applications_available_from_stock-16x12.jpg 16w\" sizes=\"(max-width: 500px) 100vw, 500px\" \/><\/div><\/a>\n\t\t\t\t<div class=\"elementor-post__badge\">Neuigkeiten<\/div>\n\t\t\t\t<div class=\"elementor-post__avatar\">\n\t\t\t<img onerror=\"this.onerror=null;this.src='https:\/\/www.xunshi-alloy.com\/wp-content\/plugins\/wpavatar\/assets\/images\/default-avatar.png';\" alt='Gongjijun' src='https:\/\/cravatar.com\/avatar\/84fcd03d907a5065d1aa5c959852977a?s=128&#038;d=mm&#038;r=g&#038;cache-key=84fcd03d907a5065d1aa5c959852977a' srcset='https:\/\/cravatar.com\/avatar\/84fcd03d907a5065d1aa5c959852977a?s=256&#038;d=mm&#038;r=g&#038;cache-key=84fcd03d907a5065d1aa5c959852977a 2x' class='avatar avatar-128 photo' height='128' width='128'  data-timeout=\"5\"\/>\t\t<\/div>\n\t\t\t\t<div class=\"elementor-post__text\">\n\t\t\t\t<h3 class=\"elementor-post__title\">\n\t\t\t<a href=\"https:\/\/www.xunshi-alloy.com\/de\/news\/s46500-vimvar-premium-melted-stainless-steel-bright-bar-for-medical-applications-available-from-stock\/\" >\n\t\t\t\tS46500 VIM + VAR Premium geschmolzener Edelstahl Bright Stab f\u00fcr medizinische Anwendungen auf Lager\t\t\t<\/a>\n\t\t<\/h3>\n\t\t\t\t<div class=\"elementor-post__excerpt\">\n\t\t\t<p>Xunshi ist stolz darauf bekannt zu geben, dass wir S46500 Edelstahl Rundstange in unserem Lager in Kunshan, Jiangsu Provinz, China auf Lager halten werden. S46500<\/p>\n\t\t<\/div>\n\t\t\n\t\t<a class=\"elementor-post__read-more\" href=\"https:\/\/www.xunshi-alloy.com\/de\/news\/s46500-vimvar-premium-melted-stainless-steel-bright-bar-for-medical-applications-available-from-stock\/\" aria-label=\"Erfahren Sie mehr \u00fcber S46500 VIM + VAR Hochwertiger Edelstahlstab f\u00fcr medizinische Anwendungen Verf\u00fcgbar auf Lager\" tabindex=\"-1\" >\n\t\t\tLesen Sie mehr \u00bb\t\t<\/a>\n\n\t\t\t\t<\/div>\n\t\t\t\t\t<\/div>\n\t\t<\/article>\n\t\t\t\t<\/div>\n\t\t\n\t\t\t\t<\/div>\n\t\t\t\t<\/div>\n\t\t\t\t\t<\/div>\n\t\t\t\t<\/div>\n\t\t\t\t<\/div>","protected":false},"excerpt":{"rendered":"<p>Professioneller Lieferant von Hochleistungslegierungen!<\/p>","protected":false},"author":2,"featured_media":0,"parent":0,"menu_order":0,"comment_status":"closed","ping_status":"closed","template":"","meta":{"_acf_changed":false,"_seopress_robots_primary_cat":"","footnotes":""},"class_list":["post-955","page","type-page","status-publish","hentry"],"acf":[],"_links":{"self":[{"href":"https:\/\/www.xunshi-alloy.com\/de\/wp-json\/wp\/v2\/pages\/955","targetHints":{"allow":["GET"]}}],"collection":[{"href":"https:\/\/www.xunshi-alloy.com\/de\/wp-json\/wp\/v2\/pages"}],"about":[{"href":"https:\/\/www.xunshi-alloy.com\/de\/wp-json\/wp\/v2\/types\/page"}],"author":[{"embeddable":true,"href":"https:\/\/www.xunshi-alloy.com\/de\/wp-json\/wp\/v2\/users\/2"}],"replies":[{"embeddable":true,"href":"https:\/\/www.xunshi-alloy.com\/de\/wp-json\/wp\/v2\/comments?post=955"}],"version-history":[{"count":25,"href":"https:\/\/www.xunshi-alloy.com\/de\/wp-json\/wp\/v2\/pages\/955\/revisions"}],"predecessor-version":[{"id":2325,"href":"https:\/\/www.xunshi-alloy.com\/de\/wp-json\/wp\/v2\/pages\/955\/revisions\/2325"}],"wp:attachment":[{"href":"https:\/\/www.xunshi-alloy.com\/de\/wp-json\/wp\/v2\/media?parent=955"}],"curies":[{"name":"wp","href":"https:\/\/api.w.org\/{rel}","templated":true}]}}