
{"id":1529,"date":"2025-10-16T16:37:21","date_gmt":"2025-10-16T08:37:21","guid":{"rendered":"https:\/\/www.xunshi-alloy.com\/?post_type=product&p=1529"},"modified":"2025-10-16T16:37:21","modified_gmt":"2025-10-16T08:37:21","slug":"ni-span-c-alloy-902-cold-rolled-foil","status":"publish","type":"product","link":"https:\/\/www.xunshi-alloy.com\/de\/produkt\/ni-span-c-alloy-902-cold-rolled-foil\/","title":{"rendered":"Kaltgewalzte Folie aus NI-SPAN-C Legierung 902"},"content":{"rendered":"<p data-cah=\"2\">NI-SPAN-C Legierung 902 (N09902) ist eine Fe-Ni-Legierung mit kontrollierbarem thermoelastischen Koeffizienten. Der gew\u00fcnschte thermoelastische Koeffizient wird dann durch Kaltverformung und entsprechende W\u00e4rmebehandlung erhalten. Die Kaltverarbeitung erzeugt innere Dehnungen, die den Koeffizienten negativ machen. Eine W\u00e4rmebehandlung im unteren Temperaturbereich kann eine Entlastung der Dehnung erm\u00f6glichen. Sie verursachen auch komplexe Ordnungsph\u00e4nomene, die den Koeffizienten positiver machen. Die Erw\u00e4rmung bei Temperaturen oberhalb von etwa 900\u00b0F f\u00fchrt zur Ausf\u00e4llung intermetallischer Verbindungen von Titan und Nickel, entfernt das Nickel aus der Matrix und verschiebt den Koeffizienten weiter in die positive Richtung.<\/p>\n<p> <u><b>Thermoelastischer Koeffizient<\/b><\/u><br \/> Der thermoelastische Koeffizient (TEC) einer Legierung ist die \u00c4nderungsrate ihres Elastizit\u00e4tsmoduls mit der Temperatur. Es wird normalerweise als Millionstel pro Grad Fahrenheit ausgedr\u00fcckt (z. B. 5 x 10-6\/Grad Fahrenheit).<br \/> Die erste Messung der TEC der NI-SPAN-C Legierung 902 wurde mit einem Torsionspendel durchgef\u00fchrt, das mit etwa einem Zyklus pro Sekunde arbeitet. Diese Tests bilden die Grundlage f\u00fcr einen Gro\u00dfteil der ver\u00f6ffentlichten Daten f\u00fcr diese Legierung. Als diese Daten jedoch zum Entwurf von Hochfrequenzger\u00e4ten verwendet wurden, stellte sich heraus, dass sie falsche Ergebnisse lieferten und Verwirrung auftrat.<br \/> J\u00fcngste Arbeiten befassen sich mit dem Problem widerspr\u00fcchlicher Ergebnisse. Es wurde festgestellt, dass die Betriebsfrequenz einen signifikanten Einfluss auf die TEC hat. Tests bei Special Metals haben gezeigt, dass die TEC einer gegebenen Probe mit zunehmender Pr\u00fcffrequenz bis zu ca. 800 cps ansteigt. Bei 800 cps gibt es keinen Frequenzeffekt. Proben aus derselben Materialw\u00e4rme wurden bei ca. 1500 cps und in einem anderen Labor in<br \/> 455.000 cps, was das gleiche Ergebnis ergibt. Burnette vom National Bureau of Standards der Vereinigten Staaten fand heraus, dass eine W\u00e4rmebehandlung, die bei einem Torsionspendel von 1 cps getesteten Proben eine TEC von +40 erzeugte, bei einer freien Vibration von 1000 cps getesteten Proben erzeugte. Abbildung 2 zeigt eine schematische Darstellung dieser Daten und der H\u00e4ufigkeitseffekte.<br \/> Aufgrund des Frequenzeffekts ist es notwendig, zwei Anwendungsbereiche der NI-SPAN-C Legierung 902 abzubilden, die jeweils eine unterschiedliche Behandlung erfordern, um optimale Ergebnisse zu erzielen. <br \/> Das sind:<br \/> 1. Niederfrequenzger\u00e4te. Dazu geh\u00f6ren Federn, Bourdon-Schl\u00e4uche, aneroide Kapseln und dergleichen.<br \/> 2. Hochfrequenzger\u00e4te. In diese Kategorie fallen Stimmgabeln, Vibrationsbl\u00e4tter, mechanische Filter und \u00e4hnliche Instrumente.<\/p>\n<p> <u><b>Physikalische Eigenschaften<\/b><\/u><br \/> Dichte: 8,05 g\/cm3<br \/> Curie-Temperatur: 190\u00b0C<br \/> Spezifischer Widerstand: 1,02 \u00b5\u03a9\u2022m<\/p>\n<p> Die Kaltverarbeitung f\u00fchrt zu einer Erh\u00f6hung des Moduls. Eine Erh\u00f6hung der W\u00e4rmebehandlungstemperatur f\u00fchrt auch zu einer Erh\u00f6hung.<\/p>\n<p> Obwohl die Legierung f\u00fcr den Einsatz \u00fcber -50\u00b0F konzipiert ist, wurde sie erfolgreich bei niedrigeren Temperaturen eingesetzt, und einige kryogene Daten wurden<br \/> Ver\u00f6ffentlicht. Die Legierung weist ein geringes D\u00e4mpfungsverm\u00f6gen auf (hohe Q). Das kaltverformte Material hat einen Q von etwa 8000 gemeldet, was etwa viermal h\u00f6her ist als der Wert der gegl\u00fchten Form.<\/p>","protected":false},"excerpt":{"rendered":"<p>Ni Span C 902 Legierungsfolie<\/p>","protected":false},"featured_media":1531,"template":"","meta":{"_acf_changed":false,"_seopress_robots_primary_cat":""},"product_brand":[],"product_cat":[56,52,54],"product_tag":[],"class_list":{"0":"post-1529","1":"product","2":"type-product","3":"status-publish","4":"has-post-thumbnail","6":"product_cat-magnetostrictive-material","7":"product_cat-nickel-cobalt-alloy","8":"product_cat-superelastic-alloy","10":"first","11":"instock","12":"shipping-taxable","13":"product-type-simple"},"acf":[],"_links":{"self":[{"href":"https:\/\/www.xunshi-alloy.com\/de\/wp-json\/wp\/v2\/product\/1529","targetHints":{"allow":["GET"]}}],"collection":[{"href":"https:\/\/www.xunshi-alloy.com\/de\/wp-json\/wp\/v2\/product"}],"about":[{"href":"https:\/\/www.xunshi-alloy.com\/de\/wp-json\/wp\/v2\/types\/product"}],"wp:featuredmedia":[{"embeddable":true,"href":"https:\/\/www.xunshi-alloy.com\/de\/wp-json\/wp\/v2\/media\/1531"}],"wp:attachment":[{"href":"https:\/\/www.xunshi-alloy.com\/de\/wp-json\/wp\/v2\/media?parent=1529"}],"wp:term":[{"taxonomy":"product_brand","embeddable":true,"href":"https:\/\/www.xunshi-alloy.com\/de\/wp-json\/wp\/v2\/product_brand?post=1529"},{"taxonomy":"product_cat","embeddable":true,"href":"https:\/\/www.xunshi-alloy.com\/de\/wp-json\/wp\/v2\/product_cat?post=1529"},{"taxonomy":"product_tag","embeddable":true,"href":"https:\/\/www.xunshi-alloy.com\/de\/wp-json\/wp\/v2\/product_tag?post=1529"}],"curies":[{"name":"wp","href":"https:\/\/api.w.org\/{rel}","templated":true}]}}