
{"id":1618,"date":"2025-10-16T16:37:28","date_gmt":"2025-10-16T08:37:28","guid":{"rendered":"https:\/\/www.xunshi-alloy.com\/?post_type=product&p=1618"},"modified":"2025-10-16T16:37:28","modified_gmt":"2025-10-16T08:37:28","slug":"magnetostrictive-waveguide-wire-diameter-0-50mm","status":"publish","type":"product","link":"https:\/\/www.xunshi-alloy.com\/de\/produkt\/magnetostrictive-waveguide-wire-diameter-0-50mm\/","title":{"rendered":"Magnetostriktiver Wellenleiterdraht Durchmesser 0,50 mm"},"content":{"rendered":"<p data-cah=\"2\"><b>Magnetostriktive Wellenleiterdr\u00e4hte <\/b><br \/> Wir haben reiche Erfahrung in der Lieferung magnetostriktiver Wellenleiterdr\u00e4hte an Kunden auf der ganzen Welt, und unsere Dr\u00e4hte werden weit verbreitet in magnetostriktiven F\u00fcllstandsmessern\/Sensoren\/Sonden verwendet. Wir haben mehr als 100.000 Meter magnetostriktiver Legierungsdraht mit einem Durchmesser von 0,50mm\/0,75mm\/0,80mm auf Lager. Dies erm\u00f6glicht uns die Lieferung am n\u00e4chsten Tag.<\/p>\n<p> <b>Eigenschaften von magnetostriktiven Wellenleiterdr\u00e4hten<\/b><\/p>\n<table data-cah=\"6\">\n<tbody>\n<tr>\n<td class=\"\"><span class=\"ellipsis\" title=\"Parameter\">Parameter<\/span><\/td>\n<td class=\"\"><span class=\"ellipsis\" title=\"Gemeinsamen\">Gemeinsamen<\/span><\/td>\n<td class=\"\"><span class=\"ellipsis\" title=\"Hohen Temperaturen\">Hohen Temperaturen<\/span><\/td>\n<\/tr>\n<tr>\n<td class=\"\"><span class=\"ellipsis\" title=\"Magnetostriktion\">Magnetostriktion<\/span><\/td>\n<td class=\"\"><span class=\"ellipsis\" title=\"6-8ppm\">6-8ppm<\/span><\/td>\n<td class=\"\"><span class=\"ellipsis\" title=\"25-32 ppm\">25-32 ppm<\/span><\/td>\n<\/tr>\n<tr>\n<td class=\"\"><span class=\"ellipsis\" title=\"Dichte\">Dichte<\/span><\/td>\n<td class=\"\"><span class=\"ellipsis\" title=\"8,05\/cm3\">8,05\/cm3<\/span><\/td>\n<td class=\"\"><span class=\"ellipsis\" title=\"8,3\/cm3\">8,3\/cm3<\/span><\/td>\n<\/tr>\n<tr>\n<td class=\"\"><span class=\"ellipsis\" title=\"Zugfestigkeit\">Zugfestigkeit<\/span><\/td>\n<td class=\"\"><span class=\"ellipsis\" title=\"686MPa\">&gt; 686MPa<\/span><\/td>\n<td class=\"\"><span class=\"ellipsis\" title=\"700MPa\">&gt; 700MPa<\/span><\/td>\n<\/tr>\n<tr>\n<td class=\"\"><span class=\"ellipsis\" title=\"Curie\u2019s Winkel\">Curie\u2019s Winkel<\/span><\/td>\n<td class=\"\"><span class=\"ellipsis\" title=\"120\u2103\">120\u2103<\/span><\/td>\n<td class=\"\"><span class=\"ellipsis\" title=\"530\u2103\">530\u2103<\/span><\/td>\n<\/tr>\n<tr>\n<td class=\"\"><span class=\"ellipsis\" title=\"Betriebstemperatur\">Betriebstemperatur<\/span><\/td>\n<td class=\"\"><span class=\"ellipsis\" title=\"-40 ~ 80\u00b0C\">-40 ~ 80\u00b0C<\/span><\/td>\n<td class=\"\"><span class=\"ellipsis\" title=\"-40 ~ 300\u00b0C\">-40 ~ 300\u00b0C<\/span><\/td>\n<\/tr>\n<tr>\n<td class=\"\"><span class=\"ellipsis\" title=\"Durchmesser\">Durchmesser<\/span><\/td>\n<td class=\"\"><span class=\"ellipsis\" title=\"0,35mm\/0,50mm\/0,75mm\/0,80mm\/1,0mm\">0,35mm\/0,50mm\/0,75mm\/0,80mm\/1,0mm<\/span><\/td>\n<td class=\"\"><span class=\"ellipsis\" title=\"\"><\/span><\/td>\n<\/tr>\n<\/tbody>\n<\/table>\n<p data-cah=\"2\"><b>Applikation<\/b><br \/> Magnetostriktive Wellenleiterleitung f\u00fcr F\u00fcllstandsmesser, F\u00fcllstandssensoren und Wegsensoren.<\/p>\n<p> <b>\u00dcber unsere Produkte Magnetostriktive Wellenleiterdr\u00e4hte<\/b><br \/> Unsere Produkte sind in China weit verbreitet und exportiert in die T\u00fcrkei, S\u00fcdkorea, Iran, S\u00fcdafrika und viele andere L\u00e4nder neben dem Inland.<br \/> Unsere Wellenleiterdr\u00e4hte wurden von vielen Unternehmen getestet, die magnetostriktive Sensoren herstellen. Und die Testergebnisse sind sehr gut. Wir k\u00f6nnen kostenlose Proben zur Verf\u00fcgung stellen, wenn gew\u00fcnscht.<br \/> Wir sind der professionellste Lieferant von magnetostriktiven Wellenleiterdr\u00e4hten in China. Willkommen, uns zu kontaktieren.<\/p>","protected":false},"excerpt":{"rendered":"<p>Magnetostriktive Wellenleiterdr\u00e4hte<\/p>","protected":false},"featured_media":1622,"template":"","meta":{"_acf_changed":false,"_seopress_robots_primary_cat":""},"product_brand":[],"product_cat":[56],"product_tag":[],"class_list":{"0":"post-1618","1":"product","2":"type-product","3":"status-publish","4":"has-post-thumbnail","6":"product_cat-magnetostrictive-material","8":"first","9":"instock","10":"shipping-taxable","11":"product-type-simple"},"acf":[],"_links":{"self":[{"href":"https:\/\/www.xunshi-alloy.com\/de\/wp-json\/wp\/v2\/product\/1618","targetHints":{"allow":["GET"]}}],"collection":[{"href":"https:\/\/www.xunshi-alloy.com\/de\/wp-json\/wp\/v2\/product"}],"about":[{"href":"https:\/\/www.xunshi-alloy.com\/de\/wp-json\/wp\/v2\/types\/product"}],"wp:featuredmedia":[{"embeddable":true,"href":"https:\/\/www.xunshi-alloy.com\/de\/wp-json\/wp\/v2\/media\/1622"}],"wp:attachment":[{"href":"https:\/\/www.xunshi-alloy.com\/de\/wp-json\/wp\/v2\/media?parent=1618"}],"wp:term":[{"taxonomy":"product_brand","embeddable":true,"href":"https:\/\/www.xunshi-alloy.com\/de\/wp-json\/wp\/v2\/product_brand?post=1618"},{"taxonomy":"product_cat","embeddable":true,"href":"https:\/\/www.xunshi-alloy.com\/de\/wp-json\/wp\/v2\/product_cat?post=1618"},{"taxonomy":"product_tag","embeddable":true,"href":"https:\/\/www.xunshi-alloy.com\/de\/wp-json\/wp\/v2\/product_tag?post=1618"}],"curies":[{"name":"wp","href":"https:\/\/api.w.org\/{rel}","templated":true}]}}