
{"id":1529,"date":"2025-10-16T16:37:21","date_gmt":"2025-10-16T08:37:21","guid":{"rendered":"https:\/\/www.xunshi-alloy.com\/?post_type=product&p=1529"},"modified":"2025-10-16T16:37:21","modified_gmt":"2025-10-16T08:37:21","slug":"ni-span-c-alloy-902-cold-rolled-foil","status":"publish","type":"product","link":"https:\/\/www.xunshi-alloy.com\/es\/producto\/ni-span-c-alloy-902-cold-rolled-foil\/","title":{"rendered":"L\u00e1mina laminada en fr\u00edo de aleaci\u00f3n NI-SPAN-C 902"},"content":{"rendered":"<p data-cah=\"2\">La aleaci\u00f3n NI-SPAN-C 902 (N09902) es una aleaci\u00f3n de Fe-Ni con un coeficiente de termoelasticidad controlable. El coeficiente de termoelasticidad deseado se obtiene entonces mediante el uso de trabajo en fr\u00edo y un tratamiento t\u00e9rmico apropiado. El trabajo en fr\u00edo crea una tensi\u00f3n interna que hace que el coeficiente sea m\u00e1s negativo. El tratamiento t\u00e9rmico en un intervalo de temperatura inferior puede aliviar la tensi\u00f3n. Tambi\u00e9n pueden causar fen\u00f3menos de orden complejos que hacen que los coeficientes sean m\u00e1s positivos. El calentamiento a temperaturas por encima de aproximadamente 900\u00b0F da como resultado la precipitaci\u00f3n de compuestos intermet\u00e1licos de titanio y n\u00edquel, retirando el n\u00edquel de la matriz y desplazando adicionalmente el coeficiente en la direcci\u00f3n positiva.<\/p>\n<p> <u><b>Coeficiente termoel\u00e1stico<\/b><\/u><br \/> El coeficiente termoel\u00e1stico (TEC) de una aleaci\u00f3n es la tasa de cambio de su m\u00f3dulo el\u00e1stico en funci\u00f3n de la temperatura. Generalmente se expresa como millon\u00e9simas por grado Fahrenheit (por ejemplo, 5 x 10-6\/grado Fahrenheit).<br \/> Las primeras mediciones de TEC de la aleaci\u00f3n NI-SPAN-C 902 se llevaron a cabo usando un p\u00e9ndulo de torsi\u00f3n que funcionaba a aproximadamente un ciclo por segundo. Estas pruebas son la base de la mayor\u00eda de los datos publicados para esta aleaci\u00f3n. Sin embargo, cuando estos datos se utilizaron para dise\u00f1ar dispositivos de alta frecuencia, se encontr\u00f3 que produjeron resultados incorrectos y surgieron situaciones confusas.<br \/> Trabajos recientes han abordado la cuesti\u00f3n de los conflictos de resultados. Se ha encontrado que la frecuencia de funcionamiento tiene un efecto significativo sobre la TEC. Las pruebas realizadas en Special Metals muestran que el TEC de una muestra dada aumenta con la frecuencia de prueba, hasta un m\u00e1ximo de aproximadamente 800 cps. Por encima de 800 cps, no hay efecto de frecuencia. Las muestras del mismo calor del material se ensayaron a aproximadamente 1500 cps y en otro laboratorio en<br \/> 455.000 cps, dando los mismos resultados. Burnette de la Oficina Nacional de Est\u00e1ndares de los Estados Unidos encontr\u00f3 que un tratamiento t\u00e9rmico que produce una TEC cero en una muestra ensayada en un p\u00e9ndulo de torsi\u00f3n de 1 cps produce una TEC de +40 en una muestra ensayada en vibraci\u00f3n libre de 1000 cps. La figura 2 muestra un diagrama esquem\u00e1tico de estos datos y de los efectos de frecuencia.<br \/> Debido a los efectos de frecuencia, es necesario delinear dos \u00e1reas de aplicaci\u00f3n de la aleaci\u00f3n 902 de NI-SPAN-C, cada una de las cuales requiere un tratamiento diferente para obtener los mejores resultados. <br \/> Estos son:<br \/> 1. Dispositivos de baja frecuencia. Estos incluyen resortes, tubos de Bourdon, c\u00e1psulas aneroides y similares.<br \/> 2. Dispositivos de alta frecuencia. Los diapasones, las leng\u00fcetas vibratorias, los filtros mec\u00e1nicos y otros instrumentos similares entran en esta categor\u00eda.<\/p>\n<p> <u><b>Propiedades f\u00edsicas<\/b><\/u><br \/> Densidad: 8.05g\/cm3<br \/> Temperatura de Curie: 190\u00b0C<br \/> Resistividad el\u00e9ctrica: 1,02 \u00b5\u03a9\u2022m<\/p>\n<p> El trabajo en fr\u00edo da como resultado un aumento en el m\u00f3dulo. El aumento de la temperatura de tratamiento t\u00e9rmico tambi\u00e9n conduce a un aumento.<\/p>\n<p> Aunque la aleaci\u00f3n est\u00e1 dise\u00f1ada para ser utilizada por encima de -50\u00b0F, se ha utilizado con \u00e9xito a temperaturas m\u00e1s bajas y algunos datos criog\u00e9nicos han sido<br \/> Publicado. La aleaci\u00f3n muestra una baja capacidad de amortiguaci\u00f3n (Q alta). Se informa que el material acabado en fr\u00edo tiene una Q de aproximadamente 8000, que es aproximadamente 4 veces mayor que el valor de la forma recocida.<\/p>","protected":false},"excerpt":{"rendered":"<p>Ni Span C 902 l\u00e1mina de aleaci\u00f3n<\/p>","protected":false},"featured_media":1531,"template":"","meta":{"_acf_changed":false,"_seopress_robots_primary_cat":""},"product_brand":[],"product_cat":[56,52,54],"product_tag":[],"class_list":{"0":"post-1529","1":"product","2":"type-product","3":"status-publish","4":"has-post-thumbnail","6":"product_cat-magnetostrictive-material","7":"product_cat-nickel-cobalt-alloy","8":"product_cat-superelastic-alloy","10":"first","11":"instock","12":"shipping-taxable","13":"product-type-simple"},"acf":[],"_links":{"self":[{"href":"https:\/\/www.xunshi-alloy.com\/es\/wp-json\/wp\/v2\/product\/1529","targetHints":{"allow":["GET"]}}],"collection":[{"href":"https:\/\/www.xunshi-alloy.com\/es\/wp-json\/wp\/v2\/product"}],"about":[{"href":"https:\/\/www.xunshi-alloy.com\/es\/wp-json\/wp\/v2\/types\/product"}],"wp:featuredmedia":[{"embeddable":true,"href":"https:\/\/www.xunshi-alloy.com\/es\/wp-json\/wp\/v2\/media\/1531"}],"wp:attachment":[{"href":"https:\/\/www.xunshi-alloy.com\/es\/wp-json\/wp\/v2\/media?parent=1529"}],"wp:term":[{"taxonomy":"product_brand","embeddable":true,"href":"https:\/\/www.xunshi-alloy.com\/es\/wp-json\/wp\/v2\/product_brand?post=1529"},{"taxonomy":"product_cat","embeddable":true,"href":"https:\/\/www.xunshi-alloy.com\/es\/wp-json\/wp\/v2\/product_cat?post=1529"},{"taxonomy":"product_tag","embeddable":true,"href":"https:\/\/www.xunshi-alloy.com\/es\/wp-json\/wp\/v2\/product_tag?post=1529"}],"curies":[{"name":"wp","href":"https:\/\/api.w.org\/{rel}","templated":true}]}}