
{"id":1618,"date":"2025-10-16T16:37:28","date_gmt":"2025-10-16T08:37:28","guid":{"rendered":"https:\/\/www.xunshi-alloy.com\/?post_type=product&p=1618"},"modified":"2025-10-16T16:37:28","modified_gmt":"2025-10-16T08:37:28","slug":"magnetostrictive-waveguide-wire-diameter-0-50mm","status":"publish","type":"product","link":"https:\/\/www.xunshi-alloy.com\/es\/producto\/magnetostrictive-waveguide-wire-diameter-0-50mm\/","title":{"rendered":"Di\u00e1metro del alambre de gu\u00eda de ondas magnetostrictiva 0,50 mm"},"content":{"rendered":"<p data-cah=\"2\"><b>L\u00ednea de gu\u00eda de ondas magnetoestrictiva <\/b><br \/> Tenemos una amplia experiencia en el suministro de alambres de gu\u00eda de ondas magnetostrictivos a clientes en todo el mundo, y nuestros alambres son ampliamente utilizados en medidores de nivel magnetostrictivos\/sensores\/sondas. Tenemos m\u00e1s de 100.000 metros de alambre de aleaci\u00f3n magnetostrictivo con di\u00e1metro de 0.50mm\/0.75mm\/0.80mm en stock. Esto nos da la posibilidad de entregar al d\u00eda siguiente.<\/p>\n<p> <b>Rendimiento de las l\u00edneas de gu\u00eda de ondas magnetostrictivas<\/b><\/p>\n<table data-cah=\"6\">\n<tbody>\n<tr>\n<td class=\"\"><span class=\"ellipsis\" title=\"Par\u00e1metros\">Par\u00e1metros<\/span><\/td>\n<td class=\"\"><span class=\"ellipsis\" title=\"Com\u00fan\">Com\u00fan<\/span><\/td>\n<td class=\"\"><span class=\"ellipsis\" title=\"Altas temperaturas\">Altas temperaturas<\/span><\/td>\n<\/tr>\n<tr>\n<td class=\"\"><span class=\"ellipsis\" title=\"Magnetostrictive\">Magnetostrictive<\/span><\/td>\n<td class=\"\"><span class=\"ellipsis\" title=\"6-8ppm\">6-8ppm<\/span><\/td>\n<td class=\"\"><span class=\"ellipsis\" title=\"25-32 ppm\">25-32 ppm<\/span><\/td>\n<\/tr>\n<tr>\n<td class=\"\"><span class=\"ellipsis\" title=\"Densidad\">Densidad<\/span><\/td>\n<td class=\"\"><span class=\"ellipsis\" title=\"8,05\/cm3\">8,05\/cm3<\/span><\/td>\n<td class=\"\"><span class=\"ellipsis\" title=\"8,3\/cm3\">8,3\/cm3<\/span><\/td>\n<\/tr>\n<tr>\n<td class=\"\"><span class=\"ellipsis\" title=\"Resistencia a la tracci\u00f3n\">Resistencia a la tracci\u00f3n<\/span><\/td>\n<td class=\"\"><span class=\"ellipsis\" title=\"686MPa\">&gt; 686MPa<\/span><\/td>\n<td class=\"\"><span class=\"ellipsis\" title=\"700MPa\">&gt; 700MPa<\/span><\/td>\n<\/tr>\n<tr>\n<td class=\"\"><span class=\"ellipsis\" title=\"El \u00e1ngulo Curie\">El \u00e1ngulo Curie<\/span><\/td>\n<td class=\"\"><span class=\"ellipsis\" title=\"120\u2103\">120\u2103<\/span><\/td>\n<td class=\"\"><span class=\"ellipsis\" title=\"530\u2103\">530\u2103<\/span><\/td>\n<\/tr>\n<tr>\n<td class=\"\"><span class=\"ellipsis\" title=\"Temperatura de funcionamiento\">Temperatura de funcionamiento<\/span><\/td>\n<td class=\"\"><span class=\"ellipsis\" title=\"-40 ~ 80 \u00b0 C\">-40 ~ 80 \u00b0 C<\/span><\/td>\n<td class=\"\"><span class=\"ellipsis\" title=\"-40 ~ 300\u00b0C\">-40 ~ 300\u00b0C<\/span><\/td>\n<\/tr>\n<tr>\n<td class=\"\"><span class=\"ellipsis\" title=\"Di\u00e1metro\">Di\u00e1metro<\/span><\/td>\n<td class=\"\"><span class=\"ellipsis\" title=\"0.35mm\/0.50mm\/0.75mm\/0.80mm\/1.0mm\">0.35mm\/0.50mm\/0.75mm\/0.80mm\/1.0mm<\/span><\/td>\n<td class=\"\"><span class=\"ellipsis\" title=\"\"><\/span><\/td>\n<\/tr>\n<\/tbody>\n<\/table>\n<p data-cah=\"2\"><b>Aplicaci\u00f3n<\/b><br \/> Alambre de gu\u00eda de ondas magnetoestrictivo para medidores de nivel, sensores de nivel y sensores de desplazamiento.<\/p>\n<p> <b>Acerca de nuestros productos Alambre de gu\u00eda de ondas magnetostrictivo<\/b><br \/> Nuestros productos han sido ampliamente utilizados en China, adem\u00e1s del hogar y el extranjero, tambi\u00e9n se exportan a muchos pa\u00edses como Turqu\u00eda, Corea del Sur, Ir\u00e1n, Sud\u00e1frica y otros.<br \/> Nuestros alambres de gu\u00eda de ondas han sido probados por muchas empresas que producen sensores magnetostrictivos. Y los resultados de las pruebas son muy buenos. Podemos proporcionar muestras gratis si es necesario.<br \/> Somos el proveedor m\u00e1s profesional de alambre de gu\u00eda de ondas magnetostrictivo en China. Bienvenido a contactarnos.<\/p>","protected":false},"excerpt":{"rendered":"<p>L\u00ednea de gu\u00eda de ondas magnetoestrictiva<\/p>","protected":false},"featured_media":1622,"template":"","meta":{"_acf_changed":false,"_seopress_robots_primary_cat":""},"product_brand":[],"product_cat":[56],"product_tag":[],"class_list":{"0":"post-1618","1":"product","2":"type-product","3":"status-publish","4":"has-post-thumbnail","6":"product_cat-magnetostrictive-material","8":"first","9":"instock","10":"shipping-taxable","11":"product-type-simple"},"acf":[],"_links":{"self":[{"href":"https:\/\/www.xunshi-alloy.com\/es\/wp-json\/wp\/v2\/product\/1618","targetHints":{"allow":["GET"]}}],"collection":[{"href":"https:\/\/www.xunshi-alloy.com\/es\/wp-json\/wp\/v2\/product"}],"about":[{"href":"https:\/\/www.xunshi-alloy.com\/es\/wp-json\/wp\/v2\/types\/product"}],"wp:featuredmedia":[{"embeddable":true,"href":"https:\/\/www.xunshi-alloy.com\/es\/wp-json\/wp\/v2\/media\/1622"}],"wp:attachment":[{"href":"https:\/\/www.xunshi-alloy.com\/es\/wp-json\/wp\/v2\/media?parent=1618"}],"wp:term":[{"taxonomy":"product_brand","embeddable":true,"href":"https:\/\/www.xunshi-alloy.com\/es\/wp-json\/wp\/v2\/product_brand?post=1618"},{"taxonomy":"product_cat","embeddable":true,"href":"https:\/\/www.xunshi-alloy.com\/es\/wp-json\/wp\/v2\/product_cat?post=1618"},{"taxonomy":"product_tag","embeddable":true,"href":"https:\/\/www.xunshi-alloy.com\/es\/wp-json\/wp\/v2\/product_tag?post=1618"}],"curies":[{"name":"wp","href":"https:\/\/api.w.org\/{rel}","templated":true}]}}