
{"id":1752,"date":"2025-10-16T17:01:26","date_gmt":"2025-10-16T09:01:26","guid":{"rendered":"https:\/\/www.xunshi-alloy.com\/?post_type=product&p=1752"},"modified":"2025-10-16T17:01:26","modified_gmt":"2025-10-16T09:01:26","slug":"astm-f30-iron-nickel-sealing-alloy-n14052-alloy-52-sealing-to-glass-in-electronic-applications","status":"publish","type":"product","link":"https:\/\/www.xunshi-alloy.com\/es\/producto\/astm-f30-iron-nickel-sealing-alloy-n14052-alloy-52-sealing-to-glass-in-electronic-applications\/","title":{"rendered":"ASTM F30 Aleaci\u00f3n de sellado de hierro y n\u00edquel N14052 Aleaci\u00f3n 52 Sellado con vidrio en aplicaciones electr\u00f3nicas"},"content":{"rendered":"","protected":false},"excerpt":{"rendered":"","protected":false},"featured_media":1756,"template":"","meta":{"_acf_changed":false,"_seopress_robots_primary_cat":""},"product_brand":[],"product_cat":[55],"product_tag":[],"class_list":{"0":"post-1752","1":"product","2":"type-product","3":"status-publish","4":"has-post-thumbnail","6":"product_cat-controlled-expansion-alloys","8":"first","9":"instock","10":"shipping-taxable","11":"product-type-simple"},"acf":[],"_links":{"self":[{"href":"https:\/\/www.xunshi-alloy.com\/es\/wp-json\/wp\/v2\/product\/1752","targetHints":{"allow":["GET"]}}],"collection":[{"href":"https:\/\/www.xunshi-alloy.com\/es\/wp-json\/wp\/v2\/product"}],"about":[{"href":"https:\/\/www.xunshi-alloy.com\/es\/wp-json\/wp\/v2\/types\/product"}],"wp:featuredmedia":[{"embeddable":true,"href":"https:\/\/www.xunshi-alloy.com\/es\/wp-json\/wp\/v2\/media\/1756"}],"wp:attachment":[{"href":"https:\/\/www.xunshi-alloy.com\/es\/wp-json\/wp\/v2\/media?parent=1752"}],"wp:term":[{"taxonomy":"product_brand","embeddable":true,"href":"https:\/\/www.xunshi-alloy.com\/es\/wp-json\/wp\/v2\/product_brand?post=1752"},{"taxonomy":"product_cat","embeddable":true,"href":"https:\/\/www.xunshi-alloy.com\/es\/wp-json\/wp\/v2\/product_cat?post=1752"},{"taxonomy":"product_tag","embeddable":true,"href":"https:\/\/www.xunshi-alloy.com\/es\/wp-json\/wp\/v2\/product_tag?post=1752"}],"curies":[{"name":"wp","href":"https:\/\/api.w.org\/{rel}","templated":true}]}}