
{"id":1846,"date":"2025-10-16T17:11:21","date_gmt":"2025-10-16T09:11:21","guid":{"rendered":"https:\/\/www.xunshi-alloy.com\/?post_type=product&p=1846"},"modified":"2025-10-16T17:11:21","modified_gmt":"2025-10-16T09:11:21","slug":"3j21-superelastic-alloy-for-elastic-wire-strip-rod-forging-china-origin-fast-delivery","status":"publish","type":"product","link":"https:\/\/www.xunshi-alloy.com\/es\/producto\/3j21-superelastic-alloy-for-elastic-wire-strip-rod-forging-china-origin-fast-delivery\/","title":{"rendered":"Aleaci\u00f3n s\u00faper el\u00e1stica 3J21 para la forja de la tira del alambre el\u00e1stico Origen de China Entrega r\u00e1pida"},"content":{"rendered":"","protected":false},"excerpt":{"rendered":"","protected":false},"featured_media":1850,"template":"","meta":{"_acf_changed":false,"_seopress_robots_primary_cat":""},"product_brand":[],"product_cat":[54],"product_tag":[],"class_list":{"0":"post-1846","1":"product","2":"type-product","3":"status-publish","4":"has-post-thumbnail","6":"product_cat-superelastic-alloy","8":"first","9":"instock","10":"shipping-taxable","11":"product-type-simple"},"acf":[],"_links":{"self":[{"href":"https:\/\/www.xunshi-alloy.com\/es\/wp-json\/wp\/v2\/product\/1846","targetHints":{"allow":["GET"]}}],"collection":[{"href":"https:\/\/www.xunshi-alloy.com\/es\/wp-json\/wp\/v2\/product"}],"about":[{"href":"https:\/\/www.xunshi-alloy.com\/es\/wp-json\/wp\/v2\/types\/product"}],"wp:featuredmedia":[{"embeddable":true,"href":"https:\/\/www.xunshi-alloy.com\/es\/wp-json\/wp\/v2\/media\/1850"}],"wp:attachment":[{"href":"https:\/\/www.xunshi-alloy.com\/es\/wp-json\/wp\/v2\/media?parent=1846"}],"wp:term":[{"taxonomy":"product_brand","embeddable":true,"href":"https:\/\/www.xunshi-alloy.com\/es\/wp-json\/wp\/v2\/product_brand?post=1846"},{"taxonomy":"product_cat","embeddable":true,"href":"https:\/\/www.xunshi-alloy.com\/es\/wp-json\/wp\/v2\/product_cat?post=1846"},{"taxonomy":"product_tag","embeddable":true,"href":"https:\/\/www.xunshi-alloy.com\/es\/wp-json\/wp\/v2\/product_tag?post=1846"}],"curies":[{"name":"wp","href":"https:\/\/api.w.org\/{rel}","templated":true}]}}