
{"id":1934,"date":"2025-10-16T17:23:26","date_gmt":"2025-10-16T09:23:26","guid":{"rendered":"https:\/\/www.xunshi-alloy.com\/?post_type=product&p=1934"},"modified":"2025-10-16T17:23:26","modified_gmt":"2025-10-16T09:23:26","slug":"controlled-expansion-kovar-alloy-hard-glass-sealing-iron-nickel-cobalt-alloy","status":"publish","type":"product","link":"https:\/\/www.xunshi-alloy.com\/es\/producto\/controlled-expansion-kovar-alloy-hard-glass-sealing-iron-nickel-cobalt-alloy\/","title":{"rendered":"Aleaci\u00f3n de Kovar de expansi\u00f3n controlada, aleaci\u00f3n de hierro, n\u00edquel y cobalto sellado de vidrio duro"},"content":{"rendered":"","protected":false},"excerpt":{"rendered":"","protected":false},"featured_media":1938,"template":"","meta":{"_acf_changed":false,"_seopress_robots_primary_cat":""},"product_brand":[],"product_cat":[55],"product_tag":[],"class_list":{"0":"post-1934","1":"product","2":"type-product","3":"status-publish","4":"has-post-thumbnail","6":"product_cat-controlled-expansion-alloys","8":"first","9":"instock","10":"shipping-taxable","11":"product-type-simple"},"acf":[],"_links":{"self":[{"href":"https:\/\/www.xunshi-alloy.com\/es\/wp-json\/wp\/v2\/product\/1934","targetHints":{"allow":["GET"]}}],"collection":[{"href":"https:\/\/www.xunshi-alloy.com\/es\/wp-json\/wp\/v2\/product"}],"about":[{"href":"https:\/\/www.xunshi-alloy.com\/es\/wp-json\/wp\/v2\/types\/product"}],"wp:featuredmedia":[{"embeddable":true,"href":"https:\/\/www.xunshi-alloy.com\/es\/wp-json\/wp\/v2\/media\/1938"}],"wp:attachment":[{"href":"https:\/\/www.xunshi-alloy.com\/es\/wp-json\/wp\/v2\/media?parent=1934"}],"wp:term":[{"taxonomy":"product_brand","embeddable":true,"href":"https:\/\/www.xunshi-alloy.com\/es\/wp-json\/wp\/v2\/product_brand?post=1934"},{"taxonomy":"product_cat","embeddable":true,"href":"https:\/\/www.xunshi-alloy.com\/es\/wp-json\/wp\/v2\/product_cat?post=1934"},{"taxonomy":"product_tag","embeddable":true,"href":"https:\/\/www.xunshi-alloy.com\/es\/wp-json\/wp\/v2\/product_tag?post=1934"}],"curies":[{"name":"wp","href":"https:\/\/api.w.org\/{rel}","templated":true}]}}