
{"id":1977,"date":"2025-10-16T17:33:26","date_gmt":"2025-10-16T09:33:26","guid":{"rendered":"https:\/\/www.xunshi-alloy.com\/?post_type=product&p=1977"},"modified":"2025-10-16T17:33:26","modified_gmt":"2025-10-16T09:33:26","slug":"iron-nickel-low-expansion-alloy-4j36-strip-wire-yb-t-5241-1993-curie-point-230c","status":"publish","type":"product","link":"https:\/\/www.xunshi-alloy.com\/es\/producto\/iron-nickel-low-expansion-alloy-4j36-strip-wire-yb-t-5241-1993-curie-point-230c\/","title":{"rendered":"Alambre de cinta 4J36 de aleaci\u00f3n de baja expansi\u00f3n de hierro y n\u00edquel YB\/T 5241-1993 Punto de Curie 230 \u2103"},"content":{"rendered":"","protected":false},"excerpt":{"rendered":"","protected":false},"featured_media":1980,"template":"","meta":{"_acf_changed":false,"_seopress_robots_primary_cat":""},"product_brand":[],"product_cat":[55],"product_tag":[],"class_list":{"0":"post-1977","1":"product","2":"type-product","3":"status-publish","4":"has-post-thumbnail","6":"product_cat-controlled-expansion-alloys","8":"first","9":"instock","10":"shipping-taxable","11":"product-type-simple"},"acf":[],"_links":{"self":[{"href":"https:\/\/www.xunshi-alloy.com\/es\/wp-json\/wp\/v2\/product\/1977","targetHints":{"allow":["GET"]}}],"collection":[{"href":"https:\/\/www.xunshi-alloy.com\/es\/wp-json\/wp\/v2\/product"}],"about":[{"href":"https:\/\/www.xunshi-alloy.com\/es\/wp-json\/wp\/v2\/types\/product"}],"wp:featuredmedia":[{"embeddable":true,"href":"https:\/\/www.xunshi-alloy.com\/es\/wp-json\/wp\/v2\/media\/1980"}],"wp:attachment":[{"href":"https:\/\/www.xunshi-alloy.com\/es\/wp-json\/wp\/v2\/media?parent=1977"}],"wp:term":[{"taxonomy":"product_brand","embeddable":true,"href":"https:\/\/www.xunshi-alloy.com\/es\/wp-json\/wp\/v2\/product_brand?post=1977"},{"taxonomy":"product_cat","embeddable":true,"href":"https:\/\/www.xunshi-alloy.com\/es\/wp-json\/wp\/v2\/product_cat?post=1977"},{"taxonomy":"product_tag","embeddable":true,"href":"https:\/\/www.xunshi-alloy.com\/es\/wp-json\/wp\/v2\/product_tag?post=1977"}],"curies":[{"name":"wp","href":"https:\/\/api.w.org\/{rel}","templated":true}]}}