
{"id":2009,"date":"2025-10-16T17:39:26","date_gmt":"2025-10-16T09:39:26","guid":{"rendered":"https:\/\/www.xunshi-alloy.com\/?post_type=product&p=2009"},"modified":"2025-10-16T17:39:26","modified_gmt":"2025-10-16T09:39:26","slug":"4j50-controlled-expansion-iron-nickel-alloy-forging-ceramics-glass-sealing-alloy","status":"publish","type":"product","link":"https:\/\/www.xunshi-alloy.com\/es\/producto\/4j50-controlled-expansion-iron-nickel-alloy-forging-ceramics-glass-sealing-alloy\/","title":{"rendered":"Aleaci\u00f3n de hierro y n\u00edquel de expansi\u00f3n controlada 4J50, aleaci\u00f3n de sellado de vidrio cer\u00e1mico forjado"},"content":{"rendered":"","protected":false},"excerpt":{"rendered":"","protected":false},"featured_media":2015,"template":"","meta":{"_acf_changed":false,"_seopress_robots_primary_cat":""},"product_brand":[],"product_cat":[55],"product_tag":[],"class_list":{"0":"post-2009","1":"product","2":"type-product","3":"status-publish","4":"has-post-thumbnail","6":"product_cat-controlled-expansion-alloys","8":"first","9":"instock","10":"shipping-taxable","11":"product-type-simple"},"acf":[],"_links":{"self":[{"href":"https:\/\/www.xunshi-alloy.com\/es\/wp-json\/wp\/v2\/product\/2009","targetHints":{"allow":["GET"]}}],"collection":[{"href":"https:\/\/www.xunshi-alloy.com\/es\/wp-json\/wp\/v2\/product"}],"about":[{"href":"https:\/\/www.xunshi-alloy.com\/es\/wp-json\/wp\/v2\/types\/product"}],"wp:featuredmedia":[{"embeddable":true,"href":"https:\/\/www.xunshi-alloy.com\/es\/wp-json\/wp\/v2\/media\/2015"}],"wp:attachment":[{"href":"https:\/\/www.xunshi-alloy.com\/es\/wp-json\/wp\/v2\/media?parent=2009"}],"wp:term":[{"taxonomy":"product_brand","embeddable":true,"href":"https:\/\/www.xunshi-alloy.com\/es\/wp-json\/wp\/v2\/product_brand?post=2009"},{"taxonomy":"product_cat","embeddable":true,"href":"https:\/\/www.xunshi-alloy.com\/es\/wp-json\/wp\/v2\/product_cat?post=2009"},{"taxonomy":"product_tag","embeddable":true,"href":"https:\/\/www.xunshi-alloy.com\/es\/wp-json\/wp\/v2\/product_tag?post=2009"}],"curies":[{"name":"wp","href":"https:\/\/api.w.org\/{rel}","templated":true}]}}