
{"id":2028,"date":"2025-10-16T17:33:21","date_gmt":"2025-10-16T09:33:21","guid":{"rendered":"https:\/\/www.xunshi-alloy.com\/?post_type=product&p=2028"},"modified":"2025-10-16T17:33:21","modified_gmt":"2025-10-16T09:33:21","slug":"feco17-vacoflux-17-high-magnetic-saturation-up-to-2-22-t-high-pressure-diesel-injection","status":"publish","type":"product","link":"https:\/\/www.xunshi-alloy.com\/es\/producto\/feco17-vacoflux-17-high-magnetic-saturation-up-to-2-22-t-high-pressure-diesel-injection\/","title":{"rendered":"FeCo17 VACOFLUX 17 Alta saturaci\u00f3n magn\u00e9tica hasta 2.22T inyecci\u00f3n diesel de alta presi\u00f3n"},"content":{"rendered":"","protected":false},"excerpt":{"rendered":"","protected":false},"featured_media":2033,"template":"","meta":{"_acf_changed":false,"_seopress_robots_primary_cat":""},"product_brand":[],"product_cat":[53],"product_tag":[],"class_list":{"0":"post-2028","1":"product","2":"type-product","3":"status-publish","4":"has-post-thumbnail","6":"product_cat-soft-magnetic-alloys","8":"first","9":"instock","10":"shipping-taxable","11":"product-type-simple"},"acf":[],"_links":{"self":[{"href":"https:\/\/www.xunshi-alloy.com\/es\/wp-json\/wp\/v2\/product\/2028","targetHints":{"allow":["GET"]}}],"collection":[{"href":"https:\/\/www.xunshi-alloy.com\/es\/wp-json\/wp\/v2\/product"}],"about":[{"href":"https:\/\/www.xunshi-alloy.com\/es\/wp-json\/wp\/v2\/types\/product"}],"wp:featuredmedia":[{"embeddable":true,"href":"https:\/\/www.xunshi-alloy.com\/es\/wp-json\/wp\/v2\/media\/2033"}],"wp:attachment":[{"href":"https:\/\/www.xunshi-alloy.com\/es\/wp-json\/wp\/v2\/media?parent=2028"}],"wp:term":[{"taxonomy":"product_brand","embeddable":true,"href":"https:\/\/www.xunshi-alloy.com\/es\/wp-json\/wp\/v2\/product_brand?post=2028"},{"taxonomy":"product_cat","embeddable":true,"href":"https:\/\/www.xunshi-alloy.com\/es\/wp-json\/wp\/v2\/product_cat?post=2028"},{"taxonomy":"product_tag","embeddable":true,"href":"https:\/\/www.xunshi-alloy.com\/es\/wp-json\/wp\/v2\/product_tag?post=2028"}],"curies":[{"name":"wp","href":"https:\/\/api.w.org\/{rel}","templated":true}]}}