
{"id":2045,"date":"2025-10-16T17:43:26","date_gmt":"2025-10-16T09:43:26","guid":{"rendered":"https:\/\/www.xunshi-alloy.com\/?post_type=product&p=2045"},"modified":"2025-10-16T17:43:26","modified_gmt":"2025-10-16T09:43:26","slug":"4j33-ceramic-thermal-expansion-alloy-porcelain-sealed-per-yb-t-5234-1993","status":"publish","type":"product","link":"https:\/\/www.xunshi-alloy.com\/es\/producto\/4j33-ceramic-thermal-expansion-alloy-porcelain-sealed-per-yb-t-5234-1993\/","title":{"rendered":"Sello de porcelana de aleaci\u00f3n de expansi\u00f3n t\u00e9rmica cer\u00e1mica 4J33 YB\/T 5234-1993"},"content":{"rendered":"","protected":false},"excerpt":{"rendered":"","protected":false},"featured_media":2048,"template":"","meta":{"_acf_changed":false,"_seopress_robots_primary_cat":""},"product_brand":[],"product_cat":[55],"product_tag":[],"class_list":{"0":"post-2045","1":"product","2":"type-product","3":"status-publish","4":"has-post-thumbnail","6":"product_cat-controlled-expansion-alloys","8":"first","9":"instock","10":"shipping-taxable","11":"product-type-simple"},"acf":[],"_links":{"self":[{"href":"https:\/\/www.xunshi-alloy.com\/es\/wp-json\/wp\/v2\/product\/2045","targetHints":{"allow":["GET"]}}],"collection":[{"href":"https:\/\/www.xunshi-alloy.com\/es\/wp-json\/wp\/v2\/product"}],"about":[{"href":"https:\/\/www.xunshi-alloy.com\/es\/wp-json\/wp\/v2\/types\/product"}],"wp:featuredmedia":[{"embeddable":true,"href":"https:\/\/www.xunshi-alloy.com\/es\/wp-json\/wp\/v2\/media\/2048"}],"wp:attachment":[{"href":"https:\/\/www.xunshi-alloy.com\/es\/wp-json\/wp\/v2\/media?parent=2045"}],"wp:term":[{"taxonomy":"product_brand","embeddable":true,"href":"https:\/\/www.xunshi-alloy.com\/es\/wp-json\/wp\/v2\/product_brand?post=2045"},{"taxonomy":"product_cat","embeddable":true,"href":"https:\/\/www.xunshi-alloy.com\/es\/wp-json\/wp\/v2\/product_cat?post=2045"},{"taxonomy":"product_tag","embeddable":true,"href":"https:\/\/www.xunshi-alloy.com\/es\/wp-json\/wp\/v2\/product_tag?post=2045"}],"curies":[{"name":"wp","href":"https:\/\/api.w.org\/{rel}","templated":true}]}}