
{"id":2154,"date":"2025-10-16T17:55:21","date_gmt":"2025-10-16T09:55:21","guid":{"rendered":"https:\/\/www.xunshi-alloy.com\/?post_type=product&p=2154"},"modified":"2025-10-16T17:55:21","modified_gmt":"2025-10-16T09:55:21","slug":"10-500mm-od-soft-magnetic-alloys-round-bar-with-high-saturation-astm-a801","status":"publish","type":"product","link":"https:\/\/www.xunshi-alloy.com\/es\/producto\/10-500mm-od-soft-magnetic-alloys-round-bar-with-high-saturation-astm-a801\/","title":{"rendered":"Varilla redonda de aleaci\u00f3n magn\u00e9tica blanda de alta saturaci\u00f3n de 10-500mm OD ASTM A801"},"content":{"rendered":"","protected":false},"excerpt":{"rendered":"","protected":false},"featured_media":2156,"template":"","meta":{"_acf_changed":false,"_seopress_robots_primary_cat":""},"product_brand":[],"product_cat":[53],"product_tag":[],"class_list":{"0":"post-2154","1":"product","2":"type-product","3":"status-publish","4":"has-post-thumbnail","6":"product_cat-soft-magnetic-alloys","8":"first","9":"instock","10":"shipping-taxable","11":"product-type-simple"},"acf":[],"_links":{"self":[{"href":"https:\/\/www.xunshi-alloy.com\/es\/wp-json\/wp\/v2\/product\/2154","targetHints":{"allow":["GET"]}}],"collection":[{"href":"https:\/\/www.xunshi-alloy.com\/es\/wp-json\/wp\/v2\/product"}],"about":[{"href":"https:\/\/www.xunshi-alloy.com\/es\/wp-json\/wp\/v2\/types\/product"}],"wp:featuredmedia":[{"embeddable":true,"href":"https:\/\/www.xunshi-alloy.com\/es\/wp-json\/wp\/v2\/media\/2156"}],"wp:attachment":[{"href":"https:\/\/www.xunshi-alloy.com\/es\/wp-json\/wp\/v2\/media?parent=2154"}],"wp:term":[{"taxonomy":"product_brand","embeddable":true,"href":"https:\/\/www.xunshi-alloy.com\/es\/wp-json\/wp\/v2\/product_brand?post=2154"},{"taxonomy":"product_cat","embeddable":true,"href":"https:\/\/www.xunshi-alloy.com\/es\/wp-json\/wp\/v2\/product_cat?post=2154"},{"taxonomy":"product_tag","embeddable":true,"href":"https:\/\/www.xunshi-alloy.com\/es\/wp-json\/wp\/v2\/product_tag?post=2154"}],"curies":[{"name":"wp","href":"https:\/\/api.w.org\/{rel}","templated":true}]}}