
{"id":2176,"date":"2025-10-16T18:01:21","date_gmt":"2025-10-16T10:01:21","guid":{"rendered":"https:\/\/www.xunshi-alloy.com\/?post_type=product&p=2176"},"modified":"2025-10-16T18:01:21","modified_gmt":"2025-10-16T10:01:21","slug":"uns-k92650-wrought-alloy-steel-magnetic-cold-drawn-wire-magnetic-core-material","status":"publish","type":"product","link":"https:\/\/www.xunshi-alloy.com\/es\/producto\/uns-k92650-wrought-alloy-steel-magnetic-cold-drawn-wire-magnetic-core-material\/","title":{"rendered":"UNS K92650 Acero de aleaci\u00f3n forjado magn\u00e9tico, material del n\u00facleo dibujado en fr\u00edo"},"content":{"rendered":"","protected":false},"excerpt":{"rendered":"","protected":false},"featured_media":2178,"template":"","meta":{"_acf_changed":false,"_seopress_robots_primary_cat":""},"product_brand":[],"product_cat":[53],"product_tag":[],"class_list":{"0":"post-2176","1":"product","2":"type-product","3":"status-publish","4":"has-post-thumbnail","6":"product_cat-soft-magnetic-alloys","8":"first","9":"instock","10":"shipping-taxable","11":"product-type-simple"},"acf":[],"_links":{"self":[{"href":"https:\/\/www.xunshi-alloy.com\/es\/wp-json\/wp\/v2\/product\/2176","targetHints":{"allow":["GET"]}}],"collection":[{"href":"https:\/\/www.xunshi-alloy.com\/es\/wp-json\/wp\/v2\/product"}],"about":[{"href":"https:\/\/www.xunshi-alloy.com\/es\/wp-json\/wp\/v2\/types\/product"}],"wp:featuredmedia":[{"embeddable":true,"href":"https:\/\/www.xunshi-alloy.com\/es\/wp-json\/wp\/v2\/media\/2178"}],"wp:attachment":[{"href":"https:\/\/www.xunshi-alloy.com\/es\/wp-json\/wp\/v2\/media?parent=2176"}],"wp:term":[{"taxonomy":"product_brand","embeddable":true,"href":"https:\/\/www.xunshi-alloy.com\/es\/wp-json\/wp\/v2\/product_brand?post=2176"},{"taxonomy":"product_cat","embeddable":true,"href":"https:\/\/www.xunshi-alloy.com\/es\/wp-json\/wp\/v2\/product_cat?post=2176"},{"taxonomy":"product_tag","embeddable":true,"href":"https:\/\/www.xunshi-alloy.com\/es\/wp-json\/wp\/v2\/product_tag?post=2176"}],"curies":[{"name":"wp","href":"https:\/\/api.w.org\/{rel}","templated":true}]}}