
{"id":2223,"date":"2025-10-16T18:13:21","date_gmt":"2025-10-16T10:13:21","guid":{"rendered":"https:\/\/www.xunshi-alloy.com\/?post_type=product&p=2223"},"modified":"2025-10-16T18:13:21","modified_gmt":"2025-10-16T10:13:21","slug":"corrosion-resistant-nickel-cobalt-alloy-refractoloy-26-for-fastener-steam-turbines","status":"publish","type":"product","link":"https:\/\/www.xunshi-alloy.com\/es\/producto\/corrosion-resistant-nickel-cobalt-alloy-refractoloy-26-for-fastener-steam-turbines\/","title":{"rendered":"Materiales refractarios de aleaci\u00f3n de n\u00edquel y cobalto resistentes a la corrosi\u00f3n para sujetadores de turbinas de vapor 26"},"content":{"rendered":"","protected":false},"excerpt":{"rendered":"","protected":false},"featured_media":2225,"template":"","meta":{"_acf_changed":false,"_seopress_robots_primary_cat":""},"product_brand":[],"product_cat":[52],"product_tag":[],"class_list":{"0":"post-2223","1":"product","2":"type-product","3":"status-publish","4":"has-post-thumbnail","6":"product_cat-nickel-cobalt-alloy","8":"first","9":"instock","10":"shipping-taxable","11":"product-type-simple"},"acf":[],"_links":{"self":[{"href":"https:\/\/www.xunshi-alloy.com\/es\/wp-json\/wp\/v2\/product\/2223","targetHints":{"allow":["GET"]}}],"collection":[{"href":"https:\/\/www.xunshi-alloy.com\/es\/wp-json\/wp\/v2\/product"}],"about":[{"href":"https:\/\/www.xunshi-alloy.com\/es\/wp-json\/wp\/v2\/types\/product"}],"wp:featuredmedia":[{"embeddable":true,"href":"https:\/\/www.xunshi-alloy.com\/es\/wp-json\/wp\/v2\/media\/2225"}],"wp:attachment":[{"href":"https:\/\/www.xunshi-alloy.com\/es\/wp-json\/wp\/v2\/media?parent=2223"}],"wp:term":[{"taxonomy":"product_brand","embeddable":true,"href":"https:\/\/www.xunshi-alloy.com\/es\/wp-json\/wp\/v2\/product_brand?post=2223"},{"taxonomy":"product_cat","embeddable":true,"href":"https:\/\/www.xunshi-alloy.com\/es\/wp-json\/wp\/v2\/product_cat?post=2223"},{"taxonomy":"product_tag","embeddable":true,"href":"https:\/\/www.xunshi-alloy.com\/es\/wp-json\/wp\/v2\/product_tag?post=2223"}],"curies":[{"name":"wp","href":"https:\/\/api.w.org\/{rel}","templated":true}]}}