
{"id":1529,"date":"2025-10-16T16:37:21","date_gmt":"2025-10-16T08:37:21","guid":{"rendered":"https:\/\/www.xunshi-alloy.com\/?post_type=product&p=1529"},"modified":"2025-10-16T16:37:21","modified_gmt":"2025-10-16T08:37:21","slug":"ni-span-c-alloy-902-cold-rolled-foil","status":"publish","type":"product","link":"https:\/\/www.xunshi-alloy.com\/fr\/produit\/ni-span-c-alloy-902-cold-rolled-foil\/","title":{"rendered":"Feuille lamin\u00e9e \u00e0 froid en alliage NI-SPAN-C 902"},"content":{"rendered":"<p data-cah=\"2\">L'alliage NI-SPAN-C 902 (N09902) est un alliage Fe-Ni avec un coefficient thermo\u00e9lastique contr\u00f4lable. Le coefficient thermo\u00e9lastique souhait\u00e9 est alors obtenu en utilisant un travail \u00e0 froid et un traitement thermique appropri\u00e9. Le travail \u00e0 froid cr\u00e9e une contrainte interne qui rend le coefficient plus n\u00e9gatif. Un traitement thermique dans une plage de temp\u00e9rature inf\u00e9rieure permet de soulager la contrainte. Ils provoquent \u00e9galement des ph\u00e9nom\u00e8nes d'ordre complexes qui rendent les coefficients plus positifs. Le chauffage \u00e0 des temp\u00e9ratures sup\u00e9rieures \u00e0 environ 900\u00b0F provoque la pr\u00e9cipitation des compos\u00e9s interm\u00e9talliques du titane et du nickel, le nickel \u00e9tant retir\u00e9 de la matrice et le coefficient \u00e9tant encore d\u00e9cal\u00e9 dans la direction positive.<\/p>\n<p> <u><b>Coefficient thermo\u00e9lastique<\/b><\/u><br \/> Le coefficient thermo\u00e9lastique (TEC) d'un alliage est le taux de variation de son module d'\u00e9lasticit\u00e9 en fonction de la temp\u00e9rature. Il est g\u00e9n\u00e9ralement exprim\u00e9 en millionni\u00e8me par degr\u00e9 Fahrenheit (par exemple 5 x 10-6\/degr\u00e9 Fahrenheit).<br \/> La premi\u00e8re mesure de la TEC de l'alliage NI-SPAN-C 902 a \u00e9t\u00e9 effectu\u00e9e \u00e0 l'aide d'un pendule de torsion fonctionnant \u00e0 environ un cycle par seconde. Ces tests sont \u00e0 la base de la plupart des donn\u00e9es publi\u00e9es sur cet alliage. Toutefois, lorsque ces donn\u00e9es ont \u00e9t\u00e9 utilis\u00e9es pour concevoir des \u00e9quipements \u00e0 haute fr\u00e9quence, il a \u00e9t\u00e9 constat\u00e9 qu'elles produisaient des r\u00e9sultats incorrects et que des situations de confusion \u00e9taient apparues.<br \/> Des travaux r\u00e9cents ont abord\u00e9 le probl\u00e8me des r\u00e9sultats contradictoires. On a constat\u00e9 que la fr\u00e9quence de fonctionnement a un effet significatif sur la TEC. Les essais effectu\u00e9s chez Special Metals ont montr\u00e9 que la TEC d'un \u00e9chantillon donn\u00e9 augmente avec la fr\u00e9quence des essais, jusqu'\u00e0 environ 800 cps. Au-dessus de 800 cps, il n'y a pas d'effet de fr\u00e9quence. Des \u00e9chantillons provenant de la m\u00eame chaleur mat\u00e9rielle sont test\u00e9s \u00e0 environ 1500 cps et dans un autre laboratoire \u00e0<br \/> 455 000 cps, ce qui donne le m\u00eame r\u00e9sultat. Burnette du National Bureau of Standards des \u00c9tats-Unis a constat\u00e9 qu'un traitement thermique produisant une TEC nulle sur un \u00e9chantillon test\u00e9 en pendule de torsion de 1 cps produisait une TEC de +40 sur un \u00e9chantillon test\u00e9 en vibration libre de 1000 cps. La figure 2 pr\u00e9sente un diagramme sch\u00e9matique de ces donn\u00e9es et des effets de fr\u00e9quence.<br \/> En raison de l'effet de fr\u00e9quence, il est n\u00e9cessaire de caract\u00e9riser deux domaines d'application de l'alliage NI-SPAN-C 902, chacun n\u00e9cessitant un traitement diff\u00e9rent pour obtenir les meilleurs r\u00e9sultats. <br \/> Il s\u2019agit:<br \/> 1. Dispositifs basse fr\u00e9quence. Il s'agit notamment des ressorts, des tubes de Bourdon, des capsules anero\u00efdes, etc.<br \/> 2. Dispositifs \u00e0 haute fr\u00e9quence. Les diapasons, les lames vibrantes, les filtres m\u00e9caniques et les instruments similaires entrent dans cette cat\u00e9gorie.<\/p>\n<p> <u><b>Propri\u00e9t\u00e9s physiques<\/b><\/u><br \/> Densit\u00e9: 8.05g\/cm3<br \/> Temp\u00e9rature de Curie: 190\u00b0C<br \/> R\u00e9sistivit\u00e9: 1,02 \u00b5\u03a9\u2022m<\/p>\n<p> Le travail \u00e0 froid entra\u00eene une augmentation du module. L'augmentation de la temp\u00e9rature du traitement thermique entra\u00eene \u00e9galement une augmentation.<\/p>\n<p> Bien que cet alliage soit con\u00e7u pour \u00eatre utilis\u00e9 au-dessus de -50\u00b0F, il a \u00e9t\u00e9 utilis\u00e9 avec succ\u00e8s \u00e0 des temp\u00e9ratures inf\u00e9rieures et certaines donn\u00e9es cryog\u00e9niques ont \u00e9t\u00e9<br \/> Publi\u00e9. L'alliage pr\u00e9sente une faible capacit\u00e9 d'amortissement (Q \u00e9lev\u00e9). On rapporte que le mat\u00e9riau travaill\u00e9 \u00e0 froid poss\u00e8de une Q d'environ 8000, soit environ quatre fois la valeur de la forme recuite.<\/p>","protected":false},"excerpt":{"rendered":"<p>Feuille d'alliage Ni Span C 902<\/p>","protected":false},"featured_media":1531,"template":"","meta":{"_acf_changed":false,"_seopress_robots_primary_cat":""},"product_brand":[],"product_cat":[56,52,54],"product_tag":[],"class_list":{"0":"post-1529","1":"product","2":"type-product","3":"status-publish","4":"has-post-thumbnail","6":"product_cat-magnetostrictive-material","7":"product_cat-nickel-cobalt-alloy","8":"product_cat-superelastic-alloy","10":"first","11":"instock","12":"shipping-taxable","13":"product-type-simple"},"acf":[],"_links":{"self":[{"href":"https:\/\/www.xunshi-alloy.com\/fr\/wp-json\/wp\/v2\/product\/1529","targetHints":{"allow":["GET"]}}],"collection":[{"href":"https:\/\/www.xunshi-alloy.com\/fr\/wp-json\/wp\/v2\/product"}],"about":[{"href":"https:\/\/www.xunshi-alloy.com\/fr\/wp-json\/wp\/v2\/types\/product"}],"wp:featuredmedia":[{"embeddable":true,"href":"https:\/\/www.xunshi-alloy.com\/fr\/wp-json\/wp\/v2\/media\/1531"}],"wp:attachment":[{"href":"https:\/\/www.xunshi-alloy.com\/fr\/wp-json\/wp\/v2\/media?parent=1529"}],"wp:term":[{"taxonomy":"product_brand","embeddable":true,"href":"https:\/\/www.xunshi-alloy.com\/fr\/wp-json\/wp\/v2\/product_brand?post=1529"},{"taxonomy":"product_cat","embeddable":true,"href":"https:\/\/www.xunshi-alloy.com\/fr\/wp-json\/wp\/v2\/product_cat?post=1529"},{"taxonomy":"product_tag","embeddable":true,"href":"https:\/\/www.xunshi-alloy.com\/fr\/wp-json\/wp\/v2\/product_tag?post=1529"}],"curies":[{"name":"wp","href":"https:\/\/api.w.org\/{rel}","templated":true}]}}