
{"id":1618,"date":"2025-10-16T16:37:28","date_gmt":"2025-10-16T08:37:28","guid":{"rendered":"https:\/\/www.xunshi-alloy.com\/?post_type=product&p=1618"},"modified":"2025-10-16T16:37:28","modified_gmt":"2025-10-16T08:37:28","slug":"magnetostrictive-waveguide-wire-diameter-0-50mm","status":"publish","type":"product","link":"https:\/\/www.xunshi-alloy.com\/fr\/produit\/magnetostrictive-waveguide-wire-diameter-0-50mm\/","title":{"rendered":"Diam\u00e8tre de fil de guide d'onde magn\u00e9tostrictif 0,50 mm"},"content":{"rendered":"<p data-cah=\"2\"><b>Guide d'onde magn\u00e9tostrictif <\/b><br \/> Nous avons une riche exp\u00e9rience en fournissant des fils de guide d'ondes magn\u00e9tostrictifs \u00e0 nos clients partout dans le monde, et nos fils sont largement utilis\u00e9s pour les jauges de niveau magn\u00e9tostrictifs\/capteurs\/sondes. Nous stockons plus de 100 000 m\u00e8tres de fil d'alliage magn\u00e9tostrictif avec un diam\u00e8tre de 0,50 mm\/0,75 mm\/0,80 mm. Cela nous permet de livrer le lendemain.<\/p>\n<p> <b>Performance des fils de guide d'ondes magn\u00e9tostrictifs<\/b><\/p>\n<table data-cah=\"6\">\n<tbody>\n<tr>\n<td class=\"\"><span class=\"ellipsis\" title=\"Param\u00e8tres\">Param\u00e8tres<\/span><\/td>\n<td class=\"\"><span class=\"ellipsis\" title=\"Commun\">Commun<\/span><\/td>\n<td class=\"\"><span class=\"ellipsis\" title=\"Haute temp\u00e9rature\">Haute temp\u00e9rature<\/span><\/td>\n<\/tr>\n<tr>\n<td class=\"\"><span class=\"ellipsis\" title=\"Magn\u00e9tostriction\">Magn\u00e9tostriction<\/span><\/td>\n<td class=\"\"><span class=\"ellipsis\" title=\"6-8ppm\">6-8ppm<\/span><\/td>\n<td class=\"\"><span class=\"ellipsis\" title=\"25-32 ppm\">25-32 ppm<\/span><\/td>\n<\/tr>\n<tr>\n<td class=\"\"><span class=\"ellipsis\" title=\"Densit\u00e9\">Densit\u00e9<\/span><\/td>\n<td class=\"\"><span class=\"ellipsis\" title=\"8,05\/cm3\">8,05\/cm3<\/span><\/td>\n<td class=\"\"><span class=\"ellipsis\" title=\"8,3\/cm3\">8,3\/cm3<\/span><\/td>\n<\/tr>\n<tr>\n<td class=\"\"><span class=\"ellipsis\" title=\"R\u00e9sistance \u00e0 la traction\">R\u00e9sistance \u00e0 la traction<\/span><\/td>\n<td class=\"\"><span class=\"ellipsis\" title=\"686MPa\">&gt; 686MPa<\/span><\/td>\n<td class=\"\"><span class=\"ellipsis\" title=\"700MPa\">&gt; 700MPa<\/span><\/td>\n<\/tr>\n<tr>\n<td class=\"\"><span class=\"ellipsis\" title=\"Point Curie\">Point Curie<\/span><\/td>\n<td class=\"\"><span class=\"ellipsis\" title=\"120\u2103\">120\u2103<\/span><\/td>\n<td class=\"\"><span class=\"ellipsis\" title=\"530\u2103\">530\u2103<\/span><\/td>\n<\/tr>\n<tr>\n<td class=\"\"><span class=\"ellipsis\" title=\"Temp\u00e9rature de fonctionnement\">Temp\u00e9rature de fonctionnement<\/span><\/td>\n<td class=\"\"><span class=\"ellipsis\" title=\"-40 ~ 80\u00b0C\">-40 ~ 80\u00b0C<\/span><\/td>\n<td class=\"\"><span class=\"ellipsis\" title=\"-40 ~ 300\u00b0C\">-40 ~ 300\u00b0C<\/span><\/td>\n<\/tr>\n<tr>\n<td class=\"\"><span class=\"ellipsis\" title=\"Diam\u00e8tre\">Diam\u00e8tre<\/span><\/td>\n<td class=\"\"><span class=\"ellipsis\" title=\"0,35mm\/0,50mm\/0,75mm\/0,80mm\/1,0mm\">0,35mm\/0,50mm\/0,75mm\/0,80mm\/1,0mm<\/span><\/td>\n<td class=\"\"><span class=\"ellipsis\" title=\"\"><\/span><\/td>\n<\/tr>\n<\/tbody>\n<\/table>\n<p data-cah=\"2\"><b>Applications<\/b><br \/> Fils de guide d'ondes magn\u00e9tostrictifs pour jauges de niveau, capteurs de niveau et capteurs de d\u00e9placement.<\/p>\n<p> <b>\u00c0 propos de nos produits Fils de guide d'ondes magn\u00e9tostrictifs<\/b><br \/> Nos produits ont \u00e9t\u00e9 largement utilis\u00e9s en Chine, en plus du pays, ils sont \u00e9galement export\u00e9s vers la Turquie, la Cor\u00e9e du Sud, l'Iran, l'Afrique du Sud et de nombreux autres pays.<br \/> Nos fils de guide d'ondes ont \u00e9t\u00e9 test\u00e9s par de nombreuses entreprises qui fabriquent des capteurs magn\u00e9tostrictifs. Et les r\u00e9sultats des tests sont tr\u00e8s bons. Nous pouvons fournir des \u00e9chantillons gratuits si n\u00e9cessaire.<br \/> Nous sommes le fournisseur le plus professionnel de fil de guide d'onde magn\u00e9tostrictif en Chine. Bienvenue \u00e0 nous contacter.<\/p>","protected":false},"excerpt":{"rendered":"<p>Guide d'onde magn\u00e9tostrictif<\/p>","protected":false},"featured_media":1622,"template":"","meta":{"_acf_changed":false,"_seopress_robots_primary_cat":""},"product_brand":[],"product_cat":[56],"product_tag":[],"class_list":{"0":"post-1618","1":"product","2":"type-product","3":"status-publish","4":"has-post-thumbnail","6":"product_cat-magnetostrictive-material","8":"first","9":"instock","10":"shipping-taxable","11":"product-type-simple"},"acf":[],"_links":{"self":[{"href":"https:\/\/www.xunshi-alloy.com\/fr\/wp-json\/wp\/v2\/product\/1618","targetHints":{"allow":["GET"]}}],"collection":[{"href":"https:\/\/www.xunshi-alloy.com\/fr\/wp-json\/wp\/v2\/product"}],"about":[{"href":"https:\/\/www.xunshi-alloy.com\/fr\/wp-json\/wp\/v2\/types\/product"}],"wp:featuredmedia":[{"embeddable":true,"href":"https:\/\/www.xunshi-alloy.com\/fr\/wp-json\/wp\/v2\/media\/1622"}],"wp:attachment":[{"href":"https:\/\/www.xunshi-alloy.com\/fr\/wp-json\/wp\/v2\/media?parent=1618"}],"wp:term":[{"taxonomy":"product_brand","embeddable":true,"href":"https:\/\/www.xunshi-alloy.com\/fr\/wp-json\/wp\/v2\/product_brand?post=1618"},{"taxonomy":"product_cat","embeddable":true,"href":"https:\/\/www.xunshi-alloy.com\/fr\/wp-json\/wp\/v2\/product_cat?post=1618"},{"taxonomy":"product_tag","embeddable":true,"href":"https:\/\/www.xunshi-alloy.com\/fr\/wp-json\/wp\/v2\/product_tag?post=1618"}],"curies":[{"name":"wp","href":"https:\/\/api.w.org\/{rel}","templated":true}]}}