
{"id":1691,"date":"2025-10-16T16:55:26","date_gmt":"2025-10-16T08:55:26","guid":{"rendered":"https:\/\/www.xunshi-alloy.com\/?post_type=product&p=1691"},"modified":"2025-10-16T16:55:26","modified_gmt":"2025-10-16T08:55:26","slug":"invar-36-low-expansion-alloy-readily-weldable-corrosion-resistance","status":"publish","type":"product","link":"https:\/\/www.xunshi-alloy.com\/fr\/produit\/invar-36-low-expansion-alloy-readily-weldable-corrosion-resistance\/","title":{"rendered":"L'alliage \u00e0 faible dilatation Invar 36 est facile \u00e0 souder et r\u00e9sistant \u00e0 la corrosion"},"content":{"rendered":"","protected":false},"excerpt":{"rendered":"","protected":false},"featured_media":1695,"template":"","meta":{"_acf_changed":false,"_seopress_robots_primary_cat":""},"product_brand":[],"product_cat":[55],"product_tag":[],"class_list":{"0":"post-1691","1":"product","2":"type-product","3":"status-publish","4":"has-post-thumbnail","6":"product_cat-controlled-expansion-alloys","8":"first","9":"instock","10":"shipping-taxable","11":"product-type-simple"},"acf":[],"_links":{"self":[{"href":"https:\/\/www.xunshi-alloy.com\/fr\/wp-json\/wp\/v2\/product\/1691","targetHints":{"allow":["GET"]}}],"collection":[{"href":"https:\/\/www.xunshi-alloy.com\/fr\/wp-json\/wp\/v2\/product"}],"about":[{"href":"https:\/\/www.xunshi-alloy.com\/fr\/wp-json\/wp\/v2\/types\/product"}],"wp:featuredmedia":[{"embeddable":true,"href":"https:\/\/www.xunshi-alloy.com\/fr\/wp-json\/wp\/v2\/media\/1695"}],"wp:attachment":[{"href":"https:\/\/www.xunshi-alloy.com\/fr\/wp-json\/wp\/v2\/media?parent=1691"}],"wp:term":[{"taxonomy":"product_brand","embeddable":true,"href":"https:\/\/www.xunshi-alloy.com\/fr\/wp-json\/wp\/v2\/product_brand?post=1691"},{"taxonomy":"product_cat","embeddable":true,"href":"https:\/\/www.xunshi-alloy.com\/fr\/wp-json\/wp\/v2\/product_cat?post=1691"},{"taxonomy":"product_tag","embeddable":true,"href":"https:\/\/www.xunshi-alloy.com\/fr\/wp-json\/wp\/v2\/product_tag?post=1691"}],"curies":[{"name":"wp","href":"https:\/\/api.w.org\/{rel}","templated":true}]}}