
{"id":1707,"date":"2025-10-16T16:57:21","date_gmt":"2025-10-16T08:57:21","guid":{"rendered":"https:\/\/www.xunshi-alloy.com\/?post_type=product&p=1707"},"modified":"2025-10-16T16:57:21","modified_gmt":"2025-10-16T08:57:21","slug":"ultimet-alloy-r31233-astm-b815-rod","status":"publish","type":"product","link":"https:\/\/www.xunshi-alloy.com\/fr\/produit\/ultimet-alloy-r31233-astm-b815-rod\/","title":{"rendered":"ULTIMET Alloy R31233 ASTM B815 Rod"},"content":{"rendered":"<p data-cah=\"2\">Ultimet alloy(UNS R31233) is a cobalt-chromium-nickel-molybdenum-tungsten alloy for wear applications and general corrosion service. ASTM B815 covers the alloy in form of rod. The requirements for the chemical composition hardness and tolerance, tensile strength, yield strength, and elongation are specified.<\/p>\n<p> Ultimet is a STELLITE alloy-like wear resistance and HASTELLOY alloy-like corrosion resistance in a single, highly weldable material.<br \/> ULTIMET alloy (UNS R31233) provides a unique blend of properties. From a wear standpoint, it behaves like the STELLITE\u00ae alloys with lower carbon contents. From a corrosion standpoint, it possesses many of the attributes of the C-type and G-type HASTELLOY\u00ae materials, in particular outstanding resistance to chloride-induced pitting and crevice corrosion. Its mechanical and welding characteristics are much closer to those of the HASTELLOY\u00ae alloys than those of the STELLITE\u00ae alloys, whose low ductilities can be problematic.<br \/> Et ultime \u00ae Les alliages ont \u00e9t\u00e9 utilis\u00e9s avec succ\u00e8s sous forme de produits forg\u00e9s, et leurs applications les plus importantes concernent le soudage en surfaces, fabriqu\u00e9 \u00e0 partir de consommables en fil massif et de proc\u00e9d\u00e9s de soudage \u00e0 l'arc, tels que GMAW (MIG) et GTAW (TIG).<\/p>","protected":false},"excerpt":{"rendered":"<p>UNS R31233 wear resistance<\/p>","protected":false},"featured_media":1710,"template":"","meta":{"_acf_changed":false,"_seopress_robots_primary_cat":""},"product_brand":[],"product_cat":[52],"product_tag":[],"class_list":{"0":"post-1707","1":"product","2":"type-product","3":"status-publish","4":"has-post-thumbnail","6":"product_cat-nickel-cobalt-alloy","8":"first","9":"instock","10":"shipping-taxable","11":"product-type-simple"},"acf":[],"_links":{"self":[{"href":"https:\/\/www.xunshi-alloy.com\/fr\/wp-json\/wp\/v2\/product\/1707","targetHints":{"allow":["GET"]}}],"collection":[{"href":"https:\/\/www.xunshi-alloy.com\/fr\/wp-json\/wp\/v2\/product"}],"about":[{"href":"https:\/\/www.xunshi-alloy.com\/fr\/wp-json\/wp\/v2\/types\/product"}],"wp:featuredmedia":[{"embeddable":true,"href":"https:\/\/www.xunshi-alloy.com\/fr\/wp-json\/wp\/v2\/media\/1710"}],"wp:attachment":[{"href":"https:\/\/www.xunshi-alloy.com\/fr\/wp-json\/wp\/v2\/media?parent=1707"}],"wp:term":[{"taxonomy":"product_brand","embeddable":true,"href":"https:\/\/www.xunshi-alloy.com\/fr\/wp-json\/wp\/v2\/product_brand?post=1707"},{"taxonomy":"product_cat","embeddable":true,"href":"https:\/\/www.xunshi-alloy.com\/fr\/wp-json\/wp\/v2\/product_cat?post=1707"},{"taxonomy":"product_tag","embeddable":true,"href":"https:\/\/www.xunshi-alloy.com\/fr\/wp-json\/wp\/v2\/product_tag?post=1707"}],"curies":[{"name":"wp","href":"https:\/\/api.w.org\/{rel}","templated":true}]}}