
{"id":1823,"date":"2025-10-16T17:09:21","date_gmt":"2025-10-16T09:09:21","guid":{"rendered":"https:\/\/www.xunshi-alloy.com\/?post_type=product&p=1823"},"modified":"2025-10-16T17:09:21","modified_gmt":"2025-10-16T09:09:21","slug":"ams-5225-uns-n09902-nickel-iron-alloy-strip-solution-heat-treated-cold-rolled-50-reduction","status":"publish","type":"product","link":"https:\/\/www.xunshi-alloy.com\/fr\/produit\/ams-5225-uns-n09902-nickel-iron-alloy-strip-solution-heat-treated-cold-rolled-50-reduction\/","title":{"rendered":"AMS 5225 UNS N09902 Bande d'alliage de fer-nickel trait\u00e9e thermiquement en solution lamin\u00e9e \u00e0 froid 50% r\u00e9duction"},"content":{"rendered":"","protected":false},"excerpt":{"rendered":"","protected":false},"featured_media":1827,"template":"","meta":{"_acf_changed":false,"_seopress_robots_primary_cat":""},"product_brand":[],"product_cat":[54],"product_tag":[],"class_list":{"0":"post-1823","1":"product","2":"type-product","3":"status-publish","4":"has-post-thumbnail","6":"product_cat-superelastic-alloy","8":"first","9":"instock","10":"shipping-taxable","11":"product-type-simple"},"acf":[],"_links":{"self":[{"href":"https:\/\/www.xunshi-alloy.com\/fr\/wp-json\/wp\/v2\/product\/1823","targetHints":{"allow":["GET"]}}],"collection":[{"href":"https:\/\/www.xunshi-alloy.com\/fr\/wp-json\/wp\/v2\/product"}],"about":[{"href":"https:\/\/www.xunshi-alloy.com\/fr\/wp-json\/wp\/v2\/types\/product"}],"wp:featuredmedia":[{"embeddable":true,"href":"https:\/\/www.xunshi-alloy.com\/fr\/wp-json\/wp\/v2\/media\/1827"}],"wp:attachment":[{"href":"https:\/\/www.xunshi-alloy.com\/fr\/wp-json\/wp\/v2\/media?parent=1823"}],"wp:term":[{"taxonomy":"product_brand","embeddable":true,"href":"https:\/\/www.xunshi-alloy.com\/fr\/wp-json\/wp\/v2\/product_brand?post=1823"},{"taxonomy":"product_cat","embeddable":true,"href":"https:\/\/www.xunshi-alloy.com\/fr\/wp-json\/wp\/v2\/product_cat?post=1823"},{"taxonomy":"product_tag","embeddable":true,"href":"https:\/\/www.xunshi-alloy.com\/fr\/wp-json\/wp\/v2\/product_tag?post=1823"}],"curies":[{"name":"wp","href":"https:\/\/api.w.org\/{rel}","templated":true}]}}