
{"id":1929,"date":"2025-10-16T17:21:21","date_gmt":"2025-10-16T09:21:21","guid":{"rendered":"https:\/\/www.xunshi-alloy.com\/?post_type=product&p=1929"},"modified":"2025-10-16T17:21:21","modified_gmt":"2025-10-16T09:21:21","slug":"r30003-ams-5876-d-super-elastic-material-cobalt-corrosion-heat-resistant-alloys","status":"publish","type":"product","link":"https:\/\/www.xunshi-alloy.com\/fr\/produit\/r30003-ams-5876-d-super-elastic-material-cobalt-corrosion-heat-resistant-alloys\/","title":{"rendered":"R30003 AMS 5876 D Mat\u00e9riau super \u00e9lastique, alliage r\u00e9sistant \u00e0 la chaleur \u00e0 la corrosion du cobalt"},"content":{"rendered":"","protected":false},"excerpt":{"rendered":"","protected":false},"featured_media":1933,"template":"","meta":{"_acf_changed":false,"_seopress_robots_primary_cat":""},"product_brand":[],"product_cat":[54],"product_tag":[],"class_list":{"0":"post-1929","1":"product","2":"type-product","3":"status-publish","4":"has-post-thumbnail","6":"product_cat-superelastic-alloy","8":"first","9":"instock","10":"shipping-taxable","11":"product-type-simple"},"acf":[],"_links":{"self":[{"href":"https:\/\/www.xunshi-alloy.com\/fr\/wp-json\/wp\/v2\/product\/1929","targetHints":{"allow":["GET"]}}],"collection":[{"href":"https:\/\/www.xunshi-alloy.com\/fr\/wp-json\/wp\/v2\/product"}],"about":[{"href":"https:\/\/www.xunshi-alloy.com\/fr\/wp-json\/wp\/v2\/types\/product"}],"wp:featuredmedia":[{"embeddable":true,"href":"https:\/\/www.xunshi-alloy.com\/fr\/wp-json\/wp\/v2\/media\/1933"}],"wp:attachment":[{"href":"https:\/\/www.xunshi-alloy.com\/fr\/wp-json\/wp\/v2\/media?parent=1929"}],"wp:term":[{"taxonomy":"product_brand","embeddable":true,"href":"https:\/\/www.xunshi-alloy.com\/fr\/wp-json\/wp\/v2\/product_brand?post=1929"},{"taxonomy":"product_cat","embeddable":true,"href":"https:\/\/www.xunshi-alloy.com\/fr\/wp-json\/wp\/v2\/product_cat?post=1929"},{"taxonomy":"product_tag","embeddable":true,"href":"https:\/\/www.xunshi-alloy.com\/fr\/wp-json\/wp\/v2\/product_tag?post=1929"}],"curies":[{"name":"wp","href":"https:\/\/api.w.org\/{rel}","templated":true}]}}