
{"id":1968,"date":"2025-10-16T17:31:26","date_gmt":"2025-10-16T09:31:26","guid":{"rendered":"https:\/\/www.xunshi-alloy.com\/?post_type=product&p=1968"},"modified":"2025-10-16T17:31:26","modified_gmt":"2025-10-16T09:31:26","slug":"kovar-tubing-controlled-expansion-alloys-o-d-0-2-8mm-thickness-0-015-0-5mm","status":"publish","type":"product","link":"https:\/\/www.xunshi-alloy.com\/fr\/produit\/kovar-tubing-controlled-expansion-alloys-o-d-0-2-8mm-thickness-0-015-0-5mm\/","title":{"rendered":"Alliage d'expansion contr\u00f4lable du tube de Kovar diam\u00e8tre ext\u00e9rieur 0.2-8mm \u00e9paisseur 0.015-0.5mm"},"content":{"rendered":"","protected":false},"excerpt":{"rendered":"","protected":false},"featured_media":1971,"template":"","meta":{"_acf_changed":false,"_seopress_robots_primary_cat":""},"product_brand":[],"product_cat":[55],"product_tag":[],"class_list":{"0":"post-1968","1":"product","2":"type-product","3":"status-publish","4":"has-post-thumbnail","6":"product_cat-controlled-expansion-alloys","8":"first","9":"instock","10":"shipping-taxable","11":"product-type-simple"},"acf":[],"_links":{"self":[{"href":"https:\/\/www.xunshi-alloy.com\/fr\/wp-json\/wp\/v2\/product\/1968","targetHints":{"allow":["GET"]}}],"collection":[{"href":"https:\/\/www.xunshi-alloy.com\/fr\/wp-json\/wp\/v2\/product"}],"about":[{"href":"https:\/\/www.xunshi-alloy.com\/fr\/wp-json\/wp\/v2\/types\/product"}],"wp:featuredmedia":[{"embeddable":true,"href":"https:\/\/www.xunshi-alloy.com\/fr\/wp-json\/wp\/v2\/media\/1971"}],"wp:attachment":[{"href":"https:\/\/www.xunshi-alloy.com\/fr\/wp-json\/wp\/v2\/media?parent=1968"}],"wp:term":[{"taxonomy":"product_brand","embeddable":true,"href":"https:\/\/www.xunshi-alloy.com\/fr\/wp-json\/wp\/v2\/product_brand?post=1968"},{"taxonomy":"product_cat","embeddable":true,"href":"https:\/\/www.xunshi-alloy.com\/fr\/wp-json\/wp\/v2\/product_cat?post=1968"},{"taxonomy":"product_tag","embeddable":true,"href":"https:\/\/www.xunshi-alloy.com\/fr\/wp-json\/wp\/v2\/product_tag?post=1968"}],"curies":[{"name":"wp","href":"https:\/\/api.w.org\/{rel}","templated":true}]}}