
{"id":1969,"date":"2025-10-16T17:27:21","date_gmt":"2025-10-16T09:27:21","guid":{"rendered":"https:\/\/www.xunshi-alloy.com\/?post_type=product&p=1969"},"modified":"2025-10-16T17:27:21","modified_gmt":"2025-10-16T09:27:21","slug":"haynes-188-high-nickel-alloys-forgings-ams-5772-uns-r30188-cocr22niw","status":"publish","type":"product","link":"https:\/\/www.xunshi-alloy.com\/fr\/produit\/haynes-188-high-nickel-alloys-forgings-ams-5772-uns-r30188-cocr22niw\/","title":{"rendered":"Haynes 188 Pi\u00e8ces forg\u00e9es en alliage \u00e0 haute teneur en nickel AMS 5772 UNS R30188 CoCr22NiW"},"content":{"rendered":"","protected":false},"excerpt":{"rendered":"","protected":false},"featured_media":1972,"template":"","meta":{"_acf_changed":false,"_seopress_robots_primary_cat":""},"product_brand":[],"product_cat":[52],"product_tag":[],"class_list":{"0":"post-1969","1":"product","2":"type-product","3":"status-publish","4":"has-post-thumbnail","6":"product_cat-nickel-cobalt-alloy","8":"first","9":"instock","10":"shipping-taxable","11":"product-type-simple"},"acf":[],"_links":{"self":[{"href":"https:\/\/www.xunshi-alloy.com\/fr\/wp-json\/wp\/v2\/product\/1969","targetHints":{"allow":["GET"]}}],"collection":[{"href":"https:\/\/www.xunshi-alloy.com\/fr\/wp-json\/wp\/v2\/product"}],"about":[{"href":"https:\/\/www.xunshi-alloy.com\/fr\/wp-json\/wp\/v2\/types\/product"}],"wp:featuredmedia":[{"embeddable":true,"href":"https:\/\/www.xunshi-alloy.com\/fr\/wp-json\/wp\/v2\/media\/1972"}],"wp:attachment":[{"href":"https:\/\/www.xunshi-alloy.com\/fr\/wp-json\/wp\/v2\/media?parent=1969"}],"wp:term":[{"taxonomy":"product_brand","embeddable":true,"href":"https:\/\/www.xunshi-alloy.com\/fr\/wp-json\/wp\/v2\/product_brand?post=1969"},{"taxonomy":"product_cat","embeddable":true,"href":"https:\/\/www.xunshi-alloy.com\/fr\/wp-json\/wp\/v2\/product_cat?post=1969"},{"taxonomy":"product_tag","embeddable":true,"href":"https:\/\/www.xunshi-alloy.com\/fr\/wp-json\/wp\/v2\/product_tag?post=1969"}],"curies":[{"name":"wp","href":"https:\/\/api.w.org\/{rel}","templated":true}]}}