
{"id":1989,"date":"2025-10-16T17:29:21","date_gmt":"2025-10-16T09:29:21","guid":{"rendered":"https:\/\/www.xunshi-alloy.com\/?post_type=product&p=1989"},"modified":"2025-10-16T17:29:21","modified_gmt":"2025-10-16T09:29:21","slug":"hiperco50-hs-soft-magnetic-alloy-cold-rolled-strip-with-high-yield-strength-r30005-with-niobium-addition","status":"publish","type":"product","link":"https:\/\/www.xunshi-alloy.com\/fr\/produit\/hiperco50-hs-soft-magnetic-alloy-cold-rolled-strip-with-high-yield-strength-r30005-with-niobium-addition\/","title":{"rendered":"Bande lamin\u00e9e \u00e0 froid en alliage magn\u00e9tique doux \u00e0 haute limite d'\u00e9lasticit\u00e9 de Hiperco50 HS avec niobium ajout\u00e9 R30005"},"content":{"rendered":"","protected":false},"excerpt":{"rendered":"","protected":false},"featured_media":1992,"template":"","meta":{"_acf_changed":false,"_seopress_robots_primary_cat":""},"product_brand":[],"product_cat":[53],"product_tag":[],"class_list":{"0":"post-1989","1":"product","2":"type-product","3":"status-publish","4":"has-post-thumbnail","6":"product_cat-soft-magnetic-alloys","8":"first","9":"instock","10":"shipping-taxable","11":"product-type-simple"},"acf":[],"_links":{"self":[{"href":"https:\/\/www.xunshi-alloy.com\/fr\/wp-json\/wp\/v2\/product\/1989","targetHints":{"allow":["GET"]}}],"collection":[{"href":"https:\/\/www.xunshi-alloy.com\/fr\/wp-json\/wp\/v2\/product"}],"about":[{"href":"https:\/\/www.xunshi-alloy.com\/fr\/wp-json\/wp\/v2\/types\/product"}],"wp:featuredmedia":[{"embeddable":true,"href":"https:\/\/www.xunshi-alloy.com\/fr\/wp-json\/wp\/v2\/media\/1992"}],"wp:attachment":[{"href":"https:\/\/www.xunshi-alloy.com\/fr\/wp-json\/wp\/v2\/media?parent=1989"}],"wp:term":[{"taxonomy":"product_brand","embeddable":true,"href":"https:\/\/www.xunshi-alloy.com\/fr\/wp-json\/wp\/v2\/product_brand?post=1989"},{"taxonomy":"product_cat","embeddable":true,"href":"https:\/\/www.xunshi-alloy.com\/fr\/wp-json\/wp\/v2\/product_cat?post=1989"},{"taxonomy":"product_tag","embeddable":true,"href":"https:\/\/www.xunshi-alloy.com\/fr\/wp-json\/wp\/v2\/product_tag?post=1989"}],"curies":[{"name":"wp","href":"https:\/\/api.w.org\/{rel}","templated":true}]}}