
{"id":2103,"date":"2025-10-16T17:43:21","date_gmt":"2025-10-16T09:43:21","guid":{"rendered":"https:\/\/www.xunshi-alloy.com\/?post_type=product&p=2103"},"modified":"2025-10-16T17:43:21","modified_gmt":"2025-10-16T09:43:21","slug":"mechanical-resonators-superelastic-alloy-902-cold-drawn-wire-ni-span-c-alloy","status":"publish","type":"product","link":"https:\/\/www.xunshi-alloy.com\/fr\/produit\/mechanical-resonators-superelastic-alloy-902-cold-drawn-wire-ni-span-c-alloy\/","title":{"rendered":"R\u00e9sonateur m\u00e9canique Alliage super\u00e9lastique 902 Alliage Ni Span C tr\u00e9fil\u00e9 \u00e0 froid"},"content":{"rendered":"","protected":false},"excerpt":{"rendered":"","protected":false},"featured_media":2107,"template":"","meta":{"_acf_changed":false,"_seopress_robots_primary_cat":""},"product_brand":[],"product_cat":[54],"product_tag":[],"class_list":{"0":"post-2103","1":"product","2":"type-product","3":"status-publish","4":"has-post-thumbnail","6":"product_cat-superelastic-alloy","8":"first","9":"instock","10":"shipping-taxable","11":"product-type-simple"},"acf":[],"_links":{"self":[{"href":"https:\/\/www.xunshi-alloy.com\/fr\/wp-json\/wp\/v2\/product\/2103","targetHints":{"allow":["GET"]}}],"collection":[{"href":"https:\/\/www.xunshi-alloy.com\/fr\/wp-json\/wp\/v2\/product"}],"about":[{"href":"https:\/\/www.xunshi-alloy.com\/fr\/wp-json\/wp\/v2\/types\/product"}],"wp:featuredmedia":[{"embeddable":true,"href":"https:\/\/www.xunshi-alloy.com\/fr\/wp-json\/wp\/v2\/media\/2107"}],"wp:attachment":[{"href":"https:\/\/www.xunshi-alloy.com\/fr\/wp-json\/wp\/v2\/media?parent=2103"}],"wp:term":[{"taxonomy":"product_brand","embeddable":true,"href":"https:\/\/www.xunshi-alloy.com\/fr\/wp-json\/wp\/v2\/product_brand?post=2103"},{"taxonomy":"product_cat","embeddable":true,"href":"https:\/\/www.xunshi-alloy.com\/fr\/wp-json\/wp\/v2\/product_cat?post=2103"},{"taxonomy":"product_tag","embeddable":true,"href":"https:\/\/www.xunshi-alloy.com\/fr\/wp-json\/wp\/v2\/product_tag?post=2103"}],"curies":[{"name":"wp","href":"https:\/\/api.w.org\/{rel}","templated":true}]}}