
{"id":2133,"date":"2025-10-16T17:49:21","date_gmt":"2025-10-16T09:49:21","guid":{"rendered":"https:\/\/www.xunshi-alloy.com\/?post_type=product&p=2133"},"modified":"2025-10-16T17:49:21","modified_gmt":"2025-10-16T09:49:21","slug":"cobalt-soft-iron-material-with-high-saturation-machined-part-forging-billet-r30005","status":"publish","type":"product","link":"https:\/\/www.xunshi-alloy.com\/fr\/produit\/cobalt-soft-iron-material-with-high-saturation-machined-part-forging-billet-r30005\/","title":{"rendered":"Pi\u00e8ces usin\u00e9es en fer doux au cobalt \u00e0 haute saturation R30005"},"content":{"rendered":"","protected":false},"excerpt":{"rendered":"","protected":false},"featured_media":2134,"template":"","meta":{"_acf_changed":false,"_seopress_robots_primary_cat":""},"product_brand":[],"product_cat":[53],"product_tag":[],"class_list":{"0":"post-2133","1":"product","2":"type-product","3":"status-publish","4":"has-post-thumbnail","6":"product_cat-soft-magnetic-alloys","8":"first","9":"instock","10":"shipping-taxable","11":"product-type-simple"},"acf":[],"_links":{"self":[{"href":"https:\/\/www.xunshi-alloy.com\/fr\/wp-json\/wp\/v2\/product\/2133","targetHints":{"allow":["GET"]}}],"collection":[{"href":"https:\/\/www.xunshi-alloy.com\/fr\/wp-json\/wp\/v2\/product"}],"about":[{"href":"https:\/\/www.xunshi-alloy.com\/fr\/wp-json\/wp\/v2\/types\/product"}],"wp:featuredmedia":[{"embeddable":true,"href":"https:\/\/www.xunshi-alloy.com\/fr\/wp-json\/wp\/v2\/media\/2134"}],"wp:attachment":[{"href":"https:\/\/www.xunshi-alloy.com\/fr\/wp-json\/wp\/v2\/media?parent=2133"}],"wp:term":[{"taxonomy":"product_brand","embeddable":true,"href":"https:\/\/www.xunshi-alloy.com\/fr\/wp-json\/wp\/v2\/product_brand?post=2133"},{"taxonomy":"product_cat","embeddable":true,"href":"https:\/\/www.xunshi-alloy.com\/fr\/wp-json\/wp\/v2\/product_cat?post=2133"},{"taxonomy":"product_tag","embeddable":true,"href":"https:\/\/www.xunshi-alloy.com\/fr\/wp-json\/wp\/v2\/product_tag?post=2133"}],"curies":[{"name":"wp","href":"https:\/\/api.w.org\/{rel}","templated":true}]}}