
{"id":2138,"date":"2025-10-16T17:49:21","date_gmt":"2025-10-16T09:49:21","guid":{"rendered":"https:\/\/www.xunshi-alloy.com\/?post_type=product&p=2138"},"modified":"2025-10-16T17:49:21","modified_gmt":"2025-10-16T09:49:21","slug":"constant-superelastic-alloy-cold-drawn-wire-for-spring-elastic-components-3j53","status":"publish","type":"product","link":"https:\/\/www.xunshi-alloy.com\/fr\/produit\/constant-superelastic-alloy-cold-drawn-wire-for-spring-elastic-components-3j53\/","title":{"rendered":"Alliage \u00e9lastique Hengchao tr\u00e9fil\u00e9 \u00e0 froid 3J53 pour \u00e9l\u00e9ments \u00e9lastiques de ressort"},"content":{"rendered":"","protected":false},"excerpt":{"rendered":"","protected":false},"featured_media":2141,"template":"","meta":{"_acf_changed":false,"_seopress_robots_primary_cat":""},"product_brand":[],"product_cat":[54],"product_tag":[],"class_list":{"0":"post-2138","1":"product","2":"type-product","3":"status-publish","4":"has-post-thumbnail","6":"product_cat-superelastic-alloy","8":"first","9":"instock","10":"shipping-taxable","11":"product-type-simple"},"acf":[],"_links":{"self":[{"href":"https:\/\/www.xunshi-alloy.com\/fr\/wp-json\/wp\/v2\/product\/2138","targetHints":{"allow":["GET"]}}],"collection":[{"href":"https:\/\/www.xunshi-alloy.com\/fr\/wp-json\/wp\/v2\/product"}],"about":[{"href":"https:\/\/www.xunshi-alloy.com\/fr\/wp-json\/wp\/v2\/types\/product"}],"wp:featuredmedia":[{"embeddable":true,"href":"https:\/\/www.xunshi-alloy.com\/fr\/wp-json\/wp\/v2\/media\/2141"}],"wp:attachment":[{"href":"https:\/\/www.xunshi-alloy.com\/fr\/wp-json\/wp\/v2\/media?parent=2138"}],"wp:term":[{"taxonomy":"product_brand","embeddable":true,"href":"https:\/\/www.xunshi-alloy.com\/fr\/wp-json\/wp\/v2\/product_brand?post=2138"},{"taxonomy":"product_cat","embeddable":true,"href":"https:\/\/www.xunshi-alloy.com\/fr\/wp-json\/wp\/v2\/product_cat?post=2138"},{"taxonomy":"product_tag","embeddable":true,"href":"https:\/\/www.xunshi-alloy.com\/fr\/wp-json\/wp\/v2\/product_tag?post=2138"}],"curies":[{"name":"wp","href":"https:\/\/api.w.org\/{rel}","templated":true}]}}