
{"id":2190,"date":"2025-10-16T18:03:21","date_gmt":"2025-10-16T10:03:21","guid":{"rendered":"https:\/\/www.xunshi-alloy.com\/?post_type=product&p=2190"},"modified":"2025-10-16T18:03:21","modified_gmt":"2025-10-16T10:03:21","slug":"jet-engine-missile-components-high-nickel-alloys-gh4141-machining-nickel-alloys","status":"publish","type":"product","link":"https:\/\/www.xunshi-alloy.com\/fr\/produit\/jet-engine-missile-components-high-nickel-alloys-gh4141-machining-nickel-alloys\/","title":{"rendered":"Alliage de nickel \u00e9lev\u00e9 pour les pi\u00e8ces de missile du moteur \u00e0 r\u00e9action, alliage de nickel usin\u00e9 GH4141"},"content":{"rendered":"","protected":false},"excerpt":{"rendered":"","protected":false},"featured_media":2191,"template":"","meta":{"_acf_changed":false,"_seopress_robots_primary_cat":""},"product_brand":[],"product_cat":[52],"product_tag":[],"class_list":{"0":"post-2190","1":"product","2":"type-product","3":"status-publish","4":"has-post-thumbnail","6":"product_cat-nickel-cobalt-alloy","8":"first","9":"instock","10":"shipping-taxable","11":"product-type-simple"},"acf":[],"_links":{"self":[{"href":"https:\/\/www.xunshi-alloy.com\/fr\/wp-json\/wp\/v2\/product\/2190","targetHints":{"allow":["GET"]}}],"collection":[{"href":"https:\/\/www.xunshi-alloy.com\/fr\/wp-json\/wp\/v2\/product"}],"about":[{"href":"https:\/\/www.xunshi-alloy.com\/fr\/wp-json\/wp\/v2\/types\/product"}],"wp:featuredmedia":[{"embeddable":true,"href":"https:\/\/www.xunshi-alloy.com\/fr\/wp-json\/wp\/v2\/media\/2191"}],"wp:attachment":[{"href":"https:\/\/www.xunshi-alloy.com\/fr\/wp-json\/wp\/v2\/media?parent=2190"}],"wp:term":[{"taxonomy":"product_brand","embeddable":true,"href":"https:\/\/www.xunshi-alloy.com\/fr\/wp-json\/wp\/v2\/product_brand?post=2190"},{"taxonomy":"product_cat","embeddable":true,"href":"https:\/\/www.xunshi-alloy.com\/fr\/wp-json\/wp\/v2\/product_cat?post=2190"},{"taxonomy":"product_tag","embeddable":true,"href":"https:\/\/www.xunshi-alloy.com\/fr\/wp-json\/wp\/v2\/product_tag?post=2190"}],"curies":[{"name":"wp","href":"https:\/\/api.w.org\/{rel}","templated":true}]}}