
{"id":2229,"date":"2025-10-16T18:15:21","date_gmt":"2025-10-16T10:15:21","guid":{"rendered":"https:\/\/www.xunshi-alloy.com\/?post_type=product&p=2229"},"modified":"2025-10-16T18:15:21","modified_gmt":"2025-10-16T10:15:21","slug":"cold-rolled-plate-nickel-based-alloy-gh4080a-for-high-temperature-below-800c","status":"publish","type":"product","link":"https:\/\/www.xunshi-alloy.com\/fr\/produit\/cold-rolled-plate-nickel-based-alloy-gh4080a-for-high-temperature-below-800c\/","title":{"rendered":"Plaque d'alliage \u00e0 base de nickel lamin\u00e9e \u00e0 froid GH4080A pour temp\u00e9rature \u00e9lev\u00e9e inf\u00e9rieure \u00e0 800 \u2103"},"content":{"rendered":"","protected":false},"excerpt":{"rendered":"","protected":false},"featured_media":2230,"template":"","meta":{"_acf_changed":false,"_seopress_robots_primary_cat":""},"product_brand":[],"product_cat":[52],"product_tag":[],"class_list":{"0":"post-2229","1":"product","2":"type-product","3":"status-publish","4":"has-post-thumbnail","6":"product_cat-nickel-cobalt-alloy","8":"first","9":"instock","10":"shipping-taxable","11":"product-type-simple"},"acf":[],"_links":{"self":[{"href":"https:\/\/www.xunshi-alloy.com\/fr\/wp-json\/wp\/v2\/product\/2229","targetHints":{"allow":["GET"]}}],"collection":[{"href":"https:\/\/www.xunshi-alloy.com\/fr\/wp-json\/wp\/v2\/product"}],"about":[{"href":"https:\/\/www.xunshi-alloy.com\/fr\/wp-json\/wp\/v2\/types\/product"}],"wp:featuredmedia":[{"embeddable":true,"href":"https:\/\/www.xunshi-alloy.com\/fr\/wp-json\/wp\/v2\/media\/2230"}],"wp:attachment":[{"href":"https:\/\/www.xunshi-alloy.com\/fr\/wp-json\/wp\/v2\/media?parent=2229"}],"wp:term":[{"taxonomy":"product_brand","embeddable":true,"href":"https:\/\/www.xunshi-alloy.com\/fr\/wp-json\/wp\/v2\/product_brand?post=2229"},{"taxonomy":"product_cat","embeddable":true,"href":"https:\/\/www.xunshi-alloy.com\/fr\/wp-json\/wp\/v2\/product_cat?post=2229"},{"taxonomy":"product_tag","embeddable":true,"href":"https:\/\/www.xunshi-alloy.com\/fr\/wp-json\/wp\/v2\/product_tag?post=2229"}],"curies":[{"name":"wp","href":"https:\/\/api.w.org\/{rel}","templated":true}]}}