
{"id":2258,"date":"2025-10-16T18:35:21","date_gmt":"2025-10-16T10:35:21","guid":{"rendered":"https:\/\/www.xunshi-alloy.com\/?post_type=product&p=2258"},"modified":"2025-10-16T18:35:21","modified_gmt":"2025-10-16T10:35:21","slug":"cold-rolled-strip-soft-magnetic-alloys-astm-a801-uns-r30005-fecov-high-permeability","status":"publish","type":"product","link":"https:\/\/www.xunshi-alloy.com\/fr\/produit\/cold-rolled-strip-soft-magnetic-alloys-astm-a801-uns-r30005-fecov-high-permeability\/","title":{"rendered":"Bande lamin\u00e9e \u00e0 froid Alliage magn\u00e9tique doux ASTM A801 UNS R30005 FeCoV Haute perm\u00e9abilit\u00e9 magn\u00e9tique"},"content":{"rendered":"","protected":false},"excerpt":{"rendered":"","protected":false},"featured_media":2259,"template":"","meta":{"_acf_changed":false,"_seopress_robots_primary_cat":""},"product_brand":[],"product_cat":[53],"product_tag":[],"class_list":{"0":"post-2258","1":"product","2":"type-product","3":"status-publish","4":"has-post-thumbnail","6":"product_cat-soft-magnetic-alloys","8":"first","9":"instock","10":"shipping-taxable","11":"product-type-simple"},"acf":[],"_links":{"self":[{"href":"https:\/\/www.xunshi-alloy.com\/fr\/wp-json\/wp\/v2\/product\/2258","targetHints":{"allow":["GET"]}}],"collection":[{"href":"https:\/\/www.xunshi-alloy.com\/fr\/wp-json\/wp\/v2\/product"}],"about":[{"href":"https:\/\/www.xunshi-alloy.com\/fr\/wp-json\/wp\/v2\/types\/product"}],"wp:featuredmedia":[{"embeddable":true,"href":"https:\/\/www.xunshi-alloy.com\/fr\/wp-json\/wp\/v2\/media\/2259"}],"wp:attachment":[{"href":"https:\/\/www.xunshi-alloy.com\/fr\/wp-json\/wp\/v2\/media?parent=2258"}],"wp:term":[{"taxonomy":"product_brand","embeddable":true,"href":"https:\/\/www.xunshi-alloy.com\/fr\/wp-json\/wp\/v2\/product_brand?post=2258"},{"taxonomy":"product_cat","embeddable":true,"href":"https:\/\/www.xunshi-alloy.com\/fr\/wp-json\/wp\/v2\/product_cat?post=2258"},{"taxonomy":"product_tag","embeddable":true,"href":"https:\/\/www.xunshi-alloy.com\/fr\/wp-json\/wp\/v2\/product_tag?post=2258"}],"curies":[{"name":"wp","href":"https:\/\/api.w.org\/{rel}","templated":true}]}}