
{"id":1529,"date":"2025-10-16T16:37:21","date_gmt":"2025-10-16T08:37:21","guid":{"rendered":"https:\/\/www.xunshi-alloy.com\/?post_type=product&p=1529"},"modified":"2025-10-16T16:37:21","modified_gmt":"2025-10-16T08:37:21","slug":"ni-span-c-alloy-902-cold-rolled-foil","status":"publish","type":"product","link":"https:\/\/www.xunshi-alloy.com\/nl\/product\/ni-span-c-alloy-902-cold-rolled-foil\/","title":{"rendered":"Koudgewalste folie 902 Ni-span-C-legering"},"content":{"rendered":"<p data-cah=\"2\">Ni-span-C-legering 902 (N09902) is een Fe-Ni legering met controleerbare thermoelastische co\u00ebffici\u00ebnt. De gewenste thermoelastische co\u00ebffici\u00ebnt wordt dan verkregen door koude werk en de juiste thermische behandeling. Koud werk produceert interne spanningen, waardoor de co\u00ebffici\u00ebnt negatief wordt gemaakt. Thermische behandelingen, in de lagere temperatuurbereikens, verlichten de spanning. Ze veroorzaken ook complexe verschijnselen die de co\u00ebffici\u00ebnt positief maken. Verwarming bij temperaturen boven 900 \u00b0F veroorzaakt een intermetallische verbinding van titaan en nikkel, waardoor nikkel uit de matrix wordt onttrekkt en de co\u00ebffici\u00ebnt verder in de positieve richting verder verplaatst.<\/p>\n<p> <u><b>Thermoelastische co\u00ebffici\u00ebnt<\/b><\/u><br \/> De thermoelastische co\u00ebffici\u00ebnt (TEC) van een legering is de snelheid van verandering van de elasticiteitsmodulus met verandering van de temperatuur. Het wordt gewoonlijk uitgedrukt als delen per miljoen per graad F (bijv. 5 x 10-6\/\u00b0F).<br \/> De eerste metingen van de TEC van Ni-Span-C-legering 902 werden uitgevoerd met behulp van een torsiependel die ongeveer \u00e9\u00e9n cyclus per seconde werkzaam is. Deze tests vormen de basis voor een groot deel van de gepubliceerde gegevens over de legering. Toen deze gegevens echter werden gebruikt om hoge-frequentie-apparaten te ontwerpen, bleek ze onjuiste resultaten opleveren en een verwarrende situatie ontstond.<br \/> Recent werk heeft het probleem van de tegenstrijdige resultaten opgelost. Er is vastgesteld dat de werkfrequentie een duidelijk effect heeft op TEC. Tests met speciale metalen hebben aangetoond dat het TEC van een bepaald monster toeneemt met toename van de testfrequentie tot ongeveer 800 cps. Er was geen frequentie-effect boven 800 cps. Monsters uit dezelfde warmte materiaal die bij ongeveer 1500 cps getest en in een ander laboratorium bij<br \/> 455.000 cps, gaf identieke resultaten. Burnette bij het National Bureau of Standards gaf aan dat een warmtebehandeling die nul TEC produceerde op een monster die in een torsiependel is getest met 1 cps een TEC van +40 ontwikkeld op een monster die in vrije trilling bij 1000 cps is getest. In figuur 2 wordt deze gegevens geeft en een schematische indicatie van het frequentie-effect.<br \/> Vanwege het frequentie-effect moeten twee toepassingsgebieden van Ni-Span-C-legering 902 worden afgespecificeerd, waarbij elk verschillende verwerking nodig is om beste resultaten te bereiken. <br \/> Dit zijn:<br \/> 1. lage frequentie-apparaten. Deze omvatten verdragen, Bourdonbuizen, anero\u00efde capsules enz.<br \/> 2. hoge frequentie-apparaten. Tuning van de vorken, vibrerende rieden, mechanische filters en dergelijke instrumenten vallen onder deze categorie.<\/p>\n<p> <u><b>Fysische eigenschappen<\/b><\/u><br \/> Dichtheid: 8,05 g\/cm3<br \/> Curie-temperatuur: 190 \u00b0C<br \/> Elektrische resistiviteit: 1,02 \u00b5\u2126\u2022m<\/p>\n<p> Koudwerk veroorzaakt een verhoging van het modulus. Ook verhoging van de temperatuur van de warmtebehandeling veroorzaakt een stijging.<\/p>\n<p> De legering is ontworpen voor gebruik boven -50 \u00b0F, maar is het succesvol gebruikt bij lagere temperaturen en enkele cryogene gegevens zijn<br \/> Publicatie. De legering vertoont lage dempcapaciteit (hoog Q). Het Q van koud bewerkt materiaal is ongeveer 8000, ongeveer vier keer groter dan de waarden voor opgegleide vormen.<\/p>","protected":false},"excerpt":{"rendered":"<p>Ni Span C 902 legeerfolie<\/p>","protected":false},"featured_media":1531,"template":"","meta":{"_acf_changed":false,"_seopress_robots_primary_cat":""},"product_brand":[],"product_cat":[56,52,54],"product_tag":[],"class_list":{"0":"post-1529","1":"product","2":"type-product","3":"status-publish","4":"has-post-thumbnail","6":"product_cat-magnetostrictive-material","7":"product_cat-nickel-cobalt-alloy","8":"product_cat-superelastic-alloy","10":"first","11":"instock","12":"shipping-taxable","13":"product-type-simple"},"acf":[],"_links":{"self":[{"href":"https:\/\/www.xunshi-alloy.com\/nl\/wp-json\/wp\/v2\/product\/1529","targetHints":{"allow":["GET"]}}],"collection":[{"href":"https:\/\/www.xunshi-alloy.com\/nl\/wp-json\/wp\/v2\/product"}],"about":[{"href":"https:\/\/www.xunshi-alloy.com\/nl\/wp-json\/wp\/v2\/types\/product"}],"wp:featuredmedia":[{"embeddable":true,"href":"https:\/\/www.xunshi-alloy.com\/nl\/wp-json\/wp\/v2\/media\/1531"}],"wp:attachment":[{"href":"https:\/\/www.xunshi-alloy.com\/nl\/wp-json\/wp\/v2\/media?parent=1529"}],"wp:term":[{"taxonomy":"product_brand","embeddable":true,"href":"https:\/\/www.xunshi-alloy.com\/nl\/wp-json\/wp\/v2\/product_brand?post=1529"},{"taxonomy":"product_cat","embeddable":true,"href":"https:\/\/www.xunshi-alloy.com\/nl\/wp-json\/wp\/v2\/product_cat?post=1529"},{"taxonomy":"product_tag","embeddable":true,"href":"https:\/\/www.xunshi-alloy.com\/nl\/wp-json\/wp\/v2\/product_tag?post=1529"}],"curies":[{"name":"wp","href":"https:\/\/api.w.org\/{rel}","templated":true}]}}