
{"id":122,"date":"2023-02-02T16:15:49","date_gmt":"2023-02-02T08:15:49","guid":{"rendered":"https:\/\/demo.gongjionline.com\/615997\/about-us\/"},"modified":"2025-10-17T09:39:09","modified_gmt":"2025-10-17T01:39:09","slug":"about-us","status":"publish","type":"page","link":"https:\/\/www.xunshi-alloy.com\/pl\/about-us\/","title":{"rendered":"O nas"},"content":{"rendered":"<div data-elementor-type=\"wp-page\" data-elementor-id=\"122\" class=\"elementor elementor-122\" data-elementor-post-type=\"page\">\n\t\t\t\t<div class=\"elementor-element elementor-element-6431523 e-flex e-con-boxed e-con e-parent\" data-id=\"6431523\" data-element_type=\"container\" data-settings=\"{&quot;background_background&quot;:&quot;classic&quot;,&quot;background_motion_fx_motion_fx_scrolling&quot;:&quot;yes&quot;,&quot;background_motion_fx_translateY_effect&quot;:&quot;yes&quot;,&quot;background_motion_fx_translateY_direction&quot;:&quot;negative&quot;,&quot;background_motion_fx_translateY_speed&quot;:{&quot;unit&quot;:&quot;px&quot;,&quot;size&quot;:6,&quot;sizes&quot;:[]},&quot;background_motion_fx_translateY_affectedRange&quot;:{&quot;unit&quot;:&quot;%&quot;,&quot;size&quot;:&quot;&quot;,&quot;sizes&quot;:{&quot;start&quot;:0,&quot;end&quot;:100}},&quot;background_motion_fx_devices&quot;:[&quot;desktop&quot;,&quot;tablet&quot;,&quot;mobile&quot;]}\">\n\t\t\t\t\t<div class=\"e-con-inner\">\n\t\t<div class=\"elementor-element elementor-element-3c911f0 e-con-full e-flex e-con e-child\" data-id=\"3c911f0\" data-element_type=\"container\">\n\t\t<div class=\"elementor-element elementor-element-ef7bf3f e-con-full e-flex e-con e-child\" data-id=\"ef7bf3f\" data-element_type=\"container\">\n\t\t<div class=\"elementor-element elementor-element-4f300e6 e-con-full e-flex e-con e-child\" data-id=\"4f300e6\" data-element_type=\"container\">\n\t\t\t\t<div class=\"elementor-element elementor-element-57b601e elementor-invisible elementor-widget elementor-widget-text-editor\" data-id=\"57b601e\" data-element_type=\"widget\" data-settings=\"{&quot;_animation&quot;:&quot;fadeIn&quot;,&quot;_animation_delay&quot;:480}\" data-widget_type=\"text-editor.default\">\n\t\t\t\t<div class=\"elementor-widget-container\">\n\t\t\t<style>\/*! elementor - v3.21.0 - 18-04-2024 *\/\n.elementor-widget-text-editor.elementor-drop-cap-view-stacked .elementor-drop-cap{background-color:#69727d;color:#fff}.elementor-widget-text-editor.elementor-drop-cap-view-framed .elementor-drop-cap{color:#69727d;border:3px solid;background-color:transparent}.elementor-widget-text-editor:not(.elementor-drop-cap-view-default) .elementor-drop-cap{margin-top:8px}.elementor-widget-text-editor:not(.elementor-drop-cap-view-default) .elementor-drop-cap-letter{width:1em;height:1em}.elementor-widget-text-editor .elementor-drop-cap{float:left;text-align:center;line-height:1;font-size:50px}.elementor-widget-text-editor .elementor-drop-cap-letter{display:inline-block}<\/style>\t\t\t\t<p>Profesjonalny dostawca sp\u0142\u00f3w wysokiej wykonywania!<\/p>\t\t\t\t\t\t<\/div>\n\t\t\t\t<\/div>\n\t\t\t\t<\/div>\n\t\t\t\t<\/div>\n\t\t\t\t<\/div>\n\t\t\t\t\t<\/div>\n\t\t\t\t<\/div>\n\t\t\t\t<section class=\"elementor-section elementor-top-section elementor-element elementor-element-cb6daa6 elementor-section-boxed elementor-section-height-default elementor-section-height-default\" data-id=\"cb6daa6\" data-element_type=\"section\" data-settings=\"{&quot;_ob_glider_is_slider&quot;:&quot;no&quot;}\">\n\t\t\t\t\t\t<div class=\"elementor-container elementor-column-gap-default\">\n\t\t\t\t\t<div class=\"elementor-column elementor-col-50 elementor-top-column elementor-element elementor-element-253d34e6\" data-id=\"253d34e6\" data-element_type=\"column\">\n\t\t\t<div class=\"elementor-widget-wrap elementor-element-populated\">\n\t\t\t\t\t\t<div class=\"elementor-element elementor-element-66cf4a98 elementor-widget elementor-widget-heading\" data-id=\"66cf4a98\" data-element_type=\"widget\" data-widget_type=\"heading.default\">\n\t\t\t\t<div class=\"elementor-widget-container\">\n\t\t\t<style>\/*! elementor - v3.21.0 - 18-04-2024 *\/\n.elementor-heading-title{padding:0;margin:0;line-height:1}.elementor-widget-heading .elementor-heading-title[class*=elementor-size-]>a{color:inherit;font-size:inherit;line-height:inherit}.elementor-widget-heading .elementor-heading-title.elementor-size-small{font-size:15px}.elementor-widget-heading .elementor-heading-title.elementor-size-medium{font-size:19px}.elementor-widget-heading .elementor-heading-title.elementor-size-large{font-size:29px}.elementor-widget-heading .elementor-heading-title.elementor-size-xl{font-size:39px}.elementor-widget-heading .elementor-heading-title.elementor-size-xxl{font-size:59px}<\/style><h2 class=\"elementor-heading-title elementor-size-default\">W czym wierzymy<\/h2>\t\t<\/div>\n\t\t\t\t<\/div>\n\t\t\t\t<div class=\"elementor-element elementor-element-6d95bd69 elementor-invisible elementor-widget elementor-widget-heading\" data-id=\"6d95bd69\" data-element_type=\"widget\" data-settings=\"{&quot;_animation&quot;:&quot;fadeInLeft&quot;}\" data-widget_type=\"heading.default\">\n\t\t\t\t<div class=\"elementor-widget-container\">\n\t\t\t<h2 class=\"elementor-heading-title elementor-size-default\">Korzenie w Chinach, po\u0142\u0105czy \u015bwiat<\/h2>\t\t<\/div>\n\t\t\t\t<\/div>\n\t\t\t\t<div class=\"elementor-element elementor-element-86033a9 elementor-invisible elementor-widget elementor-widget-image\" data-id=\"86033a9\" data-element_type=\"widget\" data-settings=\"{&quot;_animation&quot;:&quot;fadeInUp&quot;}\" data-widget_type=\"image.default\">\n\t\t\t\t<div class=\"elementor-widget-container\">\n\t\t\t<style>\/*! elementor - v3.21.0 - 18-04-2024 *\/\n.elementor-widget-image{text-align:center}.elementor-widget-image a{display:inline-block}.elementor-widget-image a img[src$=\".svg\"]{width:48px}.elementor-widget-image img{vertical-align:middle;display:inline-block}<\/style>\t\t\t\t\t\t\t\t\t\t<img fetchpriority=\"high\" decoding=\"async\" width=\"867\" height=\"400\" src=\"https:\/\/www.xunshi-alloy.com\/wp-content\/uploads\/sites\/553\/2025\/10\/About-us-3D-printing-powder-1.jpg\" class=\"attachment-full size-full wp-image-1465\" alt=\"\" srcset=\"https:\/\/www.xunshi-alloy.com\/wp-content\/uploads\/sites\/553\/2025\/10\/About-us-3D-printing-powder-1.jpg 867w, https:\/\/www.xunshi-alloy.com\/wp-content\/uploads\/sites\/553\/2025\/10\/About-us-3D-printing-powder-1-768x354.jpg 768w, https:\/\/www.xunshi-alloy.com\/wp-content\/uploads\/sites\/553\/2025\/10\/About-us-3D-printing-powder-1-18x8.jpg 18w, https:\/\/www.xunshi-alloy.com\/wp-content\/uploads\/sites\/553\/2025\/10\/About-us-3D-printing-powder-1-600x277.jpg 600w\" sizes=\"(max-width: 867px) 100vw, 867px\" \/>\t\t\t\t\t\t\t\t\t\t\t\t\t<\/div>\n\t\t\t\t<\/div>\n\t\t\t\t\t<\/div>\n\t\t<\/div>\n\t\t\t\t<div class=\"elementor-column elementor-col-50 elementor-top-column elementor-element elementor-element-3942c143\" data-id=\"3942c143\" data-element_type=\"column\">\n\t\t\t<div class=\"elementor-widget-wrap elementor-element-populated\">\n\t\t\t\t\t\t<div class=\"elementor-element elementor-element-6bf4a0db elementor-widget elementor-widget-text-editor\" data-id=\"6bf4a0db\" data-element_type=\"widget\" data-widget_type=\"text-editor.default\">\n\t\t\t\t<div class=\"elementor-widget-container\">\n\t\t\t\t\t\t\t<p>Suzhou Xunshi New Material Co., Ltd (\"Xunshi\") \u2013 profesjonalny dostawca sprawy specjalistycznych, specjalizowany w sprawach na bazie niklu, sprawach na bazie kobaltu, sprawach precyzyjnych, specjalnych stal nery\u017c\u0105cych i materia\u0142ach magnetostrictywnych. Oferujemy naszym klientom produkty w r\u00f3\u017cnych formach, w tym p\u0142aty, p\u0142aty, rury, przewody, fittingy rury, zwi\u0105zkowe i proszki. Ponadto oferujemy us\u0142ugi jednocze\u015bnie takich jak przetwarzanie, obro\u0144czenie termowe, przypadkowanie opakowania itd.<br \/>Xunshi Produkty maj\u0105 pewn\u0105 popularno\u015b\u0107 i udzia\u0142u rynku zar\u00f3wno krajowym, jak i mi\u0119dzynarodowym. Otrzymamy szeroko uznanie i jednomy\u015blne chwalenie od klient\u00f3w.<br \/>Xunshi uznaje jako\u015b\u0107 jako kamienia naszego rozwoju i zobowi\u0105zuje si\u0119 do promowania krajowych produkt\u00f3w specjalnych z legami na rynkach krajowych i<\/p>\t\t\t\t\t\t<\/div>\n\t\t\t\t<\/div>\n\t\t\t\t<div class=\"elementor-element elementor-element-67ed129f elementor-invisible elementor-widget elementor-widget-image\" data-id=\"67ed129f\" data-element_type=\"widget\" data-settings=\"{&quot;_animation&quot;:&quot;fadeInRight&quot;}\" data-widget_type=\"image.default\">\n\t\t\t\t<div class=\"elementor-widget-container\">\n\t\t\t\t\t\t\t\t\t\t\t\t\t<img decoding=\"async\" width=\"867\" height=\"400\" src=\"https:\/\/www.xunshi-alloy.com\/wp-content\/uploads\/sites\/553\/2025\/10\/Company-Profile-1.jpg\" class=\"attachment-full size-full wp-image-1466\" alt=\"\" srcset=\"https:\/\/www.xunshi-alloy.com\/wp-content\/uploads\/sites\/553\/2025\/10\/Company-Profile-1.jpg 867w, https:\/\/www.xunshi-alloy.com\/wp-content\/uploads\/sites\/553\/2025\/10\/Company-Profile-1-768x354.jpg 768w, https:\/\/www.xunshi-alloy.com\/wp-content\/uploads\/sites\/553\/2025\/10\/Company-Profile-1-18x8.jpg 18w, https:\/\/www.xunshi-alloy.com\/wp-content\/uploads\/sites\/553\/2025\/10\/Company-Profile-1-600x277.jpg 600w\" sizes=\"(max-width: 867px) 100vw, 867px\" \/>\t\t\t\t\t\t\t\t\t\t\t\t\t<\/div>\n\t\t\t\t<\/div>\n\t\t\t\t\t<\/div>\n\t\t<\/div>\n\t\t\t\t\t<\/div>\n\t\t<\/section>\n\t\t\t\t<section class=\"elementor-section elementor-top-section elementor-element elementor-element-1784b91a elementor-section-boxed elementor-section-height-default elementor-section-height-default\" data-id=\"1784b91a\" data-element_type=\"section\" data-settings=\"{&quot;_ob_glider_is_slider&quot;:&quot;no&quot;}\">\n\t\t\t\t\t\t<div class=\"elementor-container elementor-column-gap-default\">\n\t\t\t\t\t<div class=\"elementor-column elementor-col-50 elementor-top-column elementor-element elementor-element-591267c8\" data-id=\"591267c8\" data-element_type=\"column\">\n\t\t\t<div class=\"elementor-widget-wrap elementor-element-populated\">\n\t\t\t\t\t\t<div class=\"elementor-element elementor-element-14304b48 elementor-widget elementor-widget-heading\" data-id=\"14304b48\" data-element_type=\"widget\" data-widget_type=\"heading.default\">\n\t\t\t\t<div class=\"elementor-widget-container\">\n\t\t\t<h2 class=\"elementor-heading-title elementor-size-default\">Dlaczego nas wybieram?<\/h2>\t\t<\/div>\n\t\t\t\t<\/div>\n\t\t\t\t<div class=\"elementor-element elementor-element-8413b0e elementor-invisible elementor-widget elementor-widget-heading\" data-id=\"8413b0e\" data-element_type=\"widget\" data-settings=\"{&quot;_animation&quot;:&quot;fadeInUp&quot;}\" data-widget_type=\"heading.default\">\n\t\t\t\t<div class=\"elementor-widget-container\">\n\t\t\t<h2 class=\"elementor-heading-title elementor-size-default\">Powi\u0105zujemy \u015bwiat.<\/h2>\t\t<\/div>\n\t\t\t\t<\/div>\n\t\t\t\t<div class=\"elementor-element elementor-element-1324b6ae elementor-widget elementor-widget-text-editor\" data-id=\"1324b6ae\" data-element_type=\"widget\" data-widget_type=\"text-editor.default\">\n\t\t\t\t<div class=\"elementor-widget-container\">\n\t\t\t\t\t\t\t<p>Klient pochodzi z 30 kraj\u00f3w na ca\u0142ym \u015bwiecie.<\/p>\t\t\t\t\t\t<\/div>\n\t\t\t\t<\/div>\n\t\t\t\t<div class=\"elementor-element elementor-element-14585dbd elementor-position-left elementor-mobile-position-left elementor-view-default elementor-vertical-align-top elementor-widget elementor-widget-icon-box\" data-id=\"14585dbd\" data-element_type=\"widget\" data-widget_type=\"icon-box.default\">\n\t\t\t\t<div class=\"elementor-widget-container\">\n\t\t\t<link rel=\"stylesheet\" href=\"https:\/\/www.xunshi-alloy.com\/wp-content\/plugins\/elementor\/assets\/css\/widget-icon-box.min.css\">\t\t<div class=\"elementor-icon-box-wrapper\">\n\n\t\t\t\t\t\t<div class=\"elementor-icon-box-icon\">\n\t\t\t\t<span  class=\"elementor-icon elementor-animation-\">\n\t\t\t\t<i aria-hidden=\"true\" class=\"fas fa-chevron-right\"><\/i>\t\t\t\t<\/span>\n\t\t\t<\/div>\n\t\t\t\n\t\t\t\t\t\t<div class=\"elementor-icon-box-content\">\n\n\t\t\t\t\t\t\t\t\t<div class=\"elementor-icon-box-title\">\n\t\t\t\t\t\t<span  >\n\t\t\t\t\t\t\tNajpierw jako\u015b\u0107\t\t\t\t\t\t<\/span>\n\t\t\t\t\t<\/div>\n\t\t\t\t\n\t\t\t\t\t\t\t\t\t<p class=\"elementor-icon-box-description\">\n\t\t\t\t\t\tOferujemy produkt na standardy ASTM, ISO, EN\t\t\t\t\t<\/p>\n\t\t\t\t\n\t\t\t<\/div>\n\t\t\t\n\t\t<\/div>\n\t\t\t\t<\/div>\n\t\t\t\t<\/div>\n\t\t\t\t<div class=\"elementor-element elementor-element-a6c218a elementor-position-left elementor-mobile-position-left elementor-view-default elementor-vertical-align-top elementor-widget elementor-widget-icon-box\" data-id=\"a6c218a\" data-element_type=\"widget\" data-widget_type=\"icon-box.default\">\n\t\t\t\t<div class=\"elementor-widget-container\">\n\t\t\t\t\t<div class=\"elementor-icon-box-wrapper\">\n\n\t\t\t\t\t\t<div class=\"elementor-icon-box-icon\">\n\t\t\t\t<span  class=\"elementor-icon elementor-animation-\">\n\t\t\t\t<i aria-hidden=\"true\" class=\"fas fa-chevron-right\"><\/i>\t\t\t\t<\/span>\n\t\t\t<\/div>\n\t\t\t\n\t\t\t\t\t\t<div class=\"elementor-icon-box-content\">\n\n\t\t\t\t\t\t\t\t\t<div class=\"elementor-icon-box-title\">\n\t\t\t\t\t\t<span  >\n\t\t\t\t\t\t\tRozwi\u0105zanie jednej stacji\t\t\t\t\t\t<\/span>\n\t\t\t\t\t<\/div>\n\t\t\t\t\n\t\t\t\t\t\t\t\t\t<p class=\"elementor-icon-box-description\">\n\t\t\t\t\t\tOferujemy produkty zgodne, maszyny, obro\u0144czenie termowy\t\t\t\t\t<\/p>\n\t\t\t\t\n\t\t\t<\/div>\n\t\t\t\n\t\t<\/div>\n\t\t\t\t<\/div>\n\t\t\t\t<\/div>\n\t\t\t\t<div class=\"elementor-element elementor-element-ac33263 elementor-position-left elementor-mobile-position-left elementor-view-default elementor-vertical-align-top elementor-widget elementor-widget-icon-box\" data-id=\"ac33263\" data-element_type=\"widget\" data-widget_type=\"icon-box.default\">\n\t\t\t\t<div class=\"elementor-widget-container\">\n\t\t\t\t\t<div class=\"elementor-icon-box-wrapper\">\n\n\t\t\t\t\t\t<div class=\"elementor-icon-box-icon\">\n\t\t\t\t<span  class=\"elementor-icon elementor-animation-\">\n\t\t\t\t<i aria-hidden=\"true\" class=\"fas fa-chevron-right\"><\/i>\t\t\t\t<\/span>\n\t\t\t<\/div>\n\t\t\t\n\t\t\t\t\t\t<div class=\"elementor-icon-box-content\">\n\n\t\t\t\t\t\t\t\t\t<div class=\"elementor-icon-box-title\">\n\t\t\t\t\t\t<span  >\n\t\t\t\t\t\t\tP\u0142ywy powi\u0105zek z lokalnymi fabrykami\t\t\t\t\t\t<\/span>\n\t\t\t\t\t<\/div>\n\t\t\t\t\n\t\t\t\t\t\t\t\t\t<p class=\"elementor-icon-box-description\">\n\t\t\t\t\t\tMa\u0142y MOQ, szybka dostawka i szybka odpowied\u017a\t\t\t\t\t<\/p>\n\t\t\t\t\n\t\t\t<\/div>\n\t\t\t\n\t\t<\/div>\n\t\t\t\t<\/div>\n\t\t\t\t<\/div>\n\t\t\t\t\t<\/div>\n\t\t<\/div>\n\t\t\t\t<div class=\"elementor-column elementor-col-50 elementor-top-column elementor-element elementor-element-5db982b\" data-id=\"5db982b\" data-element_type=\"column\">\n\t\t\t<div class=\"elementor-widget-wrap elementor-element-populated\">\n\t\t\t\t\t\t<div class=\"elementor-element elementor-element-466b41e1 elementor-invisible elementor-widget elementor-widget-image\" data-id=\"466b41e1\" data-element_type=\"widget\" data-settings=\"{&quot;_animation&quot;:&quot;fadeInRight&quot;}\" data-widget_type=\"image.default\">\n\t\t\t\t<div class=\"elementor-widget-container\">\n\t\t\t\t\t\t\t\t\t\t\t\t\t<img decoding=\"async\" width=\"807\" height=\"420\" src=\"https:\/\/www.xunshi-alloy.com\/wp-content\/uploads\/sites\/553\/2025\/10\/dominance.jpg\" class=\"attachment-full size-full wp-image-1399\" alt=\"\" srcset=\"https:\/\/www.xunshi-alloy.com\/wp-content\/uploads\/sites\/553\/2025\/10\/dominance.jpg 807w, https:\/\/www.xunshi-alloy.com\/wp-content\/uploads\/sites\/553\/2025\/10\/dominance-768x400.jpg 768w, https:\/\/www.xunshi-alloy.com\/wp-content\/uploads\/sites\/553\/2025\/10\/dominance-18x9.jpg 18w, https:\/\/www.xunshi-alloy.com\/wp-content\/uploads\/sites\/553\/2025\/10\/dominance-600x312.jpg 600w\" sizes=\"(max-width: 807px) 100vw, 807px\" \/>\t\t\t\t\t\t\t\t\t\t\t\t\t<\/div>\n\t\t\t\t<\/div>\n\t\t\t\t<div class=\"elementor-element elementor-element-723e12ee elementor-widget__width-initial elementor-invisible elementor-widget elementor-widget-image\" data-id=\"723e12ee\" data-element_type=\"widget\" data-settings=\"{&quot;_animation&quot;:&quot;fadeInUp&quot;}\" data-widget_type=\"image.default\">\n\t\t\t\t<div class=\"elementor-widget-container\">\n\t\t\t\t\t\t\t\t\t\t\t\t\t<img loading=\"lazy\" decoding=\"async\" width=\"320\" height=\"60\" src=\"https:\/\/www.xunshi-alloy.com\/wp-content\/uploads\/sites\/553\/2025\/10\/dominance-.jpg\" class=\"attachment-full size-full wp-image-1400\" alt=\"\" srcset=\"https:\/\/www.xunshi-alloy.com\/wp-content\/uploads\/sites\/553\/2025\/10\/dominance-.jpg 320w, https:\/\/www.xunshi-alloy.com\/wp-content\/uploads\/sites\/553\/2025\/10\/dominance--18x3.jpg 18w\" sizes=\"(max-width: 320px) 100vw, 320px\" \/>\t\t\t\t\t\t\t\t\t\t\t\t\t<\/div>\n\t\t\t\t<\/div>\n\t\t\t\t\t<\/div>\n\t\t<\/div>\n\t\t\t\t\t<\/div>\n\t\t<\/section>\n\t\t\t\t<\/div>","protected":false},"excerpt":{"rendered":"<p>Profesjonalny dostawca sp\u0142\u00f3w wysokiej wykonywania! To, co wierzymy, \u017ce korzenie w Chinach, powi\u0105za \u015bwiat Suzhou Xunshi New Material Co., Ltd. (\"Xunshi\") \u2013 profesjonalny dostawca sprawy specjalistycznych, specjalizowany w sprawach na bazie niklu, sprawach na bazie kobaltu, sprawach precyzyjnych, specjalnych stal nery\u017c\u0105cych i materia\u0142ach magnetostrictywnych. Oferujemy naszym klientom produkty w r\u00f3\u017cnych formach, w tym [\u2026]<\/p>","protected":false},"author":2,"featured_media":0,"parent":0,"menu_order":0,"comment_status":"closed","ping_status":"closed","template":"elementor_header_footer","meta":{"_acf_changed":false,"_seopress_robots_primary_cat":"","footnotes":""},"class_list":["post-122","page","type-page","status-publish","hentry"],"acf":[],"_links":{"self":[{"href":"https:\/\/www.xunshi-alloy.com\/pl\/wp-json\/wp\/v2\/pages\/122","targetHints":{"allow":["GET"]}}],"collection":[{"href":"https:\/\/www.xunshi-alloy.com\/pl\/wp-json\/wp\/v2\/pages"}],"about":[{"href":"https:\/\/www.xunshi-alloy.com\/pl\/wp-json\/wp\/v2\/types\/page"}],"author":[{"embeddable":true,"href":"https:\/\/www.xunshi-alloy.com\/pl\/wp-json\/wp\/v2\/users\/2"}],"replies":[{"embeddable":true,"href":"https:\/\/www.xunshi-alloy.com\/pl\/wp-json\/wp\/v2\/comments?post=122"}],"version-history":[{"count":30,"href":"https:\/\/www.xunshi-alloy.com\/pl\/wp-json\/wp\/v2\/pages\/122\/revisions"}],"predecessor-version":[{"id":2332,"href":"https:\/\/www.xunshi-alloy.com\/pl\/wp-json\/wp\/v2\/pages\/122\/revisions\/2332"}],"wp:attachment":[{"href":"https:\/\/www.xunshi-alloy.com\/pl\/wp-json\/wp\/v2\/media?parent=122"}],"curies":[{"name":"wp","href":"https:\/\/api.w.org\/{rel}","templated":true}]}}