
{"id":1241,"date":"2024-09-09T16:31:11","date_gmt":"2024-09-09T08:31:11","guid":{"rendered":"https:\/\/www.xunshi-alloy.com\/?page_id=1241"},"modified":"2025-11-03T11:14:08","modified_gmt":"2025-11-03T03:14:08","slug":"products","status":"publish","type":"page","link":"https:\/\/www.xunshi-alloy.com\/pl\/products\/","title":{"rendered":"Produkty"},"content":{"rendered":"<div data-elementor-type=\"wp-page\" data-elementor-id=\"1241\" class=\"elementor elementor-1241\" data-elementor-post-type=\"page\">\n\t\t\t\t<div class=\"elementor-element elementor-element-26dfbc4 e-flex e-con-boxed e-con e-parent\" data-id=\"26dfbc4\" data-element_type=\"container\" data-settings=\"{&quot;background_background&quot;:&quot;classic&quot;,&quot;background_motion_fx_motion_fx_scrolling&quot;:&quot;yes&quot;,&quot;background_motion_fx_translateY_effect&quot;:&quot;yes&quot;,&quot;background_motion_fx_translateY_direction&quot;:&quot;negative&quot;,&quot;background_motion_fx_translateY_speed&quot;:{&quot;unit&quot;:&quot;px&quot;,&quot;size&quot;:6,&quot;sizes&quot;:[]},&quot;background_motion_fx_translateY_affectedRange&quot;:{&quot;unit&quot;:&quot;%&quot;,&quot;size&quot;:&quot;&quot;,&quot;sizes&quot;:{&quot;start&quot;:0,&quot;end&quot;:100}},&quot;background_motion_fx_devices&quot;:[&quot;desktop&quot;,&quot;tablet&quot;,&quot;mobile&quot;]}\">\n\t\t\t\t\t<div class=\"e-con-inner\">\n\t\t<div class=\"elementor-element elementor-element-7327a36 e-con-full e-flex e-con e-child\" data-id=\"7327a36\" data-element_type=\"container\">\n\t\t<div class=\"elementor-element elementor-element-6a24382 e-con-full e-flex e-con e-child\" data-id=\"6a24382\" data-element_type=\"container\">\n\t\t<div class=\"elementor-element elementor-element-9d1f276 e-con-full e-flex e-con e-child\" data-id=\"9d1f276\" data-element_type=\"container\">\n\t\t\t\t<div class=\"elementor-element elementor-element-8ffb3c0 elementor-invisible elementor-widget elementor-widget-text-editor\" data-id=\"8ffb3c0\" data-element_type=\"widget\" data-settings=\"{&quot;_animation&quot;:&quot;fadeIn&quot;,&quot;_animation_delay&quot;:480}\" data-widget_type=\"text-editor.default\">\n\t\t\t\t<div class=\"elementor-widget-container\">\n\t\t\t<style>\/*! elementor - v3.21.0 - 18-04-2024 *\/\n.elementor-widget-text-editor.elementor-drop-cap-view-stacked .elementor-drop-cap{background-color:#69727d;color:#fff}.elementor-widget-text-editor.elementor-drop-cap-view-framed .elementor-drop-cap{color:#69727d;border:3px solid;background-color:transparent}.elementor-widget-text-editor:not(.elementor-drop-cap-view-default) .elementor-drop-cap{margin-top:8px}.elementor-widget-text-editor:not(.elementor-drop-cap-view-default) .elementor-drop-cap-letter{width:1em;height:1em}.elementor-widget-text-editor .elementor-drop-cap{float:left;text-align:center;line-height:1;font-size:50px}.elementor-widget-text-editor .elementor-drop-cap-letter{display:inline-block}<\/style>\t\t\t\t<p>Profesjonalny dostawca sp\u0142\u00f3w wysokiej wykonywania!<\/p>\t\t\t\t\t\t<\/div>\n\t\t\t\t<\/div>\n\t\t\t\t<\/div>\n\t\t\t\t<\/div>\n\t\t\t\t<\/div>\n\t\t\t\t\t<\/div>\n\t\t\t\t<\/div>\n\t\t<div class=\"elementor-element elementor-element-22ce11c e-flex e-con-boxed e-con e-parent\" data-id=\"22ce11c\" data-element_type=\"container\">\n\t\t\t\t\t<div class=\"e-con-inner\">\n\t\t<div class=\"elementor-element elementor-element-d3a9066 e-con-full e-flex e-con e-child\" data-id=\"d3a9066\" data-element_type=\"container\">\n\t\t\t\t<div class=\"elementor-element elementor-element-998f10f elementor-widget elementor-widget-heading\" data-id=\"998f10f\" data-element_type=\"widget\" data-widget_type=\"heading.default\">\n\t\t\t\t<div class=\"elementor-widget-container\">\n\t\t\t<style>\/*! elementor - v3.21.0 - 18-04-2024 *\/\n.elementor-heading-title{padding:0;margin:0;line-height:1}.elementor-widget-heading .elementor-heading-title[class*=elementor-size-]>a{color:inherit;font-size:inherit;line-height:inherit}.elementor-widget-heading .elementor-heading-title.elementor-size-small{font-size:15px}.elementor-widget-heading .elementor-heading-title.elementor-size-medium{font-size:19px}.elementor-widget-heading .elementor-heading-title.elementor-size-large{font-size:29px}.elementor-widget-heading .elementor-heading-title.elementor-size-xl{font-size:39px}.elementor-widget-heading .elementor-heading-title.elementor-size-xxl{font-size:59px}<\/style><h2 class=\"elementor-heading-title elementor-size-default\">Produkty<\/h2>\t\t<\/div>\n\t\t\t\t<\/div>\n\t\t\t\t<div class=\"elementor-element elementor-element-f410095 elementor-widget elementor-widget-wp-widget-nav_menu\" data-id=\"f410095\" data-element_type=\"widget\" data-widget_type=\"wp-widget-nav_menu.default\">\n\t\t\t\t<div class=\"elementor-widget-container\">\n\t\t\t<div class=\"menu-product-container\"><ul id=\"menu-product\" class=\"menu\"><li id=\"menu-item-2272\" class=\"menu-item menu-item-type-taxonomy menu-item-object-product_cat menu-item-2272\"><a href=\"https:\/\/www.xunshi-alloy.com\/pl\/kategoria-produktu\/nickel-cobalt-alloy\/\">Slegowanie niklu kobaltu<\/a><\/li>\n<li id=\"menu-item-2273\" class=\"menu-item menu-item-type-taxonomy menu-item-object-product_cat menu-item-2273\"><a href=\"https:\/\/www.xunshi-alloy.com\/pl\/kategoria-produktu\/soft-magnetic-alloys\/\">Mi\u0119kkie sp\u0142y magnetyczne<\/a><\/li>\n<li id=\"menu-item-2274\" class=\"menu-item menu-item-type-taxonomy menu-item-object-product_cat menu-item-2274\"><a href=\"https:\/\/www.xunshi-alloy.com\/pl\/kategoria-produktu\/superelastic-alloy\/\">Slegu superelastycznego<\/a><\/li>\n<li id=\"menu-item-2269\" class=\"menu-item menu-item-type-taxonomy menu-item-object-product_cat menu-item-2269\"><a href=\"https:\/\/www.xunshi-alloy.com\/pl\/kategoria-produktu\/controlled-expansion-alloys\/\">Kontrolowane sp\u0142y rozszerzenia<\/a><\/li>\n<li id=\"menu-item-2271\" class=\"menu-item menu-item-type-taxonomy menu-item-object-product_cat menu-item-2271\"><a href=\"https:\/\/www.xunshi-alloy.com\/pl\/kategoria-produktu\/magnetostrictive-material\/\">Material magnetostrictywy<\/a><\/li>\n<\/ul><\/div>\t\t<\/div>\n\t\t\t\t<\/div>\n\t\t\t\t<\/div>\n\t\t<div class=\"elementor-element elementor-element-d83d904 e-con-full e-flex e-con e-child\" data-id=\"d83d904\" data-element_type=\"container\">\n\t\t\t\t<div class=\"elementor-element elementor-element-3529f2b animated-slow elementor-posts--align-center elementor-grid-3 elementor-grid-tablet-2 elementor-grid-mobile-1 elementor-posts--thumbnail-top elementor-card-shadow-yes elementor-posts__hover-gradient elementor-widget elementor-widget-posts\" data-id=\"3529f2b\" data-element_type=\"widget\" data-settings=\"{&quot;_animation&quot;:&quot;none&quot;,&quot;_animation_delay&quot;:&quot;200&quot;,&quot;cards_columns&quot;:&quot;3&quot;,&quot;cards_columns_tablet&quot;:&quot;2&quot;,&quot;cards_columns_mobile&quot;:&quot;1&quot;,&quot;cards_row_gap&quot;:{&quot;unit&quot;:&quot;px&quot;,&quot;size&quot;:35,&quot;sizes&quot;:[]},&quot;cards_row_gap_tablet&quot;:{&quot;unit&quot;:&quot;px&quot;,&quot;size&quot;:&quot;&quot;,&quot;sizes&quot;:[]},&quot;cards_row_gap_mobile&quot;:{&quot;unit&quot;:&quot;px&quot;,&quot;size&quot;:&quot;&quot;,&quot;sizes&quot;:[]}}\" data-widget_type=\"posts.cards\">\n\t\t\t\t<div class=\"elementor-widget-container\">\n\t\t\t<link rel=\"stylesheet\" href=\"https:\/\/www.xunshi-alloy.com\/wp-content\/plugins\/elementor-pro\/assets\/css\/widget-posts.min.css\">\t\t<div class=\"elementor-posts-container elementor-posts elementor-posts--skin-cards elementor-grid\">\n\t\t\t\t<article class=\"elementor-post elementor-grid-item post-2263 product type-product status-publish has-post-thumbnail product_cat-soft-magnetic-alloys first instock shipping-taxable product-type-simple\">\n\t\t\t<div class=\"elementor-post__card\">\n\t\t\t\t<a class=\"elementor-post__thumbnail__link\" href=\"https:\/\/www.xunshi-alloy.com\/pl\/produkt\/79hm-soft-magnetic-alloys-for-magnetic-shielding-high-initial-permeability\/\" tabindex=\"-1\" ><div class=\"elementor-post__thumbnail\"><img fetchpriority=\"high\" decoding=\"async\" width=\"378\" height=\"270\" src=\"https:\/\/www.xunshi-alloy.com\/wp-content\/uploads\/sites\/553\/2025\/10\/47f67022cf6c1ab0fe63f8ba53751ace.jpg\" class=\"attachment-full size-full wp-image-2264\" alt=\"\" srcset=\"https:\/\/www.xunshi-alloy.com\/wp-content\/uploads\/sites\/553\/2025\/10\/47f67022cf6c1ab0fe63f8ba53751ace.jpg 378w, https:\/\/www.xunshi-alloy.com\/wp-content\/uploads\/sites\/553\/2025\/10\/47f67022cf6c1ab0fe63f8ba53751ace-18x12.jpg 18w\" sizes=\"(max-width: 378px) 100vw, 378px\" \/><\/div><\/a>\n\t\t\t\t<div class=\"elementor-post__text\">\n\t\t\t\t<h3 class=\"elementor-post__title\">\n\t\t\t<a href=\"https:\/\/www.xunshi-alloy.com\/pl\/produkt\/79hm-soft-magnetic-alloys-for-magnetic-shielding-high-initial-permeability\/\" >\n\t\t\t\t79hm mi\u0119kkie sp\u0142y magnetyczne dla os\u0142ony magnetyczne\t\t\t<\/a>\n\t\t<\/h3>\n\t\t\n\t\t<a class=\"elementor-post__read-more\" href=\"https:\/\/www.xunshi-alloy.com\/pl\/produkt\/79hm-soft-magnetic-alloys-for-magnetic-shielding-high-initial-permeability\/\" aria-label=\"Przeczytaj wi\u0119cej o mi\u0119kkich spawach magnetycznych 79hm dla os\u0142onienia\" tabindex=\"-1\" >\n\t\t\tPrzeczytaj wi\u0119cej \t\t<\/a>\n\n\t\t\t\t<\/div>\n\t\t\t\t\t<\/div>\n\t\t<\/article>\n\t\t\t\t<article class=\"elementor-post elementor-grid-item post-2258 product type-product status-publish has-post-thumbnail product_cat-soft-magnetic-alloys  instock shipping-taxable product-type-simple\">\n\t\t\t<div class=\"elementor-post__card\">\n\t\t\t\t<a class=\"elementor-post__thumbnail__link\" href=\"https:\/\/www.xunshi-alloy.com\/pl\/produkt\/cold-rolled-strip-soft-magnetic-alloys-astm-a801-uns-r30005-fecov-high-permeability\/\" tabindex=\"-1\" ><div class=\"elementor-post__thumbnail\"><img decoding=\"async\" width=\"378\" height=\"270\" src=\"https:\/\/www.xunshi-alloy.com\/wp-content\/uploads\/sites\/553\/2025\/10\/bc802fdc173bb39e4366e179863bf0a0.jpg\" class=\"attachment-full size-full wp-image-2259\" alt=\"\" srcset=\"https:\/\/www.xunshi-alloy.com\/wp-content\/uploads\/sites\/553\/2025\/10\/bc802fdc173bb39e4366e179863bf0a0.jpg 378w, https:\/\/www.xunshi-alloy.com\/wp-content\/uploads\/sites\/553\/2025\/10\/bc802fdc173bb39e4366e179863bf0a0-18x12.jpg 18w\" sizes=\"(max-width: 378px) 100vw, 378px\" \/><\/div><\/a>\n\t\t\t\t<div class=\"elementor-post__text\">\n\t\t\t\t<h3 class=\"elementor-post__title\">\n\t\t\t<a href=\"https:\/\/www.xunshi-alloy.com\/pl\/produkt\/cold-rolled-strip-soft-magnetic-alloys-astm-a801-uns-r30005-fecov-high-permeability\/\" >\n\t\t\t\tPuszka zamodowana w zimno\u015bci mi\u0119kkie sp\u0142y magnetyczne ASTM A801 UNS R30005 FeCOV wysokie\t\t\t<\/a>\n\t\t<\/h3>\n\t\t\n\t\t<a class=\"elementor-post__read-more\" href=\"https:\/\/www.xunshi-alloy.com\/pl\/produkt\/cold-rolled-strip-soft-magnetic-alloys-astm-a801-uns-r30005-fecov-high-permeability\/\" aria-label=\"Przeczytaj wi\u0119cej o zimno\u0142oczonych spasach mi\u0119kkich magnetycznych ASTM A801 UNS R30005 FeCOV wysokiej\" tabindex=\"-1\" >\n\t\t\tPrzeczytaj wi\u0119cej \t\t<\/a>\n\n\t\t\t\t<\/div>\n\t\t\t\t\t<\/div>\n\t\t<\/article>\n\t\t\t\t<article class=\"elementor-post elementor-grid-item post-2256 product type-product status-publish has-post-thumbnail product_cat-soft-magnetic-alloys  instock shipping-taxable product-type-simple\">\n\t\t\t<div class=\"elementor-post__card\">\n\t\t\t\t<a class=\"elementor-post__thumbnail__link\" href=\"https:\/\/www.xunshi-alloy.com\/pl\/produkt\/hymu80-soft-ferromagnetic-materials-high-initial-permeability-0-04-5-0mm-thickness-2\/\" tabindex=\"-1\" ><div class=\"elementor-post__thumbnail\"><img decoding=\"async\" width=\"378\" height=\"270\" src=\"https:\/\/www.xunshi-alloy.com\/wp-content\/uploads\/sites\/553\/2025\/10\/44847a5be60511434bf35e983d4f2972.jpg\" class=\"attachment-full size-full wp-image-2257\" alt=\"\" srcset=\"https:\/\/www.xunshi-alloy.com\/wp-content\/uploads\/sites\/553\/2025\/10\/44847a5be60511434bf35e983d4f2972.jpg 378w, https:\/\/www.xunshi-alloy.com\/wp-content\/uploads\/sites\/553\/2025\/10\/44847a5be60511434bf35e983d4f2972-18x12.jpg 18w\" sizes=\"(max-width: 378px) 100vw, 378px\" \/><\/div><\/a>\n\t\t\t\t<div class=\"elementor-post__text\">\n\t\t\t\t<h3 class=\"elementor-post__title\">\n\t\t\t<a href=\"https:\/\/www.xunshi-alloy.com\/pl\/produkt\/hymu80-soft-ferromagnetic-materials-high-initial-permeability-0-04-5-0mm-thickness-2\/\" >\n\t\t\t\tHYMU80 mi\u0119kkie materia\u0142y ferromagnetyczne wysokie przep\u0142ywno\u015b\u0107 0,04 \u2013 5,0 mm\t\t\t<\/a>\n\t\t<\/h3>\n\t\t\n\t\t<a class=\"elementor-post__read-more\" href=\"https:\/\/www.xunshi-alloy.com\/pl\/produkt\/hymu80-soft-ferromagnetic-materials-high-initial-permeability-0-04-5-0mm-thickness-2\/\" aria-label=\"Przeczyta\u0107 wi\u0119cej o materia\u0142ach mi\u0119kkich ferromagnetycznych HYMU80 wysoka pocz\u0105tkowa\" tabindex=\"-1\" >\n\t\t\tPrzeczytaj wi\u0119cej \t\t<\/a>\n\n\t\t\t\t<\/div>\n\t\t\t\t\t<\/div>\n\t\t<\/article>\n\t\t\t\t<article class=\"elementor-post elementor-grid-item post-2253 product type-product status-publish has-post-thumbnail product_cat-soft-magnetic-alloys last instock shipping-taxable product-type-simple\">\n\t\t\t<div class=\"elementor-post__card\">\n\t\t\t\t<a class=\"elementor-post__thumbnail__link\" href=\"https:\/\/www.xunshi-alloy.com\/pl\/produkt\/hymu80-soft-ferromagnetic-materials-high-initial-permeability-0-04-5-0mm-thickness\/\" tabindex=\"-1\" ><div class=\"elementor-post__thumbnail\"><img loading=\"lazy\" decoding=\"async\" width=\"378\" height=\"270\" src=\"https:\/\/www.xunshi-alloy.com\/wp-content\/uploads\/sites\/553\/2025\/10\/3b814d20666f2b5d098c26b3631fcb81.jpg\" class=\"attachment-full size-full wp-image-2254\" alt=\"\" srcset=\"https:\/\/www.xunshi-alloy.com\/wp-content\/uploads\/sites\/553\/2025\/10\/3b814d20666f2b5d098c26b3631fcb81.jpg 378w, https:\/\/www.xunshi-alloy.com\/wp-content\/uploads\/sites\/553\/2025\/10\/3b814d20666f2b5d098c26b3631fcb81-18x12.jpg 18w\" sizes=\"(max-width: 378px) 100vw, 378px\" \/><\/div><\/a>\n\t\t\t\t<div class=\"elementor-post__text\">\n\t\t\t\t<h3 class=\"elementor-post__title\">\n\t\t\t<a href=\"https:\/\/www.xunshi-alloy.com\/pl\/produkt\/hymu80-soft-ferromagnetic-materials-high-initial-permeability-0-04-5-0mm-thickness\/\" >\n\t\t\t\tHYMU80 mi\u0119kkie materia\u0142y ferromagnetyczne wysokie przep\u0142ywno\u015b\u0107 0,04 \u2013 5,0 mm\t\t\t<\/a>\n\t\t<\/h3>\n\t\t\n\t\t<a class=\"elementor-post__read-more\" href=\"https:\/\/www.xunshi-alloy.com\/pl\/produkt\/hymu80-soft-ferromagnetic-materials-high-initial-permeability-0-04-5-0mm-thickness\/\" aria-label=\"Przeczyta\u0107 wi\u0119cej o materia\u0142ach mi\u0119kkich ferromagnetycznych HYMU80 wysoka pocz\u0105tkowa\" tabindex=\"-1\" >\n\t\t\tPrzeczytaj wi\u0119cej \t\t<\/a>\n\n\t\t\t\t<\/div>\n\t\t\t\t\t<\/div>\n\t\t<\/article>\n\t\t\t\t<article class=\"elementor-post elementor-grid-item post-2250 product type-product status-publish has-post-thumbnail product_cat-soft-magnetic-alloys first instock shipping-taxable product-type-simple\">\n\t\t\t<div class=\"elementor-post__card\">\n\t\t\t\t<a class=\"elementor-post__thumbnail__link\" href=\"https:\/\/www.xunshi-alloy.com\/pl\/produkt\/high-performance-soft-magnetic-alloys-strip-1j79-for-shielding-density-8-6g-cm3\/\" tabindex=\"-1\" ><div class=\"elementor-post__thumbnail\"><img loading=\"lazy\" decoding=\"async\" width=\"378\" height=\"270\" src=\"https:\/\/www.xunshi-alloy.com\/wp-content\/uploads\/sites\/553\/2025\/10\/1e433ecc116787518934172039161cc8.jpg\" class=\"attachment-full size-full wp-image-2251\" alt=\"\" srcset=\"https:\/\/www.xunshi-alloy.com\/wp-content\/uploads\/sites\/553\/2025\/10\/1e433ecc116787518934172039161cc8.jpg 378w, https:\/\/www.xunshi-alloy.com\/wp-content\/uploads\/sites\/553\/2025\/10\/1e433ecc116787518934172039161cc8-18x12.jpg 18w\" sizes=\"(max-width: 378px) 100vw, 378px\" \/><\/div><\/a>\n\t\t\t\t<div class=\"elementor-post__text\">\n\t\t\t\t<h3 class=\"elementor-post__title\">\n\t\t\t<a href=\"https:\/\/www.xunshi-alloy.com\/pl\/produkt\/high-performance-soft-magnetic-alloys-strip-1j79-for-shielding-density-8-6g-cm3\/\" >\n\t\t\t\tWysokiej wykonywanie mi\u0119kkie spawy magnetyczne 1J79 do g\u0119sto\u015bci os\u0142ony\t\t\t<\/a>\n\t\t<\/h3>\n\t\t\n\t\t<a class=\"elementor-post__read-more\" href=\"https:\/\/www.xunshi-alloy.com\/pl\/produkt\/high-performance-soft-magnetic-alloys-strip-1j79-for-shielding-density-8-6g-cm3\/\" aria-label=\"Przyczyta\u0107 wi\u0119cej o wysokiej wykonywanych mi\u0119kkich spawach magnetycznych 1J79 dla g\u0119sto\u015bci os\u0142ony\" tabindex=\"-1\" >\n\t\t\tPrzeczytaj wi\u0119cej \t\t<\/a>\n\n\t\t\t\t<\/div>\n\t\t\t\t\t<\/div>\n\t\t<\/article>\n\t\t\t\t<article class=\"elementor-post elementor-grid-item post-2247 product type-product status-publish has-post-thumbnail product_cat-soft-magnetic-alloys  instock shipping-taxable product-type-simple\">\n\t\t\t<div class=\"elementor-post__card\">\n\t\t\t\t<a class=\"elementor-post__thumbnail__link\" href=\"https:\/\/www.xunshi-alloy.com\/pl\/produkt\/high-saturation-soft-magnetic-alloys-vacoflux-27-for-high-performance-actuator-systems\/\" tabindex=\"-1\" ><div class=\"elementor-post__thumbnail\"><img loading=\"lazy\" decoding=\"async\" width=\"378\" height=\"269\" src=\"https:\/\/www.xunshi-alloy.com\/wp-content\/uploads\/sites\/553\/2025\/10\/ba2c6d8e07ef13711407d1c994bba2f5.jpg\" class=\"attachment-full size-full wp-image-2248\" alt=\"\" srcset=\"https:\/\/www.xunshi-alloy.com\/wp-content\/uploads\/sites\/553\/2025\/10\/ba2c6d8e07ef13711407d1c994bba2f5.jpg 378w, https:\/\/www.xunshi-alloy.com\/wp-content\/uploads\/sites\/553\/2025\/10\/ba2c6d8e07ef13711407d1c994bba2f5-18x12.jpg 18w\" sizes=\"(max-width: 378px) 100vw, 378px\" \/><\/div><\/a>\n\t\t\t\t<div class=\"elementor-post__text\">\n\t\t\t\t<h3 class=\"elementor-post__title\">\n\t\t\t<a href=\"https:\/\/www.xunshi-alloy.com\/pl\/produkt\/high-saturation-soft-magnetic-alloys-vacoflux-27-for-high-performance-actuator-systems\/\" >\n\t\t\t\tWysokie nasycenie mi\u0119kkie sp\u0142y magnetyczne Vacoflux 27 dla system\u00f3w wysokiej\t\t\t<\/a>\n\t\t<\/h3>\n\t\t\n\t\t<a class=\"elementor-post__read-more\" href=\"https:\/\/www.xunshi-alloy.com\/pl\/produkt\/high-saturation-soft-magnetic-alloys-vacoflux-27-for-high-performance-actuator-systems\/\" aria-label=\"Przeczyta\u0107 wi\u0119cej o wysokim nasyceniu mi\u0119kkich spawach magnetycznych Vacoflux 27 dla system\u00f3w\" tabindex=\"-1\" >\n\t\t\tPrzeczytaj wi\u0119cej \t\t<\/a>\n\n\t\t\t\t<\/div>\n\t\t\t\t\t<\/div>\n\t\t<\/article>\n\t\t\t\t<article class=\"elementor-post elementor-grid-item post-2245 product type-product status-publish has-post-thumbnail product_cat-soft-magnetic-alloys  instock shipping-taxable product-type-simple\">\n\t\t\t<div class=\"elementor-post__card\">\n\t\t\t\t<a class=\"elementor-post__thumbnail__link\" href=\"https:\/\/www.xunshi-alloy.com\/pl\/produkt\/high-soft-magnetic-alloys-saturation-iron-cobalt-round-bar-hiperco50\/\" tabindex=\"-1\" ><div class=\"elementor-post__thumbnail\"><img loading=\"lazy\" decoding=\"async\" width=\"378\" height=\"269\" src=\"https:\/\/www.xunshi-alloy.com\/wp-content\/uploads\/sites\/553\/2025\/10\/dc7f1d468159d97420634b819a4d15e9.jpg\" class=\"attachment-full size-full wp-image-2246\" alt=\"\" srcset=\"https:\/\/www.xunshi-alloy.com\/wp-content\/uploads\/sites\/553\/2025\/10\/dc7f1d468159d97420634b819a4d15e9.jpg 378w, https:\/\/www.xunshi-alloy.com\/wp-content\/uploads\/sites\/553\/2025\/10\/dc7f1d468159d97420634b819a4d15e9-18x12.jpg 18w\" sizes=\"(max-width: 378px) 100vw, 378px\" \/><\/div><\/a>\n\t\t\t\t<div class=\"elementor-post__text\">\n\t\t\t\t<h3 class=\"elementor-post__title\">\n\t\t\t<a href=\"https:\/\/www.xunshi-alloy.com\/pl\/produkt\/high-soft-magnetic-alloys-saturation-iron-cobalt-round-bar-hiperco50\/\" >\n\t\t\t\tWysokie mi\u0119kkie sp\u0142y magnetyczne, kobalt, okr\u0105g\u0142y p\u0119k\t\t\t<\/a>\n\t\t<\/h3>\n\t\t\n\t\t<a class=\"elementor-post__read-more\" href=\"https:\/\/www.xunshi-alloy.com\/pl\/produkt\/high-soft-magnetic-alloys-saturation-iron-cobalt-round-bar-hiperco50\/\" aria-label=\"Przeczyta\u0107 wi\u0119cej o wysokim mi\u0119kkich spawach magnetycznych, okr\u0105g\u0142ym barku\" tabindex=\"-1\" >\n\t\t\tPrzeczytaj wi\u0119cej \t\t<\/a>\n\n\t\t\t\t<\/div>\n\t\t\t\t\t<\/div>\n\t\t<\/article>\n\t\t\t\t<article class=\"elementor-post elementor-grid-item post-2241 product type-product status-publish has-post-thumbnail product_cat-soft-magnetic-alloys last instock shipping-taxable product-type-simple\">\n\t\t\t<div class=\"elementor-post__card\">\n\t\t\t\t<a class=\"elementor-post__thumbnail__link\" href=\"https:\/\/www.xunshi-alloy.com\/pl\/produkt\/mu-metal-strip-soft-hard-magnetic-materials-low-coercive-force-magnetic-core-material\/\" tabindex=\"-1\" ><div class=\"elementor-post__thumbnail\"><img loading=\"lazy\" decoding=\"async\" width=\"378\" height=\"269\" src=\"https:\/\/www.xunshi-alloy.com\/wp-content\/uploads\/sites\/553\/2025\/10\/f9f7f6c881497fd14b37721748200cac.jpg\" class=\"attachment-full size-full wp-image-2243\" alt=\"\" srcset=\"https:\/\/www.xunshi-alloy.com\/wp-content\/uploads\/sites\/553\/2025\/10\/f9f7f6c881497fd14b37721748200cac.jpg 378w, https:\/\/www.xunshi-alloy.com\/wp-content\/uploads\/sites\/553\/2025\/10\/f9f7f6c881497fd14b37721748200cac-18x12.jpg 18w\" sizes=\"(max-width: 378px) 100vw, 378px\" \/><\/div><\/a>\n\t\t\t\t<div class=\"elementor-post__text\">\n\t\t\t\t<h3 class=\"elementor-post__title\">\n\t\t\t<a href=\"https:\/\/www.xunshi-alloy.com\/pl\/produkt\/mu-metal-strip-soft-hard-magnetic-materials-low-coercive-force-magnetic-core-material\/\" >\n\t\t\t\tMu-metalowy pasta mi\u0119kkie twarde materia\u0142y magnetyczne, niskie si\u0142y ko\u015bciowe\t\t\t<\/a>\n\t\t<\/h3>\n\t\t\n\t\t<a class=\"elementor-post__read-more\" href=\"https:\/\/www.xunshi-alloy.com\/pl\/produkt\/mu-metal-strip-soft-hard-magnetic-materials-low-coercive-force-magnetic-core-material\/\" aria-label=\"Przeczyta\u0107 wi\u0119cej o MU-metal Pastce Mi\u0119kkie twarde materia\u0142y magnetyczne, materia\u0142y r\u0105dro\" tabindex=\"-1\" >\n\t\t\tPrzeczytaj wi\u0119cej \t\t<\/a>\n\n\t\t\t\t<\/div>\n\t\t\t\t\t<\/div>\n\t\t<\/article>\n\t\t\t\t<article class=\"elementor-post elementor-grid-item post-2233 product type-product status-publish has-post-thumbnail product_cat-soft-magnetic-alloys first instock shipping-taxable product-type-simple\">\n\t\t\t<div class=\"elementor-post__card\">\n\t\t\t\t<a class=\"elementor-post__thumbnail__link\" href=\"https:\/\/www.xunshi-alloy.com\/pl\/produkt\/sheilding-nickel-soft-magnetic-alloys-mil-n-14411-comp-1-cold-rolled-strip-hymu80\/\" tabindex=\"-1\" ><div class=\"elementor-post__thumbnail\"><img loading=\"lazy\" decoding=\"async\" width=\"378\" height=\"270\" src=\"https:\/\/www.xunshi-alloy.com\/wp-content\/uploads\/sites\/553\/2025\/10\/2017754c473fa42d1d48acd2509a8fee.jpg\" class=\"attachment-full size-full wp-image-2235\" alt=\"\" srcset=\"https:\/\/www.xunshi-alloy.com\/wp-content\/uploads\/sites\/553\/2025\/10\/2017754c473fa42d1d48acd2509a8fee.jpg 378w, https:\/\/www.xunshi-alloy.com\/wp-content\/uploads\/sites\/553\/2025\/10\/2017754c473fa42d1d48acd2509a8fee-18x12.jpg 18w\" sizes=\"(max-width: 378px) 100vw, 378px\" \/><\/div><\/a>\n\t\t\t\t<div class=\"elementor-post__text\">\n\t\t\t\t<h3 class=\"elementor-post__title\">\n\t\t\t<a href=\"https:\/\/www.xunshi-alloy.com\/pl\/produkt\/sheilding-nickel-soft-magnetic-alloys-mil-n-14411-comp-1-cold-rolled-strip-hymu80\/\" >\n\t\t\t\tS\u0142awy magnetyczne niklu mi\u0119kkie sp\u0142y magnetyczne MIL N-14411 COMP 1 Pasa zamod\u0142oczone HYMU80\t\t\t<\/a>\n\t\t<\/h3>\n\t\t\n\t\t<a class=\"elementor-post__read-more\" href=\"https:\/\/www.xunshi-alloy.com\/pl\/produkt\/sheilding-nickel-soft-magnetic-alloys-mil-n-14411-comp-1-cold-rolled-strip-hymu80\/\" aria-label=\"Przeczyta\u0107 wi\u0119cej o ob\u0142\u0105czeniu niklu mi\u0119kkich spawach magnetycznych MIL N-14411 COMP 1 PAST HYMU80\" tabindex=\"-1\" >\n\t\t\tPrzeczytaj wi\u0119cej \t\t<\/a>\n\n\t\t\t\t<\/div>\n\t\t\t\t\t<\/div>\n\t\t<\/article>\n\t\t\t\t<\/div>\n\t\t\n\t\t\t\t<div class=\"e-load-more-anchor\" data-page=\"1\" data-max-page=\"21\" data-next-page=\"https:\/\/www.xunshi-alloy.com\/wp-json\/wp\/v2\/pages\/1241\/page\/2\/\"><\/div>\n\t\t\t\t<nav class=\"elementor-pagination\" aria-label=\"Paginacja\">\n\t\t\t<span class=\"page-numbers prev\">\u00ab Poprzedni<\/span>\n<span aria-current=\"page\" class=\"page-numbers current\"><span class=\"elementor-screen-only\">Strona<\/span>1<\/span>\n<a class=\"page-numbers\" href=\"https:\/\/www.xunshi-alloy.com\/wp-json\/wp\/v2\/pages\/1241\/page\/2\/\"><span class=\"elementor-screen-only\">Strona<\/span>2<\/a>\n<a class=\"page-numbers\" href=\"https:\/\/www.xunshi-alloy.com\/wp-json\/wp\/v2\/pages\/1241\/page\/3\/\"><span class=\"elementor-screen-only\">Strona<\/span>3<\/a>\n<a class=\"page-numbers\" href=\"https:\/\/www.xunshi-alloy.com\/wp-json\/wp\/v2\/pages\/1241\/page\/4\/\"><span class=\"elementor-screen-only\">Strona<\/span>4<\/a>\n<a class=\"page-numbers\" href=\"https:\/\/www.xunshi-alloy.com\/wp-json\/wp\/v2\/pages\/1241\/page\/5\/\"><span class=\"elementor-screen-only\">Strona<\/span>5<\/a>\n<a class=\"page-numbers next\" href=\"https:\/\/www.xunshi-alloy.com\/wp-json\/wp\/v2\/pages\/1241\/page\/2\/\">Nast\u0119pny \u00bb<\/a>\t\t<\/nav>\n\t\t\t\t<\/div>\n\t\t\t\t<\/div>\n\t\t\t\t<\/div>\n\t\t\t\t\t<\/div>\n\t\t\t\t<\/div>\n\t\t\t\t<\/div>","protected":false},"excerpt":{"rendered":"<p>Profesjonalny dostawca sp\u0142\u00f3w wysokiej wykonywania! Produkty<\/p>","protected":false},"author":2,"featured_media":0,"parent":0,"menu_order":0,"comment_status":"closed","ping_status":"closed","template":"elementor_header_footer","meta":{"_acf_changed":false,"_seopress_robots_primary_cat":"","footnotes":""},"class_list":["post-1241","page","type-page","status-publish","hentry"],"acf":[],"_links":{"self":[{"href":"https:\/\/www.xunshi-alloy.com\/pl\/wp-json\/wp\/v2\/pages\/1241","targetHints":{"allow":["GET"]}}],"collection":[{"href":"https:\/\/www.xunshi-alloy.com\/pl\/wp-json\/wp\/v2\/pages"}],"about":[{"href":"https:\/\/www.xunshi-alloy.com\/pl\/wp-json\/wp\/v2\/types\/page"}],"author":[{"embeddable":true,"href":"https:\/\/www.xunshi-alloy.com\/pl\/wp-json\/wp\/v2\/users\/2"}],"replies":[{"embeddable":true,"href":"https:\/\/www.xunshi-alloy.com\/pl\/wp-json\/wp\/v2\/comments?post=1241"}],"version-history":[{"count":50,"href":"https:\/\/www.xunshi-alloy.com\/pl\/wp-json\/wp\/v2\/pages\/1241\/revisions"}],"predecessor-version":[{"id":2358,"href":"https:\/\/www.xunshi-alloy.com\/pl\/wp-json\/wp\/v2\/pages\/1241\/revisions\/2358"}],"wp:attachment":[{"href":"https:\/\/www.xunshi-alloy.com\/pl\/wp-json\/wp\/v2\/media?parent=1241"}],"curies":[{"name":"wp","href":"https:\/\/api.w.org\/{rel}","templated":true}]}}