
{"id":1529,"date":"2025-10-16T16:37:21","date_gmt":"2025-10-16T08:37:21","guid":{"rendered":"https:\/\/www.xunshi-alloy.com\/?post_type=product&p=1529"},"modified":"2025-10-16T16:37:21","modified_gmt":"2025-10-16T08:37:21","slug":"ni-span-c-alloy-902-cold-rolled-foil","status":"publish","type":"product","link":"https:\/\/www.xunshi-alloy.com\/pl\/produkt\/ni-span-c-alloy-902-cold-rolled-foil\/","title":{"rendered":"Z\u0142owa Ni-Span-C 902 folia zamodno\u015bciana"},"content":{"rendered":"<p data-cah=\"2\">Legu Ni-Span-C 902 (N09902) to legu Fe-Ni o kontrolowanym wsp\u00f3\u0142czynnikiem termoelastycznym. Potrzebny wsp\u00f3\u0142czynnik termoelastyczny jest nast\u0119pnie otrzymany przez zmiany pracy i odpowiedniego obeczenia termoelastycznego. Zimna praca wytwarza wewn\u0119trzne zacz\u0119cia, czyni wsp\u00f3\u0142czynnik bardziej negatywny. Opracowanie termowe, w ni\u017cszych zakresie temperatury, z\u0142agaj\u0105 zmiany. Spowoduj\u0105 r\u00f3wnie\u017c z\u0142o\u017cone zjawiska, kt\u00f3re czyni wsp\u00f3\u0142czynnik bardziej pozytywny. Ogrzewanie w temperaturach ponad oko\u0142o 900 \u00b0F spowoduje zachowanie intermetalicznego z\u0142\u0105czenia titanu i niklu, wyci\u0105gaj\u0105c nikel z matryce i przenosz\u0105c wsp\u00f3\u0142czynnik dalej w kierunku<\/p>\n<p> <u><b>Wsp\u00f3\u0142czynnik termoelastyczny<\/b><\/u><br \/> Wsp\u00f3\u0142czynnik termoelastyczny (TEC) sp\u0142awy jest szybko\u015b\u0107 zmiany modulu elastyczno\u015bci z zmian\u0105 temperatury. Zazwyczaj jest wyra\u017cona jako cz\u0119\u015bci na milion stopnia F (np. 5 x 10-6\/\u00b0F).<br \/> Pierwsze pomiary TEC legu Ni-Span-C 902 zosta\u0142y wykonane za pomoc\u0105 mas\u0142\u0105czki torsyjnego dzia\u0142aj\u0105cego oko\u0142o jednego cyklu na sekund\u0119. Te badania s\u0105 podstaw\u0105 dla du\u017cej opinii publikowanych danych na temat legu. Jednak, gdy dane te zosta\u0142y wykorzystany do projektowania urz\u0105dze\u0144 wysokiecz\u0119stotliwo\u015bci, stwierdzono, \u017ce powsta\u0142y nieprawid\u0142y wyniki<br \/> Ostatne prace rozwi\u0105za\u0142y problem sprzecznych wynik\u00f3w. Wykryono, \u017ce cz\u0119stotliwo\u015b\u0107 dzia\u0142ania ma znacz\u0105cy wp\u0142yw na TEC. Bady przeprowadzone w specjalnych metalach wykaza\u0142y, \u017ce TEC danej pr\u00f3bki zwi\u0119kszy\u0142 si\u0119 z wzro\u015bciem cz\u0119stotliwo\u015bci bada\u0144 do oko\u0142o 800 Ponadaj\u0105c 800 cps nie by\u0142o wp\u0142ywu cz\u0119stotliwo\u015bci. Pr\u00f3bki z tego samego ciep\u0142a materia\u0142u badane w oko\u0142o 1500 cps oraz w innym laboratorium w<br \/> 455000 cps, da\u0142o identyczne wyniki. Burnette z Narodowego Biuro Standardowania zauwa\u017cy\u0142a, \u017ce obro\u0144czenie termowe, kt\u00f3re wytwarza\u0142y zero TEC na pr\u00f3bce testowanej w sk\u0142upku torsyjnej przy 1 cps, opracowa\u0142o TEC +40 na pr\u00f3bce testowanej w swobodnej wibracji o 1000 cps. Rysunek 2 pokazuje te dane oraz schematyczne wskazanie efektu cz\u0119stotliwo\u015bci.<br \/> Z powodu efektu cz\u0119stotliwo\u015bci konieczne jest okre\u015bli\u0107 dwa obszary stosowania legu Ni-Span-C 902, z kt\u00f3rych ka\u017cda wymaga r\u00f3\u017cnego przetwarzania, aby osi\u0105gn\u0105\u0107 najlepsze wyniki. <br \/> To:<br \/> 1. Uurz\u0105dzenia niskocz\u0119stotliwo\u015bci. To obejmuj\u0105 p\u0142ywnice, rurki Bourdon, kapsu\u0142ki aneroidowe itd.<br \/> 2. Uurz\u0105dzenia wysokiecz\u0119stotliwo\u015bci. Do tej kategorii nale\u017c\u0105 do wylki naprawdaczki, wibrowanie, filtry mechaniczne i podobne instrumenty.<\/p>\n<p> <u><b>W\u0142a\u015bciwo\u015bci fizyczne<\/b><\/u><br \/> G\u0119sto\u015b\u0107: 8,05 g\/cm3<br \/> Temperatura Curie: 190\u00b0C<br \/> Oporno\u015b\u0107 elektryczna: 1.02 \u00b5\u2126\u2022 m<\/p>\n<p> Praca w zimnej powoduje zwi\u0119kszenie modulu. Zwi\u0119kszenie temperatury obrotu terepnego powoduje r\u00f3wnie\u017c zwi\u0119kszenie<\/p>\n<p> Chocia\u017c sprawa zosta\u0142a zaprojektowana do u\u017cycia ponad -50 \u00b0F, zosta\u0142a powodnie u\u017cywana pod ni\u017cszych temperaturach, a niekt\u00f3re dane kryogenne by\u0142y<br \/> Opublikowane. Lap wykazuje nisk\u0105 zdolno\u015b\u0107 zg\u0142oszenia (wysokie Q). Zg\u0142aszano si\u0119, \u017ce Q materia\u0142u przemys\u0142u w zimnie jest oko\u0142o 8000, co o 4 razy wi\u0119kszy ni\u017c warto\u015bci odniesienych format.<\/p>","protected":false},"excerpt":{"rendered":"<p>Ni Span C 902 folia legowania<\/p>","protected":false},"featured_media":1531,"template":"","meta":{"_acf_changed":false,"_seopress_robots_primary_cat":""},"product_brand":[],"product_cat":[56,52,54],"product_tag":[],"class_list":{"0":"post-1529","1":"product","2":"type-product","3":"status-publish","4":"has-post-thumbnail","6":"product_cat-magnetostrictive-material","7":"product_cat-nickel-cobalt-alloy","8":"product_cat-superelastic-alloy","10":"first","11":"instock","12":"shipping-taxable","13":"product-type-simple"},"acf":[],"_links":{"self":[{"href":"https:\/\/www.xunshi-alloy.com\/pl\/wp-json\/wp\/v2\/product\/1529","targetHints":{"allow":["GET"]}}],"collection":[{"href":"https:\/\/www.xunshi-alloy.com\/pl\/wp-json\/wp\/v2\/product"}],"about":[{"href":"https:\/\/www.xunshi-alloy.com\/pl\/wp-json\/wp\/v2\/types\/product"}],"wp:featuredmedia":[{"embeddable":true,"href":"https:\/\/www.xunshi-alloy.com\/pl\/wp-json\/wp\/v2\/media\/1531"}],"wp:attachment":[{"href":"https:\/\/www.xunshi-alloy.com\/pl\/wp-json\/wp\/v2\/media?parent=1529"}],"wp:term":[{"taxonomy":"product_brand","embeddable":true,"href":"https:\/\/www.xunshi-alloy.com\/pl\/wp-json\/wp\/v2\/product_brand?post=1529"},{"taxonomy":"product_cat","embeddable":true,"href":"https:\/\/www.xunshi-alloy.com\/pl\/wp-json\/wp\/v2\/product_cat?post=1529"},{"taxonomy":"product_tag","embeddable":true,"href":"https:\/\/www.xunshi-alloy.com\/pl\/wp-json\/wp\/v2\/product_tag?post=1529"}],"curies":[{"name":"wp","href":"https:\/\/api.w.org\/{rel}","templated":true}]}}