
{"id":1582,"date":"2025-10-16T16:39:26","date_gmt":"2025-10-16T08:39:26","guid":{"rendered":"https:\/\/www.xunshi-alloy.com\/?post_type=product&p=1582"},"modified":"2025-10-16T16:39:26","modified_gmt":"2025-10-16T08:39:26","slug":"low-expansion-iron-nickel-alloy-4j36-rod-wire-forging-density-8-1g-cm3","status":"publish","type":"product","link":"https:\/\/www.xunshi-alloy.com\/pl\/produkt\/low-expansion-iron-nickel-alloy-4j36-rod-wire-forging-density-8-1g-cm3\/","title":{"rendered":"Low Expansion Iron Nickel Alloy 4J36 Rod Wire Forging Density 8.1g\/Cm3"},"content":{"rendered":"<table data-cah=\"6\">\n<tbody>\n<tr>\n<td class=\"\"><span class=\"ellipsis\" title=\"Miejsce pochodzenia\">Miejsce pochodzenia<\/span><\/td>\n<td class=\"\"><span class=\"ellipsis\" title=\"Chin\">Chin<\/span><\/td>\n<\/tr>\n<tr>\n<td class=\"\"><span class=\"ellipsis\" title=\"Nazwa marki\">Nazwa marki<\/span><\/td>\n<td class=\"\"><span class=\"ellipsis\" title=\"XUNSHI\">XUNSHI<\/span><\/td>\n<\/tr>\n<tr>\n<td class=\"\"><span class=\"ellipsis\" title=\"Certyfikacja\">Certyfikacja<\/span><\/td>\n<td class=\"\"><span class=\"ellipsis\" title=\"ISO9001\">ISO9001<\/span><\/td>\n<\/tr>\n<tr>\n<td class=\"\"><span class=\"ellipsis\" title=\"Numer modelu\">Numer modelu<\/span><\/td>\n<td class=\"\"><span class=\"ellipsis\" title=\"4J36\">4J36<\/span><\/td>\n<\/tr>\n<tr>\n<td class=\"\"><span class=\"ellipsis\" title=\"Minimalna ilo\u015b\u0107 zam\u00f3wienia\">Minimalna ilo\u015b\u0107 zam\u00f3wienia<\/span><\/td>\n<td class=\"\"><span class=\"ellipsis\" title=\"50 kg\">50 kg<\/span><\/td>\n<\/tr>\n<tr>\n<td class=\"\"><span class=\"ellipsis\" title=\"Price\">Price<\/span><\/td>\n<td class=\"\"><span class=\"ellipsis\" title=\"Negotiable\">Negotiable<\/span><\/td>\n<\/tr>\n<tr>\n<td class=\"\"><span class=\"ellipsis\" title=\"Szczeg\u00f3\u0142y o opakowaniu\">Szczeg\u00f3\u0142y o opakowaniu<\/span><\/td>\n<td class=\"\"><span class=\"ellipsis\" title=\"Plywood case\">Plywood case<\/span><\/td>\n<\/tr>\n<tr>\n<td class=\"\"><span class=\"ellipsis\" title=\"Czas dostawy\">Czas dostawy<\/span><\/td>\n<td class=\"\"><span class=\"ellipsis\" title=\"30-35 dni\">30-35 dni<\/span><\/td>\n<\/tr>\n<tr>\n<td class=\"\"><span class=\"ellipsis\" title=\"Warunki p\u0142atno\u015bci\">Warunki p\u0142atno\u015bci<\/span><\/td>\n<td class=\"\"><span class=\"ellipsis\" title=\"T\/T\">T\/T<\/span><\/td>\n<\/tr>\n<tr>\n<td class=\"\"><span class=\"ellipsis\" title=\"Zdolno\u015b\u0107 dostawy\">Zdolno\u015b\u0107 dostawy<\/span><\/td>\n<td class=\"\"><span class=\"ellipsis\" title=\"5000kg per week\">5000kg per week<\/span><\/td>\n<\/tr>\n<\/tbody>\n<\/table>","protected":false},"excerpt":{"rendered":"<p>Place of Origin China Brand Name XUNSHI Certification ISO9001 Model Number 4J36 Minimum Order Quantity 50kg Price Negotiable Packaging Details Plywood case Delivery Time 30-35 days Payment Terms T\/T Supply Ability 5000kg per week<\/p>","protected":false},"featured_media":1585,"template":"","meta":{"_acf_changed":false,"_seopress_robots_primary_cat":""},"product_brand":[],"product_cat":[55],"product_tag":[],"class_list":{"0":"post-1582","1":"product","2":"type-product","3":"status-publish","4":"has-post-thumbnail","6":"product_cat-controlled-expansion-alloys","8":"first","9":"instock","10":"shipping-taxable","11":"product-type-simple"},"acf":[],"_links":{"self":[{"href":"https:\/\/www.xunshi-alloy.com\/pl\/wp-json\/wp\/v2\/product\/1582","targetHints":{"allow":["GET"]}}],"collection":[{"href":"https:\/\/www.xunshi-alloy.com\/pl\/wp-json\/wp\/v2\/product"}],"about":[{"href":"https:\/\/www.xunshi-alloy.com\/pl\/wp-json\/wp\/v2\/types\/product"}],"wp:featuredmedia":[{"embeddable":true,"href":"https:\/\/www.xunshi-alloy.com\/pl\/wp-json\/wp\/v2\/media\/1585"}],"wp:attachment":[{"href":"https:\/\/www.xunshi-alloy.com\/pl\/wp-json\/wp\/v2\/media?parent=1582"}],"wp:term":[{"taxonomy":"product_brand","embeddable":true,"href":"https:\/\/www.xunshi-alloy.com\/pl\/wp-json\/wp\/v2\/product_brand?post=1582"},{"taxonomy":"product_cat","embeddable":true,"href":"https:\/\/www.xunshi-alloy.com\/pl\/wp-json\/wp\/v2\/product_cat?post=1582"},{"taxonomy":"product_tag","embeddable":true,"href":"https:\/\/www.xunshi-alloy.com\/pl\/wp-json\/wp\/v2\/product_tag?post=1582"}],"curies":[{"name":"wp","href":"https:\/\/api.w.org\/{rel}","templated":true}]}}