
{"id":1618,"date":"2025-10-16T16:37:28","date_gmt":"2025-10-16T08:37:28","guid":{"rendered":"https:\/\/www.xunshi-alloy.com\/?post_type=product&p=1618"},"modified":"2025-10-16T16:37:28","modified_gmt":"2025-10-16T08:37:28","slug":"magnetostrictive-waveguide-wire-diameter-0-50mm","status":"publish","type":"product","link":"https:\/\/www.xunshi-alloy.com\/pl\/produkt\/magnetostrictive-waveguide-wire-diameter-0-50mm\/","title":{"rendered":"Z\u015brednica drut\u00f3w magnetostrictywny w\u0142\u00f3wnow\u00f3wnowego"},"content":{"rendered":"<p data-cah=\"2\"><b>Magnetostrictywny dr\u00f3t <\/b><br \/> Mamy bogate do\u015bwiadczenie w zapewnieniu przewod\u00f3w magnetostriccyjnych w\u0142\u00f3wodowych klientom z \u015bwiata, nasz przewody jest szeroko stosowany w magnetostriccyjnym Zachowamy zastaw 100 000 metr\u00f3w magnetostrictywnego drutu z legami o \u015brednicie 0,50 mm\/0,75 mm\/0,80 mm. To umo\u017cliwiaj\u0105 nam dostaw\u0119 nast\u0119pnego dnia.<\/p>\n<p> <b>W\u0142a\u015bciwo\u015bci magnetostrictywnego drutu<\/b><\/p>\n<table data-cah=\"6\">\n<tbody>\n<tr>\n<td class=\"\"><span class=\"ellipsis\" title=\"Parametr\">Parametr<\/span><\/td>\n<td class=\"\"><span class=\"ellipsis\" title=\"Cz\u0119sto\">Cz\u0119sto<\/span><\/td>\n<td class=\"\"><span class=\"ellipsis\" title=\"Wysokie temperatury\">Wysokie temperatury<\/span><\/td>\n<\/tr>\n<tr>\n<td class=\"\"><span class=\"ellipsis\" title=\"Magnetostrikcja\">Magnetostrikcja<\/span><\/td>\n<td class=\"\"><span class=\"ellipsis\" title=\"6-8 ppm\">6-8 ppm<\/span><\/td>\n<td class=\"\"><span class=\"ellipsis\" title=\"25\u201332 godziny\">25\u201332 godziny<\/span><\/td>\n<\/tr>\n<tr>\n<td class=\"\"><span class=\"ellipsis\" title=\"G\u0119sto\u015b\u0107\">G\u0119sto\u015b\u0107<\/span><\/td>\n<td class=\"\"><span class=\"ellipsis\" title=\"8,05\/cm3\">8,05\/cm3<\/span><\/td>\n<td class=\"\"><span class=\"ellipsis\" title=\"8,3\/cm3\">8,3\/cm3<\/span><\/td>\n<\/tr>\n<tr>\n<td class=\"\"><span class=\"ellipsis\" title=\"Zmno\u015b\u0107 pr\u0119\u017cenia\">Zmno\u015b\u0107 pr\u0119\u017cenia<\/span><\/td>\n<td class=\"\"><span class=\"ellipsis\" title=\"686MPa\">&gt; 686MPa<\/span><\/td>\n<td class=\"\"><span class=\"ellipsis\" title=\"700MPa\">&gt; 700 MPa<\/span><\/td>\n<\/tr>\n<tr>\n<td class=\"\"><span class=\"ellipsis\" title=\"Curie point\">Curie point<\/span><\/td>\n<td class=\"\"><span class=\"ellipsis\" title=\"120\u2103\">120\u2103<\/span><\/td>\n<td class=\"\"><span class=\"ellipsis\" title=\"530\u2103\">530\u2103<\/span><\/td>\n<\/tr>\n<tr>\n<td class=\"\"><span class=\"ellipsis\" title=\"Temperatura roboczej\">Temperatura roboczej<\/span><\/td>\n<td class=\"\"><span class=\"ellipsis\" title=\"-40 ~ 80 \u00b0C\">-40 ~ 80 \u00b0C<\/span><\/td>\n<td class=\"\"><span class=\"ellipsis\" title=\"-40 ~ 300 \u00b0C\">-40 ~ 300 \u00b0C<\/span><\/td>\n<\/tr>\n<tr>\n<td class=\"\"><span class=\"ellipsis\" title=\"\u015arednik\">\u015arednik<\/span><\/td>\n<td class=\"\"><span class=\"ellipsis\" title=\"0,35 mm\/0,50 mm\/0,75 mm\/0,80 mm\/1,0 mm\">0,35 mm\/0,50 mm\/0,75 mm\/0,80 mm\/1,0 mm<\/span><\/td>\n<td class=\"\"><span class=\"ellipsis\" title=\"\"><\/span><\/td>\n<\/tr>\n<\/tbody>\n<\/table>\n<p data-cah=\"2\"><b>Zastosowanie<\/b><br \/> Magnetostrictywny dr\u00f3t w\u0142\u00f3wowodowy do pomiaru poziomu, czujnika poziomu i czujnika przesunku<\/p>\n<p> <b>O naszym produkcie magnetostrictywny dr\u00f3t<\/b><br \/> Nasze produkty zosta\u0142y szeroko stosowane w Chinach, poza krajowym, ale r\u00f3wnie\u017c eksportowanym do Turcji, Korei Po\u0142udniowej, Iranu, Afryki Po\u0142udniowej i wielu innych<br \/> Nasz w\u0142\u00f3wnow\u00f3wodowy zosta\u0142 testowany przez wiele firm, kt\u00f3re produkuj\u0105 czujniki magnetostrictywne Wyniki testu s\u0105 bardzo dobre. Je\u015bli potrzeby, mo\u017cemy zapewni\u0107 pr\u00f3bk\u0119 za darmo.<br \/> Jeste\u015bmy najprofesjonalniejszym dostawcem magnetostrictywnego drut\u00f3w w\u0142\u00f3wowych w Chinach. Witamy do nas skontaktowania.<\/p>","protected":false},"excerpt":{"rendered":"<p>Magnetostrictywny dr\u00f3t<\/p>","protected":false},"featured_media":1622,"template":"","meta":{"_acf_changed":false,"_seopress_robots_primary_cat":""},"product_brand":[],"product_cat":[56],"product_tag":[],"class_list":{"0":"post-1618","1":"product","2":"type-product","3":"status-publish","4":"has-post-thumbnail","6":"product_cat-magnetostrictive-material","8":"first","9":"instock","10":"shipping-taxable","11":"product-type-simple"},"acf":[],"_links":{"self":[{"href":"https:\/\/www.xunshi-alloy.com\/pl\/wp-json\/wp\/v2\/product\/1618","targetHints":{"allow":["GET"]}}],"collection":[{"href":"https:\/\/www.xunshi-alloy.com\/pl\/wp-json\/wp\/v2\/product"}],"about":[{"href":"https:\/\/www.xunshi-alloy.com\/pl\/wp-json\/wp\/v2\/types\/product"}],"wp:featuredmedia":[{"embeddable":true,"href":"https:\/\/www.xunshi-alloy.com\/pl\/wp-json\/wp\/v2\/media\/1622"}],"wp:attachment":[{"href":"https:\/\/www.xunshi-alloy.com\/pl\/wp-json\/wp\/v2\/media?parent=1618"}],"wp:term":[{"taxonomy":"product_brand","embeddable":true,"href":"https:\/\/www.xunshi-alloy.com\/pl\/wp-json\/wp\/v2\/product_brand?post=1618"},{"taxonomy":"product_cat","embeddable":true,"href":"https:\/\/www.xunshi-alloy.com\/pl\/wp-json\/wp\/v2\/product_cat?post=1618"},{"taxonomy":"product_tag","embeddable":true,"href":"https:\/\/www.xunshi-alloy.com\/pl\/wp-json\/wp\/v2\/product_tag?post=1618"}],"curies":[{"name":"wp","href":"https:\/\/api.w.org\/{rel}","templated":true}]}}