
{"id":1792,"date":"2025-10-16T17:07:21","date_gmt":"2025-10-16T09:07:21","guid":{"rendered":"https:\/\/www.xunshi-alloy.com\/?post_type=product&p=1792"},"modified":"2025-10-16T17:07:21","modified_gmt":"2025-10-16T09:07:21","slug":"hastelloy-c22-diaphragm-enhanced-resistance-to-pitting-crevice-corrosion-and-stress-corrosion-cracking","status":"publish","type":"product","link":"https:\/\/www.xunshi-alloy.com\/pl\/produkt\/hastelloy-c22-diaphragm-enhanced-resistance-to-pitting-crevice-corrosion-and-stress-corrosion-cracking\/","title":{"rendered":"Zwi\u0119kszona odporno\u015b\u0107 na rozp\u0142ywanie, rozk\u0142adania i rozp\u0142ywanie korozyjne i rozp\u0142ywanie."},"content":{"rendered":"","protected":false},"excerpt":{"rendered":"","protected":false},"featured_media":1794,"template":"","meta":{"_acf_changed":false,"_seopress_robots_primary_cat":""},"product_brand":[],"product_cat":[52],"product_tag":[],"class_list":{"0":"post-1792","1":"product","2":"type-product","3":"status-publish","4":"has-post-thumbnail","6":"product_cat-nickel-cobalt-alloy","8":"first","9":"instock","10":"shipping-taxable","11":"product-type-simple"},"acf":[],"_links":{"self":[{"href":"https:\/\/www.xunshi-alloy.com\/pl\/wp-json\/wp\/v2\/product\/1792","targetHints":{"allow":["GET"]}}],"collection":[{"href":"https:\/\/www.xunshi-alloy.com\/pl\/wp-json\/wp\/v2\/product"}],"about":[{"href":"https:\/\/www.xunshi-alloy.com\/pl\/wp-json\/wp\/v2\/types\/product"}],"wp:featuredmedia":[{"embeddable":true,"href":"https:\/\/www.xunshi-alloy.com\/pl\/wp-json\/wp\/v2\/media\/1794"}],"wp:attachment":[{"href":"https:\/\/www.xunshi-alloy.com\/pl\/wp-json\/wp\/v2\/media?parent=1792"}],"wp:term":[{"taxonomy":"product_brand","embeddable":true,"href":"https:\/\/www.xunshi-alloy.com\/pl\/wp-json\/wp\/v2\/product_brand?post=1792"},{"taxonomy":"product_cat","embeddable":true,"href":"https:\/\/www.xunshi-alloy.com\/pl\/wp-json\/wp\/v2\/product_cat?post=1792"},{"taxonomy":"product_tag","embeddable":true,"href":"https:\/\/www.xunshi-alloy.com\/pl\/wp-json\/wp\/v2\/product_tag?post=1792"}],"curies":[{"name":"wp","href":"https:\/\/api.w.org\/{rel}","templated":true}]}}