
{"id":1897,"date":"2025-10-16T17:15:26","date_gmt":"2025-10-16T09:15:26","guid":{"rendered":"https:\/\/www.xunshi-alloy.com\/?post_type=product&p=1897"},"modified":"2025-10-16T17:15:26","modified_gmt":"2025-10-16T09:15:26","slug":"round-bar-controlled-expansion-alloys-borosilicate-glasses-w-nr-1-3981","status":"publish","type":"product","link":"https:\/\/www.xunshi-alloy.com\/pl\/produkt\/round-bar-controlled-expansion-alloys-borosilicate-glasses-w-nr-1-3981\/","title":{"rendered":"Okr\u0105g\u0142\u0105 bark\u0105 kontrolowane sp\u0142y ekspansionowane okulary borosylikowane W. Nr. 1.3981"},"content":{"rendered":"","protected":false},"excerpt":{"rendered":"","protected":false},"featured_media":1899,"template":"","meta":{"_acf_changed":false,"_seopress_robots_primary_cat":""},"product_brand":[],"product_cat":[55],"product_tag":[],"class_list":{"0":"post-1897","1":"product","2":"type-product","3":"status-publish","4":"has-post-thumbnail","6":"product_cat-controlled-expansion-alloys","8":"first","9":"instock","10":"shipping-taxable","11":"product-type-simple"},"acf":[],"_links":{"self":[{"href":"https:\/\/www.xunshi-alloy.com\/pl\/wp-json\/wp\/v2\/product\/1897","targetHints":{"allow":["GET"]}}],"collection":[{"href":"https:\/\/www.xunshi-alloy.com\/pl\/wp-json\/wp\/v2\/product"}],"about":[{"href":"https:\/\/www.xunshi-alloy.com\/pl\/wp-json\/wp\/v2\/types\/product"}],"wp:featuredmedia":[{"embeddable":true,"href":"https:\/\/www.xunshi-alloy.com\/pl\/wp-json\/wp\/v2\/media\/1899"}],"wp:attachment":[{"href":"https:\/\/www.xunshi-alloy.com\/pl\/wp-json\/wp\/v2\/media?parent=1897"}],"wp:term":[{"taxonomy":"product_brand","embeddable":true,"href":"https:\/\/www.xunshi-alloy.com\/pl\/wp-json\/wp\/v2\/product_brand?post=1897"},{"taxonomy":"product_cat","embeddable":true,"href":"https:\/\/www.xunshi-alloy.com\/pl\/wp-json\/wp\/v2\/product_cat?post=1897"},{"taxonomy":"product_tag","embeddable":true,"href":"https:\/\/www.xunshi-alloy.com\/pl\/wp-json\/wp\/v2\/product_tag?post=1897"}],"curies":[{"name":"wp","href":"https:\/\/api.w.org\/{rel}","templated":true}]}}