
{"id":1974,"date":"2025-10-16T17:27:21","date_gmt":"2025-10-16T09:27:21","guid":{"rendered":"https:\/\/www.xunshi-alloy.com\/?post_type=product&p=1974"},"modified":"2025-10-16T17:27:21","modified_gmt":"2025-10-16T09:27:21","slug":"cold-drawn-wire-super-elastic-alloy-diameter-0-20-2-0mm-spring-super-elastic-material","status":"publish","type":"product","link":"https:\/\/www.xunshi-alloy.com\/pl\/produkt\/cold-drawn-wire-super-elastic-alloy-diameter-0-20-2-0mm-spring-super-elastic-material\/","title":{"rendered":"Zimno poci\u0105gni\u0119ty dr\u00f3t super elastyczny, \u015brednik 0,20-2,0 mm wiosna superelastyczna materia\u0142a"},"content":{"rendered":"","protected":false},"excerpt":{"rendered":"","protected":false},"featured_media":1976,"template":"","meta":{"_acf_changed":false,"_seopress_robots_primary_cat":""},"product_brand":[],"product_cat":[54],"product_tag":[],"class_list":{"0":"post-1974","1":"product","2":"type-product","3":"status-publish","4":"has-post-thumbnail","6":"product_cat-superelastic-alloy","8":"first","9":"instock","10":"shipping-taxable","11":"product-type-simple"},"acf":[],"_links":{"self":[{"href":"https:\/\/www.xunshi-alloy.com\/pl\/wp-json\/wp\/v2\/product\/1974","targetHints":{"allow":["GET"]}}],"collection":[{"href":"https:\/\/www.xunshi-alloy.com\/pl\/wp-json\/wp\/v2\/product"}],"about":[{"href":"https:\/\/www.xunshi-alloy.com\/pl\/wp-json\/wp\/v2\/types\/product"}],"wp:featuredmedia":[{"embeddable":true,"href":"https:\/\/www.xunshi-alloy.com\/pl\/wp-json\/wp\/v2\/media\/1976"}],"wp:attachment":[{"href":"https:\/\/www.xunshi-alloy.com\/pl\/wp-json\/wp\/v2\/media?parent=1974"}],"wp:term":[{"taxonomy":"product_brand","embeddable":true,"href":"https:\/\/www.xunshi-alloy.com\/pl\/wp-json\/wp\/v2\/product_brand?post=1974"},{"taxonomy":"product_cat","embeddable":true,"href":"https:\/\/www.xunshi-alloy.com\/pl\/wp-json\/wp\/v2\/product_cat?post=1974"},{"taxonomy":"product_tag","embeddable":true,"href":"https:\/\/www.xunshi-alloy.com\/pl\/wp-json\/wp\/v2\/product_tag?post=1974"}],"curies":[{"name":"wp","href":"https:\/\/api.w.org\/{rel}","templated":true}]}}