
{"id":2130,"date":"2025-10-16T17:51:21","date_gmt":"2025-10-16T09:51:21","guid":{"rendered":"https:\/\/www.xunshi-alloy.com\/?post_type=product&p=2130"},"modified":"2025-10-16T17:51:21","modified_gmt":"2025-10-16T09:51:21","slug":"980c-cobalt-based-alloy-w-nr-2-4654-age-oxidation-resistance-for-shafts-spacers","status":"publish","type":"product","link":"https:\/\/www.xunshi-alloy.com\/pl\/produkt\/980c-cobalt-based-alloy-w-nr-2-4654-age-oxidation-resistance-for-shafts-spacers\/","title":{"rendered":"980\u00b0C legu na bazie kobaltu W.NR 2.4654 Wiek Oporno\u015b\u0107 na utlenienie dla odbieraj\u0105cych szy\u0142\u00f3w"},"content":{"rendered":"","protected":false},"excerpt":{"rendered":"","protected":false},"featured_media":2132,"template":"","meta":{"_acf_changed":false,"_seopress_robots_primary_cat":""},"product_brand":[],"product_cat":[52],"product_tag":[],"class_list":{"0":"post-2130","1":"product","2":"type-product","3":"status-publish","4":"has-post-thumbnail","6":"product_cat-nickel-cobalt-alloy","8":"first","9":"instock","10":"shipping-taxable","11":"product-type-simple"},"acf":[],"_links":{"self":[{"href":"https:\/\/www.xunshi-alloy.com\/pl\/wp-json\/wp\/v2\/product\/2130","targetHints":{"allow":["GET"]}}],"collection":[{"href":"https:\/\/www.xunshi-alloy.com\/pl\/wp-json\/wp\/v2\/product"}],"about":[{"href":"https:\/\/www.xunshi-alloy.com\/pl\/wp-json\/wp\/v2\/types\/product"}],"wp:featuredmedia":[{"embeddable":true,"href":"https:\/\/www.xunshi-alloy.com\/pl\/wp-json\/wp\/v2\/media\/2132"}],"wp:attachment":[{"href":"https:\/\/www.xunshi-alloy.com\/pl\/wp-json\/wp\/v2\/media?parent=2130"}],"wp:term":[{"taxonomy":"product_brand","embeddable":true,"href":"https:\/\/www.xunshi-alloy.com\/pl\/wp-json\/wp\/v2\/product_brand?post=2130"},{"taxonomy":"product_cat","embeddable":true,"href":"https:\/\/www.xunshi-alloy.com\/pl\/wp-json\/wp\/v2\/product_cat?post=2130"},{"taxonomy":"product_tag","embeddable":true,"href":"https:\/\/www.xunshi-alloy.com\/pl\/wp-json\/wp\/v2\/product_tag?post=2130"}],"curies":[{"name":"wp","href":"https:\/\/api.w.org\/{rel}","templated":true}]}}