
{"id":2187,"date":"2025-10-16T18:05:21","date_gmt":"2025-10-16T10:05:21","guid":{"rendered":"https:\/\/www.xunshi-alloy.com\/?post_type=product&p=2187"},"modified":"2025-10-16T18:05:21","modified_gmt":"2025-10-16T10:05:21","slug":"soft-magnetic-alloys-1j22-bright-finish-high-magnetostriction-cold-drawn-wire","status":"publish","type":"product","link":"https:\/\/www.xunshi-alloy.com\/pl\/produkt\/soft-magnetic-alloys-1j22-bright-finish-high-magnetostriction-cold-drawn-wire\/","title":{"rendered":"Mi\u0119kkie sp\u0142y magnetyczne 1J22 jasne wysokie magnetostriccje, zimno wyci\u0105gn\u0105\u0142y"},"content":{"rendered":"","protected":false},"excerpt":{"rendered":"","protected":false},"featured_media":2189,"template":"","meta":{"_acf_changed":false,"_seopress_robots_primary_cat":""},"product_brand":[],"product_cat":[53],"product_tag":[],"class_list":{"0":"post-2187","1":"product","2":"type-product","3":"status-publish","4":"has-post-thumbnail","6":"product_cat-soft-magnetic-alloys","8":"first","9":"instock","10":"shipping-taxable","11":"product-type-simple"},"acf":[],"_links":{"self":[{"href":"https:\/\/www.xunshi-alloy.com\/pl\/wp-json\/wp\/v2\/product\/2187","targetHints":{"allow":["GET"]}}],"collection":[{"href":"https:\/\/www.xunshi-alloy.com\/pl\/wp-json\/wp\/v2\/product"}],"about":[{"href":"https:\/\/www.xunshi-alloy.com\/pl\/wp-json\/wp\/v2\/types\/product"}],"wp:featuredmedia":[{"embeddable":true,"href":"https:\/\/www.xunshi-alloy.com\/pl\/wp-json\/wp\/v2\/media\/2189"}],"wp:attachment":[{"href":"https:\/\/www.xunshi-alloy.com\/pl\/wp-json\/wp\/v2\/media?parent=2187"}],"wp:term":[{"taxonomy":"product_brand","embeddable":true,"href":"https:\/\/www.xunshi-alloy.com\/pl\/wp-json\/wp\/v2\/product_brand?post=2187"},{"taxonomy":"product_cat","embeddable":true,"href":"https:\/\/www.xunshi-alloy.com\/pl\/wp-json\/wp\/v2\/product_cat?post=2187"},{"taxonomy":"product_tag","embeddable":true,"href":"https:\/\/www.xunshi-alloy.com\/pl\/wp-json\/wp\/v2\/product_tag?post=2187"}],"curies":[{"name":"wp","href":"https:\/\/api.w.org\/{rel}","templated":true}]}}