
{"id":2193,"date":"2025-10-16T18:07:21","date_gmt":"2025-10-16T10:07:21","guid":{"rendered":"https:\/\/www.xunshi-alloy.com\/?post_type=product&p=2193"},"modified":"2025-10-16T18:07:21","modified_gmt":"2025-10-16T10:07:21","slug":"round-bar-cobalt-iron-alloy-high-magnetic-saturation-soft-iron-material-feco27","status":"publish","type":"product","link":"https:\/\/www.xunshi-alloy.com\/pl\/produkt\/round-bar-cobalt-iron-alloy-high-magnetic-saturation-soft-iron-material-feco27\/","title":{"rendered":"Kr\u0105g\u0142y barek spawy kobaltowego \u017celaza, wysokie magnetyczne nasycenie"},"content":{"rendered":"","protected":false},"excerpt":{"rendered":"","protected":false},"featured_media":2195,"template":"","meta":{"_acf_changed":false,"_seopress_robots_primary_cat":""},"product_brand":[],"product_cat":[53],"product_tag":[],"class_list":{"0":"post-2193","1":"product","2":"type-product","3":"status-publish","4":"has-post-thumbnail","6":"product_cat-soft-magnetic-alloys","8":"first","9":"instock","10":"shipping-taxable","11":"product-type-simple"},"acf":[],"_links":{"self":[{"href":"https:\/\/www.xunshi-alloy.com\/pl\/wp-json\/wp\/v2\/product\/2193","targetHints":{"allow":["GET"]}}],"collection":[{"href":"https:\/\/www.xunshi-alloy.com\/pl\/wp-json\/wp\/v2\/product"}],"about":[{"href":"https:\/\/www.xunshi-alloy.com\/pl\/wp-json\/wp\/v2\/types\/product"}],"wp:featuredmedia":[{"embeddable":true,"href":"https:\/\/www.xunshi-alloy.com\/pl\/wp-json\/wp\/v2\/media\/2195"}],"wp:attachment":[{"href":"https:\/\/www.xunshi-alloy.com\/pl\/wp-json\/wp\/v2\/media?parent=2193"}],"wp:term":[{"taxonomy":"product_brand","embeddable":true,"href":"https:\/\/www.xunshi-alloy.com\/pl\/wp-json\/wp\/v2\/product_brand?post=2193"},{"taxonomy":"product_cat","embeddable":true,"href":"https:\/\/www.xunshi-alloy.com\/pl\/wp-json\/wp\/v2\/product_cat?post=2193"},{"taxonomy":"product_tag","embeddable":true,"href":"https:\/\/www.xunshi-alloy.com\/pl\/wp-json\/wp\/v2\/product_tag?post=2193"}],"curies":[{"name":"wp","href":"https:\/\/api.w.org\/{rel}","templated":true}]}}