
{"id":2215,"date":"2025-10-16T18:11:21","date_gmt":"2025-10-16T10:11:21","guid":{"rendered":"https:\/\/www.xunshi-alloy.com\/?post_type=product&p=2215"},"modified":"2025-10-16T18:11:21","modified_gmt":"2025-10-16T10:11:21","slug":"haynes-242-nickel-cobalt-alloy-excellent-high-temperature-strength-oxidation-resistance","status":"publish","type":"product","link":"https:\/\/www.xunshi-alloy.com\/pl\/produkt\/haynes-242-nickel-cobalt-alloy-excellent-high-temperature-strength-oxidation-resistance\/","title":{"rendered":"Haynes 242 legu niklu kobaltu doskona\u0142a wysok\u0105 temperatur\u0119 oporno\u015b\u0107 na utlenienie"},"content":{"rendered":"","protected":false},"excerpt":{"rendered":"","protected":false},"featured_media":2219,"template":"","meta":{"_acf_changed":false,"_seopress_robots_primary_cat":""},"product_brand":[],"product_cat":[52],"product_tag":[],"class_list":{"0":"post-2215","1":"product","2":"type-product","3":"status-publish","4":"has-post-thumbnail","6":"product_cat-nickel-cobalt-alloy","8":"first","9":"instock","10":"shipping-taxable","11":"product-type-simple"},"acf":[],"_links":{"self":[{"href":"https:\/\/www.xunshi-alloy.com\/pl\/wp-json\/wp\/v2\/product\/2215","targetHints":{"allow":["GET"]}}],"collection":[{"href":"https:\/\/www.xunshi-alloy.com\/pl\/wp-json\/wp\/v2\/product"}],"about":[{"href":"https:\/\/www.xunshi-alloy.com\/pl\/wp-json\/wp\/v2\/types\/product"}],"wp:featuredmedia":[{"embeddable":true,"href":"https:\/\/www.xunshi-alloy.com\/pl\/wp-json\/wp\/v2\/media\/2219"}],"wp:attachment":[{"href":"https:\/\/www.xunshi-alloy.com\/pl\/wp-json\/wp\/v2\/media?parent=2215"}],"wp:term":[{"taxonomy":"product_brand","embeddable":true,"href":"https:\/\/www.xunshi-alloy.com\/pl\/wp-json\/wp\/v2\/product_brand?post=2215"},{"taxonomy":"product_cat","embeddable":true,"href":"https:\/\/www.xunshi-alloy.com\/pl\/wp-json\/wp\/v2\/product_cat?post=2215"},{"taxonomy":"product_tag","embeddable":true,"href":"https:\/\/www.xunshi-alloy.com\/pl\/wp-json\/wp\/v2\/product_tag?post=2215"}],"curies":[{"name":"wp","href":"https:\/\/api.w.org\/{rel}","templated":true}]}}