
{"id":2233,"date":"2025-10-16T18:21:21","date_gmt":"2025-10-16T10:21:21","guid":{"rendered":"https:\/\/www.xunshi-alloy.com\/?post_type=product&p=2233"},"modified":"2025-10-16T18:21:21","modified_gmt":"2025-10-16T10:21:21","slug":"sheilding-nickel-soft-magnetic-alloys-mil-n-14411-comp-1-cold-rolled-strip-hymu80","status":"publish","type":"product","link":"https:\/\/www.xunshi-alloy.com\/pl\/produkt\/sheilding-nickel-soft-magnetic-alloys-mil-n-14411-comp-1-cold-rolled-strip-hymu80\/","title":{"rendered":"S\u0142awy magnetyczne niklu mi\u0119kkie sp\u0142y magnetyczne MIL N-14411 COMP 1 Pasa zamod\u0142oczone HYMU80"},"content":{"rendered":"","protected":false},"excerpt":{"rendered":"","protected":false},"featured_media":2235,"template":"","meta":{"_acf_changed":false,"_seopress_robots_primary_cat":""},"product_brand":[],"product_cat":[53],"product_tag":[],"class_list":{"0":"post-2233","1":"product","2":"type-product","3":"status-publish","4":"has-post-thumbnail","6":"product_cat-soft-magnetic-alloys","8":"first","9":"instock","10":"shipping-taxable","11":"product-type-simple"},"acf":[],"_links":{"self":[{"href":"https:\/\/www.xunshi-alloy.com\/pl\/wp-json\/wp\/v2\/product\/2233","targetHints":{"allow":["GET"]}}],"collection":[{"href":"https:\/\/www.xunshi-alloy.com\/pl\/wp-json\/wp\/v2\/product"}],"about":[{"href":"https:\/\/www.xunshi-alloy.com\/pl\/wp-json\/wp\/v2\/types\/product"}],"wp:featuredmedia":[{"embeddable":true,"href":"https:\/\/www.xunshi-alloy.com\/pl\/wp-json\/wp\/v2\/media\/2235"}],"wp:attachment":[{"href":"https:\/\/www.xunshi-alloy.com\/pl\/wp-json\/wp\/v2\/media?parent=2233"}],"wp:term":[{"taxonomy":"product_brand","embeddable":true,"href":"https:\/\/www.xunshi-alloy.com\/pl\/wp-json\/wp\/v2\/product_brand?post=2233"},{"taxonomy":"product_cat","embeddable":true,"href":"https:\/\/www.xunshi-alloy.com\/pl\/wp-json\/wp\/v2\/product_cat?post=2233"},{"taxonomy":"product_tag","embeddable":true,"href":"https:\/\/www.xunshi-alloy.com\/pl\/wp-json\/wp\/v2\/product_tag?post=2233"}],"curies":[{"name":"wp","href":"https:\/\/api.w.org\/{rel}","templated":true}]}}