
{"id":2236,"date":"2025-10-16T18:17:21","date_gmt":"2025-10-16T10:17:21","guid":{"rendered":"https:\/\/www.xunshi-alloy.com\/?post_type=product&p=2236"},"modified":"2025-10-16T18:17:21","modified_gmt":"2025-10-16T10:17:21","slug":"chromium-nickel-cobalt-alloy-gh4090-creep-resistance-for-cold-drawn-bar-wire-rod","status":"publish","type":"product","link":"https:\/\/www.xunshi-alloy.com\/pl\/produkt\/chromium-nickel-cobalt-alloy-gh4090-creep-resistance-for-cold-drawn-bar-wire-rod\/","title":{"rendered":"Chromu niklu kobaltu GH4090 oporno\u015b\u0107 na po\u015bci\u0105gni\u0119cie przez zimno"},"content":{"rendered":"","protected":false},"excerpt":{"rendered":"","protected":false},"featured_media":2238,"template":"","meta":{"_acf_changed":false,"_seopress_robots_primary_cat":""},"product_brand":[],"product_cat":[52],"product_tag":[],"class_list":{"0":"post-2236","1":"product","2":"type-product","3":"status-publish","4":"has-post-thumbnail","6":"product_cat-nickel-cobalt-alloy","8":"first","9":"instock","10":"shipping-taxable","11":"product-type-simple"},"acf":[],"_links":{"self":[{"href":"https:\/\/www.xunshi-alloy.com\/pl\/wp-json\/wp\/v2\/product\/2236","targetHints":{"allow":["GET"]}}],"collection":[{"href":"https:\/\/www.xunshi-alloy.com\/pl\/wp-json\/wp\/v2\/product"}],"about":[{"href":"https:\/\/www.xunshi-alloy.com\/pl\/wp-json\/wp\/v2\/types\/product"}],"wp:featuredmedia":[{"embeddable":true,"href":"https:\/\/www.xunshi-alloy.com\/pl\/wp-json\/wp\/v2\/media\/2238"}],"wp:attachment":[{"href":"https:\/\/www.xunshi-alloy.com\/pl\/wp-json\/wp\/v2\/media?parent=2236"}],"wp:term":[{"taxonomy":"product_brand","embeddable":true,"href":"https:\/\/www.xunshi-alloy.com\/pl\/wp-json\/wp\/v2\/product_brand?post=2236"},{"taxonomy":"product_cat","embeddable":true,"href":"https:\/\/www.xunshi-alloy.com\/pl\/wp-json\/wp\/v2\/product_cat?post=2236"},{"taxonomy":"product_tag","embeddable":true,"href":"https:\/\/www.xunshi-alloy.com\/pl\/wp-json\/wp\/v2\/product_tag?post=2236"}],"curies":[{"name":"wp","href":"https:\/\/api.w.org\/{rel}","templated":true}]}}