
{"id":2247,"date":"2025-10-16T18:27:21","date_gmt":"2025-10-16T10:27:21","guid":{"rendered":"https:\/\/www.xunshi-alloy.com\/?post_type=product&p=2247"},"modified":"2025-10-16T18:27:21","modified_gmt":"2025-10-16T10:27:21","slug":"high-saturation-soft-magnetic-alloys-vacoflux-27-for-high-performance-actuator-systems","status":"publish","type":"product","link":"https:\/\/www.xunshi-alloy.com\/pl\/produkt\/high-saturation-soft-magnetic-alloys-vacoflux-27-for-high-performance-actuator-systems\/","title":{"rendered":"Wysokie nasycenie mi\u0119kkie sp\u0142y magnetyczne Vacoflux 27 dla system\u00f3w wysokiej"},"content":{"rendered":"","protected":false},"excerpt":{"rendered":"","protected":false},"featured_media":2248,"template":"","meta":{"_acf_changed":false,"_seopress_robots_primary_cat":""},"product_brand":[],"product_cat":[53],"product_tag":[],"class_list":{"0":"post-2247","1":"product","2":"type-product","3":"status-publish","4":"has-post-thumbnail","6":"product_cat-soft-magnetic-alloys","8":"first","9":"instock","10":"shipping-taxable","11":"product-type-simple"},"acf":[],"_links":{"self":[{"href":"https:\/\/www.xunshi-alloy.com\/pl\/wp-json\/wp\/v2\/product\/2247","targetHints":{"allow":["GET"]}}],"collection":[{"href":"https:\/\/www.xunshi-alloy.com\/pl\/wp-json\/wp\/v2\/product"}],"about":[{"href":"https:\/\/www.xunshi-alloy.com\/pl\/wp-json\/wp\/v2\/types\/product"}],"wp:featuredmedia":[{"embeddable":true,"href":"https:\/\/www.xunshi-alloy.com\/pl\/wp-json\/wp\/v2\/media\/2248"}],"wp:attachment":[{"href":"https:\/\/www.xunshi-alloy.com\/pl\/wp-json\/wp\/v2\/media?parent=2247"}],"wp:term":[{"taxonomy":"product_brand","embeddable":true,"href":"https:\/\/www.xunshi-alloy.com\/pl\/wp-json\/wp\/v2\/product_brand?post=2247"},{"taxonomy":"product_cat","embeddable":true,"href":"https:\/\/www.xunshi-alloy.com\/pl\/wp-json\/wp\/v2\/product_cat?post=2247"},{"taxonomy":"product_tag","embeddable":true,"href":"https:\/\/www.xunshi-alloy.com\/pl\/wp-json\/wp\/v2\/product_tag?post=2247"}],"curies":[{"name":"wp","href":"https:\/\/api.w.org\/{rel}","templated":true}]}}