
{"id":955,"date":"2024-08-07T11:06:28","date_gmt":"2024-08-07T03:06:28","guid":{"rendered":"https:\/\/www.xunshi-alloy.com\/?page_id=955"},"modified":"2025-10-17T09:32:41","modified_gmt":"2025-10-17T01:32:41","slug":"blogs","status":"publish","type":"page","link":"https:\/\/www.xunshi-alloy.com\/pt\/blogs\/","title":{"rendered":"Blog"},"content":{"rendered":"<div data-elementor-type=\"wp-page\" data-elementor-id=\"955\" class=\"elementor elementor-955\" data-elementor-post-type=\"page\">\n\t\t\t\t<div class=\"elementor-element elementor-element-3d5d50b e-flex e-con-boxed e-con e-parent\" data-id=\"3d5d50b\" data-element_type=\"container\" data-settings=\"{&quot;background_background&quot;:&quot;classic&quot;,&quot;background_motion_fx_motion_fx_scrolling&quot;:&quot;yes&quot;,&quot;background_motion_fx_translateY_effect&quot;:&quot;yes&quot;,&quot;background_motion_fx_translateY_direction&quot;:&quot;negative&quot;,&quot;background_motion_fx_translateY_speed&quot;:{&quot;unit&quot;:&quot;px&quot;,&quot;size&quot;:6,&quot;sizes&quot;:[]},&quot;background_motion_fx_translateY_affectedRange&quot;:{&quot;unit&quot;:&quot;%&quot;,&quot;size&quot;:&quot;&quot;,&quot;sizes&quot;:{&quot;start&quot;:0,&quot;end&quot;:100}},&quot;background_motion_fx_devices&quot;:[&quot;desktop&quot;,&quot;tablet&quot;,&quot;mobile&quot;]}\">\n\t\t\t\t\t<div class=\"e-con-inner\">\n\t\t<div class=\"elementor-element elementor-element-4989e02 e-con-full e-flex e-con e-child\" data-id=\"4989e02\" data-element_type=\"container\">\n\t\t<div class=\"elementor-element elementor-element-1679e41 e-con-full e-flex e-con e-child\" data-id=\"1679e41\" data-element_type=\"container\">\n\t\t<div class=\"elementor-element elementor-element-73b0bbe e-con-full e-flex e-con e-child\" data-id=\"73b0bbe\" data-element_type=\"container\">\n\t\t<div class=\"elementor-element elementor-element-e6b6110 e-con-full e-flex e-con e-child\" data-id=\"e6b6110\" data-element_type=\"container\">\n\t\t\t\t<div class=\"elementor-element elementor-element-23886f6 elementor-invisible elementor-widget elementor-widget-text-editor\" data-id=\"23886f6\" data-element_type=\"widget\" data-settings=\"{&quot;_animation&quot;:&quot;fadeIn&quot;,&quot;_animation_delay&quot;:480}\" data-widget_type=\"text-editor.default\">\n\t\t\t\t<div class=\"elementor-widget-container\">\n\t\t\t<style>\/*! elementor - v3.21.0 - 18-04-2024 *\/\n.elementor-widget-text-editor.elementor-drop-cap-view-stacked .elementor-drop-cap{background-color:#69727d;color:#fff}.elementor-widget-text-editor.elementor-drop-cap-view-framed .elementor-drop-cap{color:#69727d;border:3px solid;background-color:transparent}.elementor-widget-text-editor:not(.elementor-drop-cap-view-default) .elementor-drop-cap{margin-top:8px}.elementor-widget-text-editor:not(.elementor-drop-cap-view-default) .elementor-drop-cap-letter{width:1em;height:1em}.elementor-widget-text-editor .elementor-drop-cap{float:left;text-align:center;line-height:1;font-size:50px}.elementor-widget-text-editor .elementor-drop-cap-letter{display:inline-block}<\/style>\t\t\t\t<p>Fornecedor profissional de ligas de alto desempenho!<\/p>\t\t\t\t\t\t<\/div>\n\t\t\t\t<\/div>\n\t\t\t\t<\/div>\n\t\t\t\t<\/div>\n\t\t\t\t<\/div>\n\t\t\t\t<\/div>\n\t\t\t\t\t<\/div>\n\t\t\t\t<\/div>\n\t\t<div class=\"elementor-element elementor-element-8911bfe e-flex e-con-boxed e-con e-parent\" data-id=\"8911bfe\" data-element_type=\"container\">\n\t\t\t\t\t<div class=\"e-con-inner\">\n\t\t\t\t<div class=\"elementor-element elementor-element-2af430d elementor-grid-3 elementor-grid-tablet-2 elementor-grid-mobile-1 elementor-posts--thumbnail-top elementor-posts--show-avatar elementor-card-shadow-yes elementor-posts__hover-gradient elementor-widget elementor-widget-posts\" data-id=\"2af430d\" data-element_type=\"widget\" data-settings=\"{&quot;cards_columns&quot;:&quot;3&quot;,&quot;cards_columns_tablet&quot;:&quot;2&quot;,&quot;cards_columns_mobile&quot;:&quot;1&quot;,&quot;cards_row_gap&quot;:{&quot;unit&quot;:&quot;px&quot;,&quot;size&quot;:35,&quot;sizes&quot;:[]},&quot;cards_row_gap_tablet&quot;:{&quot;unit&quot;:&quot;px&quot;,&quot;size&quot;:&quot;&quot;,&quot;sizes&quot;:[]},&quot;cards_row_gap_mobile&quot;:{&quot;unit&quot;:&quot;px&quot;,&quot;size&quot;:&quot;&quot;,&quot;sizes&quot;:[]}}\" data-widget_type=\"posts.cards\">\n\t\t\t\t<div class=\"elementor-widget-container\">\n\t\t\t<link rel=\"stylesheet\" href=\"https:\/\/www.xunshi-alloy.com\/wp-content\/plugins\/elementor-pro\/assets\/css\/widget-posts.min.css\">\t\t<div class=\"elementor-posts-container elementor-posts elementor-posts--skin-cards elementor-grid\">\n\t\t\t\t<article class=\"elementor-post elementor-grid-item post-2299 post type-post status-publish format-standard has-post-thumbnail hentry category-cases\">\n\t\t\t<div class=\"elementor-post__card\">\n\t\t\t\t<a class=\"elementor-post__thumbnail__link\" href=\"https:\/\/www.xunshi-alloy.com\/pt\/cases\/elgiloy-strip-used-in-spring-energized-seal\/\" tabindex=\"-1\" ><div class=\"elementor-post__thumbnail\"><img fetchpriority=\"high\" decoding=\"async\" width=\"500\" height=\"500\" src=\"https:\/\/www.xunshi-alloy.com\/wp-content\/uploads\/sites\/553\/2025\/10\/ad24204136-elgiloy_strip_used_in_spring_energized_seal.jpg\" class=\"attachment-full size-full wp-image-2302\" alt=\"\" srcset=\"https:\/\/www.xunshi-alloy.com\/wp-content\/uploads\/sites\/553\/2025\/10\/ad24204136-elgiloy_strip_used_in_spring_energized_seal.jpg 500w, https:\/\/www.xunshi-alloy.com\/wp-content\/uploads\/sites\/553\/2025\/10\/ad24204136-elgiloy_strip_used_in_spring_energized_seal-12x12.jpg 12w, https:\/\/www.xunshi-alloy.com\/wp-content\/uploads\/sites\/553\/2025\/10\/ad24204136-elgiloy_strip_used_in_spring_energized_seal-300x300.jpg 300w, https:\/\/www.xunshi-alloy.com\/wp-content\/uploads\/sites\/553\/2025\/10\/ad24204136-elgiloy_strip_used_in_spring_energized_seal-100x100.jpg 100w\" sizes=\"(max-width: 500px) 100vw, 500px\" \/><\/div><\/a>\n\t\t\t\t<div class=\"elementor-post__badge\">CASO<\/div>\n\t\t\t\t<div class=\"elementor-post__avatar\">\n\t\t\t<img onerror=\"this.onerror=null;this.src='https:\/\/www.xunshi-alloy.com\/wp-content\/plugins\/wpavatar\/assets\/images\/default-avatar.png';\" alt='Gongjijun' src='https:\/\/cravatar.com\/avatar\/84fcd03d907a5065d1aa5c959852977a?s=128&#038;d=mm&#038;r=g&#038;cache-key=84fcd03d907a5065d1aa5c959852977a' srcset='https:\/\/cravatar.com\/avatar\/84fcd03d907a5065d1aa5c959852977a?s=256&#038;d=mm&#038;r=g&#038;cache-key=84fcd03d907a5065d1aa5c959852977a 2x' class='avatar avatar-128 photo' height='128' width='128'  data-timeout=\"5\"\/>\t\t<\/div>\n\t\t\t\t<div class=\"elementor-post__text\">\n\t\t\t\t<h3 class=\"elementor-post__title\">\n\t\t\t<a href=\"https:\/\/www.xunshi-alloy.com\/pt\/cases\/elgiloy-strip-used-in-spring-energized-seal\/\" >\n\t\t\t\tTiras de Elgiloy para selagem de mola Plus\t\t\t<\/a>\n\t\t<\/h3>\n\t\t\t\t<div class=\"elementor-post__excerpt\">\n\t\t\t<p>As veda\u00e7\u00f5es carregadas por mola s\u00e3o comumente usadas em aeroespacial, energia nuclear, produtos qu\u00edmicos e pl\u00e1sticos, semicondutores e espa\u00e7os de v\u00e1cuo<\/p>\n\t\t<\/div>\n\t\t\n\t\t<a class=\"elementor-post__read-more\" href=\"https:\/\/www.xunshi-alloy.com\/pt\/cases\/elgiloy-strip-used-in-spring-energized-seal\/\" aria-label=\"Saiba mais sobre a tira Elgiloy para veda\u00e7\u00f5es de mola\" tabindex=\"-1\" >\n\t\t\tLeia mais \u00bb\t\t<\/a>\n\n\t\t\t\t<\/div>\n\t\t\t\t\t<\/div>\n\t\t<\/article>\n\t\t\t\t<article class=\"elementor-post elementor-grid-item post-1448 post type-post status-publish format-standard has-post-thumbnail hentry category-cases\">\n\t\t\t<div class=\"elementor-post__card\">\n\t\t\t\t<a class=\"elementor-post__thumbnail__link\" href=\"https:\/\/www.xunshi-alloy.com\/pt\/cases\/316lvm-capillary-for-body-implants-cardiovascular-stent\/\" tabindex=\"-1\" ><div class=\"elementor-post__thumbnail\"><img decoding=\"async\" width=\"500\" height=\"375\" src=\"https:\/\/www.xunshi-alloy.com\/wp-content\/uploads\/sites\/553\/2025\/10\/ad124336552-316lvm_capillary_for_body_implants_cardiovascular_stent.jpg\" class=\"attachment-full size-full wp-image-1451\" alt=\"\" srcset=\"https:\/\/www.xunshi-alloy.com\/wp-content\/uploads\/sites\/553\/2025\/10\/ad124336552-316lvm_capillary_for_body_implants_cardiovascular_stent.jpg 500w, https:\/\/www.xunshi-alloy.com\/wp-content\/uploads\/sites\/553\/2025\/10\/ad124336552-316lvm_capillary_for_body_implants_cardiovascular_stent-16x12.jpg 16w\" sizes=\"(max-width: 500px) 100vw, 500px\" \/><\/div><\/a>\n\t\t\t\t<div class=\"elementor-post__badge\">CASO<\/div>\n\t\t\t\t<div class=\"elementor-post__avatar\">\n\t\t\t<img onerror=\"this.onerror=null;this.src='https:\/\/www.xunshi-alloy.com\/wp-content\/plugins\/wpavatar\/assets\/images\/default-avatar.png';\" alt='Gongjijun' src='https:\/\/cravatar.com\/avatar\/84fcd03d907a5065d1aa5c959852977a?s=128&#038;d=mm&#038;r=g&#038;cache-key=84fcd03d907a5065d1aa5c959852977a' srcset='https:\/\/cravatar.com\/avatar\/84fcd03d907a5065d1aa5c959852977a?s=256&#038;d=mm&#038;r=g&#038;cache-key=84fcd03d907a5065d1aa5c959852977a 2x' class='avatar avatar-128 photo' height='128' width='128'  data-timeout=\"5\"\/>\t\t<\/div>\n\t\t\t\t<div class=\"elementor-post__text\">\n\t\t\t\t<h3 class=\"elementor-post__title\">\n\t\t\t<a href=\"https:\/\/www.xunshi-alloy.com\/pt\/cases\/316lvm-capillary-for-body-implants-cardiovascular-stent\/\" >\n\t\t\t\tTubo capilar 316LVM para implantes corporais stents cardiovasculares\t\t\t<\/a>\n\t\t<\/h3>\n\t\t\t\t<div class=\"elementor-post__excerpt\">\n\t\t\t<p>316LVM = UNS S31673 Especifica\u00e7\u00e3o: ASTM F138 &amp; F139 Caracter\u00edsticas de 316LVM Alta resist\u00eancia Alta resist\u00eancia \u00e0 fadiga Excelente limpeza microsc\u00f3pica Excelente uniformidade estrutural Alto acabamento de superf\u00edcie Introdu\u00e7\u00e3o de 316LVM<\/p>\n\t\t<\/div>\n\t\t\n\t\t<a class=\"elementor-post__read-more\" href=\"https:\/\/www.xunshi-alloy.com\/pt\/cases\/316lvm-capillary-for-body-implants-cardiovascular-stent\/\" aria-label=\"Leia mais sobre Tubo capilar 316LVM para implantes corporais Stent cardiovascular\" tabindex=\"-1\" >\n\t\t\tLeia mais \u00bb\t\t<\/a>\n\n\t\t\t\t<\/div>\n\t\t\t\t\t<\/div>\n\t\t<\/article>\n\t\t\t\t<article class=\"elementor-post elementor-grid-item post-1419 post type-post status-publish format-standard has-post-thumbnail hentry category-news\">\n\t\t\t<div class=\"elementor-post__card\">\n\t\t\t\t<a class=\"elementor-post__thumbnail__link\" href=\"https:\/\/www.xunshi-alloy.com\/pt\/news\/magnetic-shape-memory-alloy-introduction\/\" tabindex=\"-1\" ><div class=\"elementor-post__thumbnail\"><img decoding=\"async\" width=\"500\" height=\"359\" src=\"https:\/\/www.xunshi-alloy.com\/wp-content\/uploads\/sites\/553\/2025\/10\/nd23520166-magnetic_shape_memory_alloy_introduction.jpg\" class=\"attachment-full size-full wp-image-1422\" alt=\"\" srcset=\"https:\/\/www.xunshi-alloy.com\/wp-content\/uploads\/sites\/553\/2025\/10\/nd23520166-magnetic_shape_memory_alloy_introduction.jpg 500w, https:\/\/www.xunshi-alloy.com\/wp-content\/uploads\/sites\/553\/2025\/10\/nd23520166-magnetic_shape_memory_alloy_introduction-18x12.jpg 18w\" sizes=\"(max-width: 500px) 100vw, 500px\" \/><\/div><\/a>\n\t\t\t\t<div class=\"elementor-post__badge\">Not\u00edcias<\/div>\n\t\t\t\t<div class=\"elementor-post__avatar\">\n\t\t\t<img onerror=\"this.onerror=null;this.src='https:\/\/www.xunshi-alloy.com\/wp-content\/plugins\/wpavatar\/assets\/images\/default-avatar.png';\" alt='Gongjijun' src='https:\/\/cravatar.com\/avatar\/84fcd03d907a5065d1aa5c959852977a?s=128&#038;d=mm&#038;r=g&#038;cache-key=84fcd03d907a5065d1aa5c959852977a' srcset='https:\/\/cravatar.com\/avatar\/84fcd03d907a5065d1aa5c959852977a?s=256&#038;d=mm&#038;r=g&#038;cache-key=84fcd03d907a5065d1aa5c959852977a 2x' class='avatar avatar-128 photo' height='128' width='128'  data-timeout=\"5\"\/>\t\t<\/div>\n\t\t\t\t<div class=\"elementor-post__text\">\n\t\t\t\t<h3 class=\"elementor-post__title\">\n\t\t\t<a href=\"https:\/\/www.xunshi-alloy.com\/pt\/news\/magnetic-shape-memory-alloy-introduction\/\" >\n\t\t\t\tIntrodu\u00e7\u00e3o \u00e0 liga magn\u00e9tica com mem\u00f3ria de forma\t\t\t<\/a>\n\t\t<\/h3>\n\t\t\t\t<div class=\"elementor-post__excerpt\">\n\t\t\t<p>As ligas magn\u00e9ticas com mem\u00f3ria de forma s\u00e3o materiais ferromagn\u00e9ticos que geram for\u00e7a e movimento em campos magn\u00e9ticos moderados. Liga de cristal \u00fanico, geralmente feita de n\u00edquel, mangan\u00eas<\/p>\n\t\t<\/div>\n\t\t\n\t\t<a class=\"elementor-post__read-more\" href=\"https:\/\/www.xunshi-alloy.com\/pt\/news\/magnetic-shape-memory-alloy-introduction\/\" aria-label=\"Leia mais sobre Introdu\u00e7\u00e3o \u00e0 liga de mem\u00f3ria de forma magn\u00e9tica\" tabindex=\"-1\" >\n\t\t\tLeia mais \u00bb\t\t<\/a>\n\n\t\t\t\t<\/div>\n\t\t\t\t\t<\/div>\n\t\t<\/article>\n\t\t\t\t<article class=\"elementor-post elementor-grid-item post-1414 post type-post status-publish format-standard has-post-thumbnail hentry category-news\">\n\t\t\t<div class=\"elementor-post__card\">\n\t\t\t\t<a class=\"elementor-post__thumbnail__link\" href=\"https:\/\/www.xunshi-alloy.com\/pt\/news\/ultimet-alloy-now-available-at-xunshi\/\" tabindex=\"-1\" ><div class=\"elementor-post__thumbnail\"><img loading=\"lazy\" decoding=\"async\" width=\"500\" height=\"357\" src=\"https:\/\/www.xunshi-alloy.com\/wp-content\/uploads\/sites\/553\/2025\/10\/nd22133041-ultimet_alloy_now_available_at_xunshi.jpg\" class=\"attachment-full size-full wp-image-1417\" alt=\"\" srcset=\"https:\/\/www.xunshi-alloy.com\/wp-content\/uploads\/sites\/553\/2025\/10\/nd22133041-ultimet_alloy_now_available_at_xunshi.jpg 500w, https:\/\/www.xunshi-alloy.com\/wp-content\/uploads\/sites\/553\/2025\/10\/nd22133041-ultimet_alloy_now_available_at_xunshi-18x12.jpg 18w\" sizes=\"(max-width: 500px) 100vw, 500px\" \/><\/div><\/a>\n\t\t\t\t<div class=\"elementor-post__badge\">Not\u00edcias<\/div>\n\t\t\t\t<div class=\"elementor-post__avatar\">\n\t\t\t<img onerror=\"this.onerror=null;this.src='https:\/\/www.xunshi-alloy.com\/wp-content\/plugins\/wpavatar\/assets\/images\/default-avatar.png';\" alt='Gongjijun' src='https:\/\/cravatar.com\/avatar\/84fcd03d907a5065d1aa5c959852977a?s=128&#038;d=mm&#038;r=g&#038;cache-key=84fcd03d907a5065d1aa5c959852977a' srcset='https:\/\/cravatar.com\/avatar\/84fcd03d907a5065d1aa5c959852977a?s=256&#038;d=mm&#038;r=g&#038;cache-key=84fcd03d907a5065d1aa5c959852977a 2x' class='avatar avatar-128 photo' height='128' width='128'  data-timeout=\"5\"\/>\t\t<\/div>\n\t\t\t\t<div class=\"elementor-post__text\">\n\t\t\t\t<h3 class=\"elementor-post__title\">\n\t\t\t<a href=\"https:\/\/www.xunshi-alloy.com\/pt\/news\/ultimet-alloy-now-available-at-xunshi\/\" >\n\t\t\t\tUltimate \u00ae A liga j\u00e1 est\u00e1 dispon\u00edvel na Xunshi\t\t\t<\/a>\n\t\t<\/h3>\n\t\t\t\t<div class=\"elementor-post__excerpt\">\n\t\t\t<p>A principal caracter\u00edstica \u00e9 a resist\u00eancia ao desgaste semelhante \u00e0 Stellite e a resist\u00eancia \u00e0 corros\u00e3o semelhante \u00e0 Hastelloy em um \u00fanico material altamente sold\u00e1vel, que \u00e9 ULTIMET! Ultimate \u00ae Liga (UNS R31233)<\/p>\n\t\t<\/div>\n\t\t\n\t\t<a class=\"elementor-post__read-more\" href=\"https:\/\/www.xunshi-alloy.com\/pt\/news\/ultimet-alloy-now-available-at-xunshi\/\" aria-label=\"Saiba mais sobre a ULTIMET \u00ae A liga j\u00e1 est\u00e1 dispon\u00edvel na Xunshi\" tabindex=\"-1\" >\n\t\t\tLeia mais \u00bb\t\t<\/a>\n\n\t\t\t\t<\/div>\n\t\t\t\t\t<\/div>\n\t\t<\/article>\n\t\t\t\t<article class=\"elementor-post elementor-grid-item post-1409 post type-post status-publish format-standard has-post-thumbnail hentry category-news\">\n\t\t\t<div class=\"elementor-post__card\">\n\t\t\t\t<a class=\"elementor-post__thumbnail__link\" href=\"https:\/\/www.xunshi-alloy.com\/pt\/news\/s46500-vimvar-premium-melted-stainless-steel-bright-bar-for-medical-applications-available-from-stock\/\" tabindex=\"-1\" ><div class=\"elementor-post__thumbnail\"><img loading=\"lazy\" decoding=\"async\" width=\"500\" height=\"375\" src=\"https:\/\/www.xunshi-alloy.com\/wp-content\/uploads\/sites\/553\/2025\/10\/nd203363694-s46500_vim_var_premium_melted_stainless_steel_bright_bar_for_medical_applications_available_from_stock.jpg\" class=\"attachment-full size-full wp-image-1412\" alt=\"\" srcset=\"https:\/\/www.xunshi-alloy.com\/wp-content\/uploads\/sites\/553\/2025\/10\/nd203363694-s46500_vim_var_premium_melted_stainless_steel_bright_bar_for_medical_applications_available_from_stock.jpg 500w, https:\/\/www.xunshi-alloy.com\/wp-content\/uploads\/sites\/553\/2025\/10\/nd203363694-s46500_vim_var_premium_melted_stainless_steel_bright_bar_for_medical_applications_available_from_stock-16x12.jpg 16w\" sizes=\"(max-width: 500px) 100vw, 500px\" \/><\/div><\/a>\n\t\t\t\t<div class=\"elementor-post__badge\">Not\u00edcias<\/div>\n\t\t\t\t<div class=\"elementor-post__avatar\">\n\t\t\t<img onerror=\"this.onerror=null;this.src='https:\/\/www.xunshi-alloy.com\/wp-content\/plugins\/wpavatar\/assets\/images\/default-avatar.png';\" alt='Gongjijun' src='https:\/\/cravatar.com\/avatar\/84fcd03d907a5065d1aa5c959852977a?s=128&#038;d=mm&#038;r=g&#038;cache-key=84fcd03d907a5065d1aa5c959852977a' srcset='https:\/\/cravatar.com\/avatar\/84fcd03d907a5065d1aa5c959852977a?s=256&#038;d=mm&#038;r=g&#038;cache-key=84fcd03d907a5065d1aa5c959852977a 2x' class='avatar avatar-128 photo' height='128' width='128'  data-timeout=\"5\"\/>\t\t<\/div>\n\t\t\t\t<div class=\"elementor-post__text\">\n\t\t\t\t<h3 class=\"elementor-post__title\">\n\t\t\t<a href=\"https:\/\/www.xunshi-alloy.com\/pt\/news\/s46500-vimvar-premium-melted-stainless-steel-bright-bar-for-medical-applications-available-from-stock\/\" >\n\t\t\t\tS46500 VIM + VAR de alta qualidade fundido haste brilhante de a\u00e7o inoxid\u00e1vel para aplica\u00e7\u00f5es m\u00e9dicas dispon\u00edvel em estoque\t\t\t<\/a>\n\t\t<\/h3>\n\t\t\t\t<div class=\"elementor-post__excerpt\">\n\t\t\t<p>Xunshi tem o orgulho de anunciar que estaremos estocando a barra redonda de a\u00e7o inoxid\u00e1vel S46500 em nosso armaz\u00e9m em Kunshan, prov\u00edncia de Jiangsu, China. S46500<\/p>\n\t\t<\/div>\n\t\t\n\t\t<a class=\"elementor-post__read-more\" href=\"https:\/\/www.xunshi-alloy.com\/pt\/news\/s46500-vimvar-premium-melted-stainless-steel-bright-bar-for-medical-applications-available-from-stock\/\" aria-label=\"Saiba mais sobre S46500 VIM + VAR Aplica\u00e7\u00f5es M\u00e9dicas Alta Qualidade Fundido A\u00e7o Inoxid\u00e1vel Bright Rod Dispon\u00edvel em estoque\" tabindex=\"-1\" >\n\t\t\tLeia mais \u00bb\t\t<\/a>\n\n\t\t\t\t<\/div>\n\t\t\t\t\t<\/div>\n\t\t<\/article>\n\t\t\t\t<\/div>\n\t\t\n\t\t\t\t<\/div>\n\t\t\t\t<\/div>\n\t\t\t\t\t<\/div>\n\t\t\t\t<\/div>\n\t\t\t\t<\/div>","protected":false},"excerpt":{"rendered":"<p>Fornecedor profissional de ligas de alto desempenho!<\/p>","protected":false},"author":2,"featured_media":0,"parent":0,"menu_order":0,"comment_status":"closed","ping_status":"closed","template":"","meta":{"_acf_changed":false,"_seopress_robots_primary_cat":"","footnotes":""},"class_list":["post-955","page","type-page","status-publish","hentry"],"acf":[],"_links":{"self":[{"href":"https:\/\/www.xunshi-alloy.com\/pt\/wp-json\/wp\/v2\/pages\/955","targetHints":{"allow":["GET"]}}],"collection":[{"href":"https:\/\/www.xunshi-alloy.com\/pt\/wp-json\/wp\/v2\/pages"}],"about":[{"href":"https:\/\/www.xunshi-alloy.com\/pt\/wp-json\/wp\/v2\/types\/page"}],"author":[{"embeddable":true,"href":"https:\/\/www.xunshi-alloy.com\/pt\/wp-json\/wp\/v2\/users\/2"}],"replies":[{"embeddable":true,"href":"https:\/\/www.xunshi-alloy.com\/pt\/wp-json\/wp\/v2\/comments?post=955"}],"version-history":[{"count":25,"href":"https:\/\/www.xunshi-alloy.com\/pt\/wp-json\/wp\/v2\/pages\/955\/revisions"}],"predecessor-version":[{"id":2325,"href":"https:\/\/www.xunshi-alloy.com\/pt\/wp-json\/wp\/v2\/pages\/955\/revisions\/2325"}],"wp:attachment":[{"href":"https:\/\/www.xunshi-alloy.com\/pt\/wp-json\/wp\/v2\/media?parent=955"}],"curies":[{"name":"wp","href":"https:\/\/api.w.org\/{rel}","templated":true}]}}