
{"id":1529,"date":"2025-10-16T16:37:21","date_gmt":"2025-10-16T08:37:21","guid":{"rendered":"https:\/\/www.xunshi-alloy.com\/?post_type=product&p=1529"},"modified":"2025-10-16T16:37:21","modified_gmt":"2025-10-16T08:37:21","slug":"ni-span-c-alloy-902-cold-rolled-foil","status":"publish","type":"product","link":"https:\/\/www.xunshi-alloy.com\/pt\/produto\/ni-span-c-alloy-902-cold-rolled-foil\/","title":{"rendered":"Folha laminada a frio da liga NI-SPAN-C 902"},"content":{"rendered":"<p data-cah=\"2\">A liga NI-SPAN-C 902 (N09902) \u00e9 uma liga de Fe-Ni com um coeficiente termoel\u00e1stico control\u00e1vel. O coeficiente de termoelasticidade desejado \u00e9 ent\u00e3o obtido usando o trabalho a frio e o tratamento t\u00e9rmico apropriado. O trabalho a frio gera deforma\u00e7\u00e3o interna, tornando o coeficiente mais negativo. O tratamento t\u00e9rmico em uma faixa de temperatura mais baixa pode aliviar a tens\u00e3o. Eles tamb\u00e9m causam fen\u00f4menos complexos de ordem, tornando o coeficiente mais positivo. O aquecimento a temperaturas acima de cerca de 900\u00b0F provoca a precipita\u00e7\u00e3o de compostos intermet\u00e1licos de tit\u00e2nio e n\u00edquel, removendo o n\u00edquel da matriz e movendo ainda mais o coeficiente na dire\u00e7\u00e3o positiva.<\/p>\n<p> <u><b>Coeficiente termoel\u00e1stico<\/b><\/u><br \/> O coeficiente termoel\u00e1stico (TEC) de uma liga \u00e9 a taxa de mudan\u00e7a de seu m\u00f3dulo el\u00e1stico com a temperatura. Muitas vezes \u00e9 expresso como milh\u00f5es de partes por grau Fahrenheit (por exemplo, 5 x 10-6\/grau Fahrenheit).<br \/> As primeiras medi\u00e7\u00f5es do TEC da liga NI-SPAN-C 902 foram feitas usando um p\u00eandulo de tor\u00e7\u00e3o operando a aproximadamente um ciclo por segundo. Esses testes s\u00e3o a base para a maioria dos dados publicados sobre esta liga. No entanto, quando esses dados foram utilizados para projetar equipamentos de alta frequ\u00eancia, verificou-se que eles produziram resultados incorretos e surgiram situa\u00e7\u00f5es de confus\u00e3o.<br \/> Trabalhos recentes abordaram o problema dos resultados conflitantes. Verificou-se que a frequ\u00eancia operacional tem um efeito significativo na TEC. Os ensaios realizados na Special Metals mostraram que o TEC de uma determinada amostra aumenta com a frequ\u00eancia de ensaio, chegando a cerca de 800 cps. Acima de 800 cps, n\u00e3o h\u00e1 efeito de frequ\u00eancia. As amostras do mesmo calor do material foram testadas a cerca de 1500 cps e em outro laborat\u00f3rio em<br \/> 455.000 cps, dando o mesmo resultado. Burnette, do American National Bureau of Standards, descobriu que um tratamento t\u00e9rmico que produziu TEC zero em amostras testadas em p\u00eandulo de tor\u00e7\u00e3o de 1 cps produziu TEC de +40 em amostras testadas em vibra\u00e7\u00e3o livre de 1000 cps. A Figura 2 mostra um diagrama esquem\u00e1tico destes dados e dos efeitos da frequ\u00eancia.<br \/> Devido ao efeito de frequ\u00eancia, foi necess\u00e1rio delinear duas \u00e1reas de aplica\u00e7\u00e3o da liga NI-SPAN-C 902, cada uma das quais requer um tratamento diferente para obter os melhores resultados. <br \/> Estes s\u00e3o:<br \/> 1. Dispositivos de baixa frequ\u00eancia. Estes incluem molas, tubos de Bourdon, c\u00e1psulas aner\u00f3ides, etc.<br \/> 2. Dispositivos de alta frequ\u00eancia. Diapas\u00f5es, reeds vibrat\u00f3rios, filtros mec\u00e2nicos e instrumentos similares se enquadram nesta categoria.<\/p>\n<p> <u><b>Propriedades f\u00edsicas<\/b><\/u><br \/> Densidade: 8.05g\/cm3<br \/> Temperatura de Curie: 190 \u2103<br \/> Resistividade el\u00e9ctrica: 1,02 \u00b5\u03a9\u2022m<\/p>\n<p> O trabalho a frio leva a um aumento do m\u00f3dulo. Aumentar a temperatura do tratamento t\u00e9rmico tamb\u00e9m pode causar um aumento.<\/p>\n<p> Embora a liga seja projetada para ser usada acima de -50 \u00b0 F, tem sido usada com sucesso em temperaturas mais baixas e alguns dados criog\u00eanicos foram<br \/> Publicado. A liga apresenta uma baixa capacidade de amortecimento (alta Q). O Q do material acabado a frio \u00e9 relatado em torno de 8000, aproximadamente quatro vezes mais alto que o valor da forma recozida.<\/p>","protected":false},"excerpt":{"rendered":"<p>Folha de liga Ni Span C 902<\/p>","protected":false},"featured_media":1531,"template":"","meta":{"_acf_changed":false,"_seopress_robots_primary_cat":""},"product_brand":[],"product_cat":[56,52,54],"product_tag":[],"class_list":{"0":"post-1529","1":"product","2":"type-product","3":"status-publish","4":"has-post-thumbnail","6":"product_cat-magnetostrictive-material","7":"product_cat-nickel-cobalt-alloy","8":"product_cat-superelastic-alloy","10":"first","11":"instock","12":"shipping-taxable","13":"product-type-simple"},"acf":[],"_links":{"self":[{"href":"https:\/\/www.xunshi-alloy.com\/pt\/wp-json\/wp\/v2\/product\/1529","targetHints":{"allow":["GET"]}}],"collection":[{"href":"https:\/\/www.xunshi-alloy.com\/pt\/wp-json\/wp\/v2\/product"}],"about":[{"href":"https:\/\/www.xunshi-alloy.com\/pt\/wp-json\/wp\/v2\/types\/product"}],"wp:featuredmedia":[{"embeddable":true,"href":"https:\/\/www.xunshi-alloy.com\/pt\/wp-json\/wp\/v2\/media\/1531"}],"wp:attachment":[{"href":"https:\/\/www.xunshi-alloy.com\/pt\/wp-json\/wp\/v2\/media?parent=1529"}],"wp:term":[{"taxonomy":"product_brand","embeddable":true,"href":"https:\/\/www.xunshi-alloy.com\/pt\/wp-json\/wp\/v2\/product_brand?post=1529"},{"taxonomy":"product_cat","embeddable":true,"href":"https:\/\/www.xunshi-alloy.com\/pt\/wp-json\/wp\/v2\/product_cat?post=1529"},{"taxonomy":"product_tag","embeddable":true,"href":"https:\/\/www.xunshi-alloy.com\/pt\/wp-json\/wp\/v2\/product_tag?post=1529"}],"curies":[{"name":"wp","href":"https:\/\/api.w.org\/{rel}","templated":true}]}}