
{"id":1618,"date":"2025-10-16T16:37:28","date_gmt":"2025-10-16T08:37:28","guid":{"rendered":"https:\/\/www.xunshi-alloy.com\/?post_type=product&p=1618"},"modified":"2025-10-16T16:37:28","modified_gmt":"2025-10-16T08:37:28","slug":"magnetostrictive-waveguide-wire-diameter-0-50mm","status":"publish","type":"product","link":"https:\/\/www.xunshi-alloy.com\/pt\/produto\/magnetostrictive-waveguide-wire-diameter-0-50mm\/","title":{"rendered":"Di\u00e2metro do fio do guia de ondas magnetostrictivo 0.50mm"},"content":{"rendered":"<p data-cah=\"2\"><b>Guia de onda magnetostrictivo <\/b><br \/> N\u00f3s temos uma rica experi\u00eancia no fornecimento de fios de guia de ondas magnetostrictivos para clientes em todo o mundo, nossos fios s\u00e3o amplamente utilizados para medidores de n\u00edvel magnetostrictivos\/sensores\/sondas. Temos mais de 100.000 metros de arame de liga magnetostrictiva com di\u00e2metro de 0.50mm\/0.75mm\/0.80mm em estoque. Isso nos d\u00e1 a possibilidade de entregar no dia seguinte.<\/p>\n<p> <b>Desempenho do guia de ondas magnetostrictivo<\/b><\/p>\n<table data-cah=\"6\">\n<tbody>\n<tr>\n<td class=\"\"><span class=\"ellipsis\" title=\"Par\u00e2metros\">Par\u00e2metros<\/span><\/td>\n<td class=\"\"><span class=\"ellipsis\" title=\"Comum\">Comum<\/span><\/td>\n<td class=\"\"><span class=\"ellipsis\" title=\"Alta temperatura\">Alta temperatura<\/span><\/td>\n<\/tr>\n<tr>\n<td class=\"\"><span class=\"ellipsis\" title=\"Magnetostric\u00e7\u00e3o\">Magnetostric\u00e7\u00e3o<\/span><\/td>\n<td class=\"\"><span class=\"ellipsis\" title=\"6-8ppm\">6-8ppm<\/span><\/td>\n<td class=\"\"><span class=\"ellipsis\" title=\"25-32 ppm\">25-32 ppm<\/span><\/td>\n<\/tr>\n<tr>\n<td class=\"\"><span class=\"ellipsis\" title=\"Densidade\">Densidade<\/span><\/td>\n<td class=\"\"><span class=\"ellipsis\" title=\"8,05\/cm3\">8,05\/cm3<\/span><\/td>\n<td class=\"\"><span class=\"ellipsis\" title=\"8,3\/cm3\">8,3\/cm3<\/span><\/td>\n<\/tr>\n<tr>\n<td class=\"\"><span class=\"ellipsis\" title=\"Resist\u00eancia \u00e0 tra\u00e7\u00e3o\">Resist\u00eancia \u00e0 tra\u00e7\u00e3o<\/span><\/td>\n<td class=\"\"><span class=\"ellipsis\" title=\"686MPa\">&gt; 686MPa<\/span><\/td>\n<td class=\"\"><span class=\"ellipsis\" title=\"700MPa\">&gt; 700MPa<\/span><\/td>\n<\/tr>\n<tr>\n<td class=\"\"><span class=\"ellipsis\" title=\"Pointe Curie\">Pointe Curie<\/span><\/td>\n<td class=\"\"><span class=\"ellipsis\" title=\"120\u2103\">120\u2103<\/span><\/td>\n<td class=\"\"><span class=\"ellipsis\" title=\"530\u2103\">530\u2103<\/span><\/td>\n<\/tr>\n<tr>\n<td class=\"\"><span class=\"ellipsis\" title=\"Temperatura de funcionamento\">Temperatura de funcionamento<\/span><\/td>\n<td class=\"\"><span class=\"ellipsis\" title=\"-40~80\u00b0C\">-40~80\u00b0C<\/span><\/td>\n<td class=\"\"><span class=\"ellipsis\" title=\"-40~300\u00b0C\">-40~300\u00b0C<\/span><\/td>\n<\/tr>\n<tr>\n<td class=\"\"><span class=\"ellipsis\" title=\"Di\u00e2metro\">Di\u00e2metro<\/span><\/td>\n<td class=\"\"><span class=\"ellipsis\" title=\"0.35mm\/0.50mm\/0.75mm\/0.80mm\/1.0mm\">0.35mm\/0.50mm\/0.75mm\/0.80mm\/1.0mm<\/span><\/td>\n<td class=\"\"><span class=\"ellipsis\" title=\"\"><\/span><\/td>\n<\/tr>\n<\/tbody>\n<\/table>\n<p data-cah=\"2\"><b>Aplica\u00e7\u00e3o<\/b><br \/> Fio de guia de ondas magnetostrictivo para medidores de n\u00edvel, sensores de n\u00edvel e sensores de deslocamento.<\/p>\n<p> <b>Sobre nossos produtos Fio de guia de ondas magnetostrictivo<\/b><br \/> Nossos produtos t\u00eam sido amplamente utilizados na China, al\u00e9m do dom\u00e9stico tamb\u00e9m exportados para a Turquia, Cor\u00e9ia do Sul, Ir\u00e3, \u00c1frica do Sul e muitos outros pa\u00edses.<br \/> Nossos fios de guia de ondas foram testados por muitas empresas que produzem sensores magnetostrictivos. E os resultados dos testes s\u00e3o bons. N\u00f3s podemos fornecer amostras gratuitamente se necess\u00e1rio.<br \/> N\u00f3s somos o fornecedor mais profissional do fio de guia de ondas magnetostrictivo na China. Bem-vindo a entrar em contato conosco<\/p>","protected":false},"excerpt":{"rendered":"<p>Guia de onda magnetostrictivo<\/p>","protected":false},"featured_media":1622,"template":"","meta":{"_acf_changed":false,"_seopress_robots_primary_cat":""},"product_brand":[],"product_cat":[56],"product_tag":[],"class_list":{"0":"post-1618","1":"product","2":"type-product","3":"status-publish","4":"has-post-thumbnail","6":"product_cat-magnetostrictive-material","8":"first","9":"instock","10":"shipping-taxable","11":"product-type-simple"},"acf":[],"_links":{"self":[{"href":"https:\/\/www.xunshi-alloy.com\/pt\/wp-json\/wp\/v2\/product\/1618","targetHints":{"allow":["GET"]}}],"collection":[{"href":"https:\/\/www.xunshi-alloy.com\/pt\/wp-json\/wp\/v2\/product"}],"about":[{"href":"https:\/\/www.xunshi-alloy.com\/pt\/wp-json\/wp\/v2\/types\/product"}],"wp:featuredmedia":[{"embeddable":true,"href":"https:\/\/www.xunshi-alloy.com\/pt\/wp-json\/wp\/v2\/media\/1622"}],"wp:attachment":[{"href":"https:\/\/www.xunshi-alloy.com\/pt\/wp-json\/wp\/v2\/media?parent=1618"}],"wp:term":[{"taxonomy":"product_brand","embeddable":true,"href":"https:\/\/www.xunshi-alloy.com\/pt\/wp-json\/wp\/v2\/product_brand?post=1618"},{"taxonomy":"product_cat","embeddable":true,"href":"https:\/\/www.xunshi-alloy.com\/pt\/wp-json\/wp\/v2\/product_cat?post=1618"},{"taxonomy":"product_tag","embeddable":true,"href":"https:\/\/www.xunshi-alloy.com\/pt\/wp-json\/wp\/v2\/product_tag?post=1618"}],"curies":[{"name":"wp","href":"https:\/\/api.w.org\/{rel}","templated":true}]}}