
{"id":2008,"date":"2025-10-16T17:31:21","date_gmt":"2025-10-16T09:31:21","guid":{"rendered":"https:\/\/www.xunshi-alloy.com\/?post_type=product&p=2008"},"modified":"2025-10-16T17:31:21","modified_gmt":"2025-10-16T09:31:21","slug":"astm-f1058-r30003-cobalt-chromium-nickel-molybdenum-alloy-non-magnetic-alloys","status":"publish","type":"product","link":"https:\/\/www.xunshi-alloy.com\/pt\/produto\/astm-f1058-r30003-cobalt-chromium-nickel-molybdenum-alloy-non-magnetic-alloys\/","title":{"rendered":"ASTM F1058 R30003 liga n\u00e3o magn\u00e9tica de cobalto cromo n\u00edquel molibd\u00eanio"},"content":{"rendered":"","protected":false},"excerpt":{"rendered":"","protected":false},"featured_media":2012,"template":"","meta":{"_acf_changed":false,"_seopress_robots_primary_cat":""},"product_brand":[],"product_cat":[54],"product_tag":[],"class_list":{"0":"post-2008","1":"product","2":"type-product","3":"status-publish","4":"has-post-thumbnail","6":"product_cat-superelastic-alloy","8":"first","9":"instock","10":"shipping-taxable","11":"product-type-simple"},"acf":[],"_links":{"self":[{"href":"https:\/\/www.xunshi-alloy.com\/pt\/wp-json\/wp\/v2\/product\/2008","targetHints":{"allow":["GET"]}}],"collection":[{"href":"https:\/\/www.xunshi-alloy.com\/pt\/wp-json\/wp\/v2\/product"}],"about":[{"href":"https:\/\/www.xunshi-alloy.com\/pt\/wp-json\/wp\/v2\/types\/product"}],"wp:featuredmedia":[{"embeddable":true,"href":"https:\/\/www.xunshi-alloy.com\/pt\/wp-json\/wp\/v2\/media\/2012"}],"wp:attachment":[{"href":"https:\/\/www.xunshi-alloy.com\/pt\/wp-json\/wp\/v2\/media?parent=2008"}],"wp:term":[{"taxonomy":"product_brand","embeddable":true,"href":"https:\/\/www.xunshi-alloy.com\/pt\/wp-json\/wp\/v2\/product_brand?post=2008"},{"taxonomy":"product_cat","embeddable":true,"href":"https:\/\/www.xunshi-alloy.com\/pt\/wp-json\/wp\/v2\/product_cat?post=2008"},{"taxonomy":"product_tag","embeddable":true,"href":"https:\/\/www.xunshi-alloy.com\/pt\/wp-json\/wp\/v2\/product_tag?post=2008"}],"curies":[{"name":"wp","href":"https:\/\/api.w.org\/{rel}","templated":true}]}}